{"id":3591,"date":"2023-01-12T14:55:37","date_gmt":"2023-01-12T13:55:37","guid":{"rendered":"https:\/\/ajax-alarme.ch\/product\/motioncam-phod-bewegungsmelder-mit-foto-phod-funktion-photo-on-demand\/"},"modified":"2025-08-05T19:45:36","modified_gmt":"2025-08-05T17:45:36","slug":"motioncam-phod-bewegungsmelder-mit-foto-phod-funktion-photo-on-demand","status":"publish","type":"product","link":"https:\/\/ajax-alarme.ch\/de\/product\/motioncam-phod-bewegungsmelder-mit-foto-phod-funktion-photo-on-demand\/","title":{"rendered":"MotionCam PhOd &#8211; Bewegungsmelder mit Foto + PhOD-Funktion (Photo On Demand)"},"content":{"rendered":"<div class=\"row\"  id=\"row-1655959324\">\n\n\t<div id=\"col-720712424\" class=\"col medium-8 small-12 large-8\"  >\n\t\t\t\t<div class=\"col-inner\"  >\n\t\t\t\n\t\t\t\n<h2><strong>Mit dem MotionCam-Bewegungsmelder mit Foto-on-Demand-Option.<\/strong><\/h2>\n<p>  Sie k\u00f6nnen die Aufnahme eines Bildes zu einem beliebigen Zeitpunkt anfordern. Au\u00dferdem wissen Sie, was in Ihrem Haus vor sich geht, noch bevor die Einbrecher merken, dass sie enttarnt wurden. Nach dem Alarm sendet der Sensor eine Reihe von animierten Fotos auf das Smartphone, um die Situation einzusch\u00e4tzen. MotionCam wurde entwickelt, um f\u00fcr Ihre Sicherheit zu sorgen, nicht um Ihr Privatleben zu \u00fcberwachen. Die Kamera wird nur als Reaktion auf einen Bewegungserkennungsalarm aktiviert. Die Daten werden w\u00e4hrend des gesamten \u00dcbertragungs- und Speichervorgangs verschl\u00fcsselt, niemand analysiert sie, Ihre Privatsph\u00e4re wird respektiert. Dieser Detektor zerstreut den Verdacht, wenn eine verd\u00e4chtige Bewegung erkannt wird. Er ignoriert Haustiere (mit einer Gr\u00f6\u00dfe von weniger als 50 cm) mithilfe des SmartDetect-Algorithmus. Im Zweifelsfall wird der zugesandte Fotoreport best\u00e4tigen, dass keine Gefahr besteht.<\/p>\n\t\t<\/div>\n\t\t\t\t\t<\/div>\n\n\t\n\n\t<div id=\"col-203974052\" class=\"col medium-4 small-12 large-4\"  >\n\t\t\t\t<div class=\"col-inner\"  >\n\t\t\t\n\t\t\t\n\t<div class=\"img has-hover x md-x lg-x y md-y lg-y\" id=\"image_324159365\">\n\t\t\t\t\t\t\t\t<div class=\"img-inner dark\" >\n\t\t\t<img loading=\"lazy\" decoding=\"async\" width=\"534\" height=\"504\" src=\"https:\/\/ajax-alarme.ch\/wp-content\/uploads\/2021\/02\/Motioncamex.gif\" class=\"attachment-large size-large\" alt=\"\" \/>\t\t\t\t\t\t\n\t\t\t\t\t<\/div>\n\t\t\t\t\t\t\t\t\n<style>\n#image_324159365 {\n  width: 100%;\n}\n<\/style>\n\t<\/div>\n\t\n<div class=\"is-divider divider clearfix\" style=\"max-width:0px;\"><\/div>\n\t\t<\/div>\n\t\t\t\t\t<\/div>\n\n\t\n<\/div>\n<div class=\"row\"  id=\"row-683882120\">\n\n\t<div id=\"col-504057202\" class=\"col medium-6 small-12 large-6\"  >\n\t\t\t\t<div class=\"col-inner\"  >\n\t\t\t\n\t\t\t\n\t<div class=\"img has-hover x md-x lg-x y md-y lg-y\" id=\"image_418260967\">\n\t\t\t\t\t\t\t\t<div class=\"img-inner dark\" >\n\t\t\t<img loading=\"lazy\" decoding=\"async\" width=\"750\" height=\"500\" src=\"https:\/\/ajax-alarme.ch\/wp-content\/uploads\/2021\/02\/mountmc.jpg\" class=\"attachment-large size-large\" alt=\"\" srcset=\"https:\/\/ajax-alarme.ch\/wp-content\/uploads\/2021\/02\/mountmc.jpg 750w, https:\/\/ajax-alarme.ch\/wp-content\/uploads\/2021\/02\/mountmc-510x340.jpg 510w, https:\/\/ajax-alarme.ch\/wp-content\/uploads\/2021\/02\/mountmc-600x400.jpg 600w\" sizes=\"auto, (max-width: 750px) 100vw, 750px\" \/>\t\t\t\t\t\t\n\t\t\t\t\t<\/div>\n\t\t\t\t\t\t\t\t\n<style>\n#image_418260967 {\n  width: 100%;\n}\n<\/style>\n\t<\/div>\n\t\n\t\t<\/div>\n\t\t\t\t\t<\/div>\n\n\t\n\n\t<div id=\"col-1330016779\" class=\"col medium-6 small-12 large-6\"  >\n\t\t\t\t<div class=\"col-inner\"  >\n\t\t\t\n\t\t\t\n<h2>Technische Spezifikationen<\/h2>\n<p>  Kompatibilit\u00e4t: Nur Foto kompatible Zentrale Erfassungssystem: PIR Bewegungserkennungswinkel: H88,5\u00b0 \/ V80\u00b0 Max. Bewegungserkennungsentfernung: 12 m Winkel des Fotosensors: 90\u00b0 Aufl\u00f6sung: 640 x 480 Kompatible Tiere: Ja, bis zu 20 kg \/ bis zu 50 cm Schutzart: IP50 Stromversorgung: 2 x CR123A Temperatur: -10\u00b0C bis +40\u00b0C Ma\u00dfe: 135 x 70 x 60 mm Gewicht: 167 g<\/p>\n\t\t<\/div>\n\t\t\t\t\t<\/div>\n\n\t\n<\/div>\n<div class=\"video video-fit mb\" style=\"padding-top:56.25%;\"><p><iframe loading=\"lazy\" title=\"AJAX MotionCam\" width=\"1020\" height=\"574\" src=\"https:\/\/www.youtube.com\/embed\/TosiyjGgrWg?feature=oembed\" frameborder=\"0\" allow=\"accelerometer; autoplay; clipboard-write; encrypted-media; gyroscope; picture-in-picture; web-share\" allowfullscreen><\/iframe><\/p>\n<\/div>\n","protected":false},"excerpt":{"rendered":"<p class=\"product-title product_title entry-title\">Dieses Ger\u00e4t ist ein Bewegungsmelder mit einer eingebauten Kamera. Das Bild wird zum Zeitpunkt des Alarms erfasst, aber auch auf Ihren Wunsch \u00fcber die mobile Anwendung. Die Kamera nimmt nur Fotos auf (1 bis 5 Fotos in Serie). Das Ger\u00e4t erkennt die Anwesenheit von Personen \u00fcber den IR-Pegel mithilfe eines PIR-Sensors in einem Bereich von bis zu 12 m.<\/p>\n","protected":false},"featured_media":5227,"comment_status":"closed","ping_status":"closed","template":"","meta":[],"product_brand":[],"product_cat":[140],"product_tag":[],"class_list":{"0":"post-3591","1":"product","2":"type-product","3":"status-publish","4":"has-post-thumbnail","6":"product_cat-bewegungsmelder","8":"first","9":"instock","10":"sale","11":"shipping-taxable","12":"purchasable","13":"product-type-variable"},"_links":{"self":[{"href":"https:\/\/ajax-alarme.ch\/de\/wp-json\/wp\/v2\/product\/3591","targetHints":{"allow":["GET"]}}],"collection":[{"href":"https:\/\/ajax-alarme.ch\/de\/wp-json\/wp\/v2\/product"}],"about":[{"href":"https:\/\/ajax-alarme.ch\/de\/wp-json\/wp\/v2\/types\/product"}],"replies":[{"embeddable":true,"href":"https:\/\/ajax-alarme.ch\/de\/wp-json\/wp\/v2\/comments?post=3591"}],"wp:featuredmedia":[{"embeddable":true,"href":"https:\/\/ajax-alarme.ch\/de\/wp-json\/wp\/v2\/media\/5227"}],"wp:attachment":[{"href":"https:\/\/ajax-alarme.ch\/de\/wp-json\/wp\/v2\/media?parent=3591"}],"wp:term":[{"taxonomy":"product_brand","embeddable":true,"href":"https:\/\/ajax-alarme.ch\/de\/wp-json\/wp\/v2\/product_brand?post=3591"},{"taxonomy":"product_cat","embeddable":true,"href":"https:\/\/ajax-alarme.ch\/de\/wp-json\/wp\/v2\/product_cat?post=3591"},{"taxonomy":"product_tag","embeddable":true,"href":"https:\/\/ajax-alarme.ch\/de\/wp-json\/wp\/v2\/product_tag?post=3591"}],"curies":[{"name":"wp","href":"https:\/\/api.w.org\/{rel}","templated":true}]}}