{"id":3562,"date":"2021-02-27T15:23:59","date_gmt":"2021-02-27T14:23:59","guid":{"rendered":"https:\/\/ajax-alarme.ch\/product\/hub-plus-ajax-alarmverwaltungszentrale-3g-ethernet-wifi-kamera\/"},"modified":"2024-09-13T18:37:46","modified_gmt":"2024-09-13T16:37:46","slug":"hub-plus-ajax-alarmverwaltungszentrale-3g-ethernet-wifi-kamera","status":"publish","type":"product","link":"https:\/\/ajax-alarme.ch\/de\/product\/hub-plus-ajax-alarmverwaltungszentrale-3g-ethernet-wifi-kamera\/","title":{"rendered":"HUB Plus &#8211; AJAX-Alarmverwaltungszentrale (3G, Ethernet, Wifi, Kamera)"},"content":{"rendered":"<div class=\"row\"  id=\"row-1465445394\">\n\n\t<div id=\"col-1520899759\" class=\"col medium-6 small-12 large-6\"  >\n\t\t\t\t<div class=\"col-inner\"  >\n\t\t\t\n\t\t\t\n<div class=\"is-divider divider clearfix\" style=\"max-width:0px;\"><\/div>\n<h2><strong>HUB+ AJAX<\/strong><\/h2>\n<p>  Das Ger\u00e4t sammelt Informationen \u00fcber den Betrieb der Melder in einem verschl\u00fcsselten Format, analysiert die Daten und benachrichtigt im Falle eines Alarms den Eigent\u00fcmer des Systems. Das intelligente Bedienfeld des Hub ist ein wichtiger Teil des Ajax-Sicherheitssystems. Dieser HUB nutzt GSM 3G oder Ethernet (verbunden mit Ihrem Internet-Router), sendet Ihnen Alarme und Benachrichtigungen und verwaltet das gesamte System. Es ist das Gehirn f\u00fcr Ihre Sicherheit. Bei einem Stromausfall und l\u00e4uft bis zu 15 Stunden mit der eingebauten Notstrombatterie. Er \u00fcberpr\u00fcft die Funktionalit\u00e4t der Melder mindestens alle 12 Sekunden.<\/p>\n\t\t<\/div>\n\t\t\t\t\t<\/div>\n\n\t\n\n\t<div id=\"col-1504861059\" class=\"col medium-6 small-12 large-6\"  >\n\t\t\t\t<div class=\"col-inner\"  >\n\t\t\t\n\t\t\t\n\t<div class=\"img has-hover x md-x lg-x y md-y lg-y\" id=\"image_26531341\">\n\t\t\t\t\t\t\t\t<div class=\"img-inner dark\" >\n\t\t\t<img loading=\"lazy\" decoding=\"async\" width=\"800\" height=\"800\" src=\"https:\/\/ajax-alarme.ch\/wp-content\/uploads\/2021\/02\/hub-ouvert.jpg\" class=\"attachment-large size-large\" alt=\"\" srcset=\"https:\/\/ajax-alarme.ch\/wp-content\/uploads\/2021\/02\/hub-ouvert.jpg 800w, https:\/\/ajax-alarme.ch\/wp-content\/uploads\/2021\/02\/hub-ouvert-247x247.jpg 247w, https:\/\/ajax-alarme.ch\/wp-content\/uploads\/2021\/02\/hub-ouvert-100x100.jpg 100w, https:\/\/ajax-alarme.ch\/wp-content\/uploads\/2021\/02\/hub-ouvert-510x510.jpg 510w, https:\/\/ajax-alarme.ch\/wp-content\/uploads\/2021\/02\/hub-ouvert-400x400.jpg 400w, https:\/\/ajax-alarme.ch\/wp-content\/uploads\/2021\/02\/hub-ouvert-280x280.jpg 280w, https:\/\/ajax-alarme.ch\/wp-content\/uploads\/2021\/02\/hub-ouvert-768x768.jpg 768w, https:\/\/ajax-alarme.ch\/wp-content\/uploads\/2021\/02\/hub-ouvert-300x300.jpg 300w, https:\/\/ajax-alarme.ch\/wp-content\/uploads\/2021\/02\/hub-ouvert-600x600.jpg 600w\" sizes=\"auto, (max-width: 800px) 100vw, 800px\" \/>\t\t\t\t\t\t\n\t\t\t\t\t<\/div>\n\t\t\t\t\t\t\t\t\n<style>\n#image_26531341 {\n  width: 100%;\n}\n<\/style>\n\t<\/div>\n\t\n\t\t<\/div>\n\t\t\t\t\t<\/div>\n\n\t\n<\/div>\n<div class=\"is-divider divider clearfix\" style=\"max-width:0px;\"><\/div>\n<div class=\"row\"  id=\"row-1405304100\">\n\n\t<div id=\"col-1318443212\" class=\"col medium-6 small-12 large-6\"  >\n\t\t\t\t<div class=\"col-inner\"  >\n\t\t\t\n\t\t\t\n<div class=\"video video-fit mb\" style=\"padding-top:56.25%;\"><p><iframe loading=\"lazy\" title=\"Sc\u00e9narios (b\u00eata) : Comment configurer la r\u00e9ponse \u00e0 l&#039;armement\/d\u00e9sarmement d&#039;un appareil automatis\u00e9\" width=\"1020\" height=\"574\" src=\"https:\/\/www.youtube.com\/embed\/cEHZQWFuXBo?feature=oembed\" frameborder=\"0\" allow=\"accelerometer; autoplay; clipboard-write; encrypted-media; gyroscope; picture-in-picture; web-share\" referrerpolicy=\"strict-origin-when-cross-origin\" allowfullscreen><\/iframe><\/p>\n<\/div>\n\t<div class=\"img has-hover x md-x lg-x y md-y lg-y\" id=\"image_2000419094\">\n\t\t\t\t\t\t\t\t<div class=\"img-inner dark\" >\n\t\t\t<img loading=\"lazy\" decoding=\"async\" width=\"800\" height=\"420\" src=\"https:\/\/ajax-alarme.ch\/wp-content\/uploads\/2021\/02\/hubsenario.jpg\" class=\"attachment-large size-large\" alt=\"\" srcset=\"https:\/\/ajax-alarme.ch\/wp-content\/uploads\/2021\/02\/hubsenario.jpg 800w, https:\/\/ajax-alarme.ch\/wp-content\/uploads\/2021\/02\/hubsenario-510x268.jpg 510w, https:\/\/ajax-alarme.ch\/wp-content\/uploads\/2021\/02\/hubsenario-762x400.jpg 762w, https:\/\/ajax-alarme.ch\/wp-content\/uploads\/2021\/02\/hubsenario-768x403.jpg 768w, https:\/\/ajax-alarme.ch\/wp-content\/uploads\/2021\/02\/hubsenario-600x315.jpg 600w\" sizes=\"auto, (max-width: 800px) 100vw, 800px\" \/>\t\t\t\t\t\t\n\t\t\t\t\t<\/div>\n\t\t\t\t\t\t\t\t\n<style>\n#image_2000419094 {\n  width: 100%;\n}\n<\/style>\n\t<\/div>\n\t\n\t\t<\/div>\n\t\t\t\t\t<\/div>\n\n\t\n\n\t<div id=\"col-2001463257\" class=\"col medium-6 small-12 large-6\"  >\n\t\t\t\t<div class=\"col-inner\"  >\n\t\t\t\n\t\t\t\n<div class=\"is-divider divider clearfix\" style=\"max-width:0px;\"><\/div>\n<h2><strong>VORTEILE &amp; SZENARIEN<\/strong><\/h2>\n<p>  Das Ger\u00e4t sammelt Informationen \u00fcber den Betrieb des Melders in einem verschl\u00fcsselten Format, analysiert die Daten und alarmiert den Eigent\u00fcmer des Systems und die Alarmzentrale im Falle eines Alarms innerhalb von Millisekunden. Sofort einsatzbereit. Es wird mithilfe der mobilen App eingerichtet und die Melder werden mit einem Klick verbunden. Mit der SmartBracket-Halterung k\u00f6nnen Sie ihn in wenigen Minuten aufh\u00e4ngen. Nutzen Sie Ajax-Szenarien nicht nur, um dem Sicherheitssystem beizubringen, wie es Bedrohungen melden kann, sondern auch, um sich aktiv dagegen zu wehren. Passen Sie den Nachtmodus an die Uhrzeiten an, schalten Sie die B\u00fcrobeleuchtung aus, wenn sie eingeschaltet ist, programmieren Sie die Scheinwerfer so, dass sie sich einschalten, wenn die Bewegungsmelder im Au\u00dfenbereich eine unbefugte Anwesenheit feststellen, oder implementieren Sie ein System zur automatischen Vermeidung von \u00dcberschwemmungen. Das System f\u00fchrt Szenarien auch dann weiter aus, wenn die Verbindung zur Ajax Cloud verloren geht.<\/p>\n\t\t<\/div>\n\t\t\t\t\t<\/div>\n\n\t\n<\/div>\n<div class=\"is-divider divider clearfix\" style=\"max-width:0px;\"><\/div>\n<div class=\"row\"  id=\"row-1745024060\">\n\n\t<div id=\"col-395307390\" class=\"col small-12 large-12\"  >\n\t\t\t\t<div class=\"col-inner\"  >\n\t\t\t\n\t\t\t\n\t<div class=\"img has-hover x md-x lg-x y md-y lg-y\" id=\"image_1938301753\">\n\t\t\t\t\t\t\t\t<div class=\"img-inner dark\" >\n\t\t\t<img loading=\"lazy\" decoding=\"async\" width=\"1020\" height=\"570\" src=\"https:\/\/ajax-alarme.ch\/wp-content\/uploads\/2021\/02\/Comparatif-HUB-1400x783.jpg\" class=\"attachment-large size-large\" alt=\"\" srcset=\"https:\/\/ajax-alarme.ch\/wp-content\/uploads\/2021\/02\/Comparatif-HUB-1400x783.jpg 1400w, https:\/\/ajax-alarme.ch\/wp-content\/uploads\/2021\/02\/Comparatif-HUB-510x285.jpg 510w, https:\/\/ajax-alarme.ch\/wp-content\/uploads\/2021\/02\/Comparatif-HUB-715x400.jpg 715w, https:\/\/ajax-alarme.ch\/wp-content\/uploads\/2021\/02\/Comparatif-HUB-768x430.jpg 768w, https:\/\/ajax-alarme.ch\/wp-content\/uploads\/2021\/02\/Comparatif-HUB-1536x859.jpg 1536w, https:\/\/ajax-alarme.ch\/wp-content\/uploads\/2021\/02\/Comparatif-HUB-600x336.jpg 600w, https:\/\/ajax-alarme.ch\/wp-content\/uploads\/2021\/02\/Comparatif-HUB.jpg 1612w\" sizes=\"auto, (max-width: 1020px) 100vw, 1020px\" \/>\t\t\t\t\t\t\n\t\t\t\t\t<\/div>\n\t\t\t\t\t\t\t\t\n<style>\n#image_1938301753 {\n  width: 100%;\n}\n<\/style>\n\t<\/div>\n\t\n\t\t<\/div>\n\t\t\t\t\t<\/div>\n\n\t\n<\/div>\n","protected":false},"excerpt":{"rendered":"<div id=\"short_description_block\">\n<div id=\"short_description_content\" class=\"rte align_justify\">Mit der 3G\/LAN\/Wifi-Alarmzentrale k\u00f6nnen Sie bis zu 100 Ger\u00e4te haben und Ihre Alarmanlage ganz einfach von Ihrem Smartphone aus steuern. Die Gr\u00f6\u00dfe und das Design dieser Zentrale erm\u00f6glichen es, dass das Herzst\u00fcck des Systems v\u00f6llig unauff\u00e4llig ist.<\/div>\n<\/div>\n","protected":false},"featured_media":2733,"comment_status":"closed","ping_status":"closed","template":"","meta":[],"product_brand":[],"product_cat":[162],"product_tag":[],"class_list":{"0":"post-3562","1":"product","2":"type-product","3":"status-publish","4":"has-post-thumbnail","6":"product_cat-zentrale-hub-ajax","8":"first","9":"instock","10":"sale","11":"shipping-taxable","12":"purchasable","13":"product-type-variable"},"_links":{"self":[{"href":"https:\/\/ajax-alarme.ch\/de\/wp-json\/wp\/v2\/product\/3562","targetHints":{"allow":["GET"]}}],"collection":[{"href":"https:\/\/ajax-alarme.ch\/de\/wp-json\/wp\/v2\/product"}],"about":[{"href":"https:\/\/ajax-alarme.ch\/de\/wp-json\/wp\/v2\/types\/product"}],"replies":[{"embeddable":true,"href":"https:\/\/ajax-alarme.ch\/de\/wp-json\/wp\/v2\/comments?post=3562"}],"wp:featuredmedia":[{"embeddable":true,"href":"https:\/\/ajax-alarme.ch\/de\/wp-json\/wp\/v2\/media\/2733"}],"wp:attachment":[{"href":"https:\/\/ajax-alarme.ch\/de\/wp-json\/wp\/v2\/media?parent=3562"}],"wp:term":[{"taxonomy":"product_brand","embeddable":true,"href":"https:\/\/ajax-alarme.ch\/de\/wp-json\/wp\/v2\/product_brand?post=3562"},{"taxonomy":"product_cat","embeddable":true,"href":"https:\/\/ajax-alarme.ch\/de\/wp-json\/wp\/v2\/product_cat?post=3562"},{"taxonomy":"product_tag","embeddable":true,"href":"https:\/\/ajax-alarme.ch\/de\/wp-json\/wp\/v2\/product_tag?post=3562"}],"curies":[{"name":"wp","href":"https:\/\/api.w.org\/{rel}","templated":true}]}}