{"id":3559,"date":"2022-01-04T09:23:46","date_gmt":"2022-01-04T08:23:46","guid":{"rendered":"https:\/\/ajax-alarme.ch\/product\/rex2-intelligenter-funksignal-reichweitenverlaengerer-mit-motioncam-kompatibilitaet\/"},"modified":"2025-08-05T19:45:41","modified_gmt":"2025-08-05T17:45:41","slug":"rex2-intelligenter-funksignal-reichweitenverlaengerer-mit-motioncam-kompatibilitaet","status":"publish","type":"product","link":"https:\/\/ajax-alarme.ch\/de\/product\/rex2-intelligenter-funksignal-reichweitenverlaengerer-mit-motioncam-kompatibilitaet\/","title":{"rendered":"REX2 &#8211; Intelligenter Funksignal-Reichweitenverl\u00e4ngerer. Mit MotionCam-Kompatibilit\u00e4t"},"content":{"rendered":"<div class=\"row\"  id=\"row-1230338689\">\n\n\t<div id=\"col-1400722587\" class=\"col medium-5 small-12 large-5\"  >\n\t\t\t\t<div class=\"col-inner\"  >\n\t\t\t\n\t\t\t\n<div class=\"is-divider divider clearfix\" style=\"max-width:0px;\"><\/div>\n<div class=\"is-divider divider clearfix\" style=\"max-width:0px;\"><\/div>\n<h2><strong>ReX 2<\/strong><\/h2>\n<p>  1. sendet Alarme innerhalb von 0,3 Sekunden 2. Kommuniziert aus einer Entfernung von bis zu 1800 m.<br \/>\nm 3. Betrieb bis zu 35 Stunden mit der Batterie.  4. Mit MotionCam-Kompatibilit\u00e4t<\/p>\n\t\t<\/div>\n\t\t\t\t\t<\/div>\n\n\t\n\n\t<div id=\"col-1328106811\" class=\"col medium-7 small-12 large-7\"  >\n\t\t\t\t<div class=\"col-inner\"  >\n\t\t\t\n\t\t\t\n\t<div class=\"img has-hover x md-x lg-x y md-y lg-y\" id=\"image_1864672774\">\n\t\t\t\t\t\t\t\t<div class=\"img-inner dark\" >\n\t\t\t<img loading=\"lazy\" decoding=\"async\" width=\"600\" height=\"374\" src=\"https:\/\/ajax-alarme.ch\/wp-content\/uploads\/2021\/02\/rex.gif\" class=\"attachment-large size-large\" alt=\"\" \/>\t\t\t\t\t\t\n\t\t\t\t\t<\/div>\n\t\t\t\t\t\t\t\t\n<style>\n#image_1864672774 {\n  width: 100%;\n}\n<\/style>\n\t<\/div>\n\t\n\t\t<\/div>\n\t\t\t\t\t<\/div>\n\n\t\n<\/div>\n<div class=\"is-divider divider clearfix\" style=\"max-width:0px;height:50px;\"><\/div>\n<div class=\"row\"  id=\"row-459632797\">\n\n\t<div id=\"col-845030461\" class=\"col medium-6 small-12 large-6\"  >\n\t\t\t\t<div class=\"col-inner\"  >\n\t\t\t\n\t\t\t\n<div class=\"is-divider divider clearfix\" style=\"max-width:0px;\"><\/div>\n\t<div class=\"img has-hover x md-x lg-x y md-y lg-y\" id=\"image_848166833\">\n\t\t\t\t\t\t\t\t<div class=\"img-inner dark\" >\n\t\t\t<img loading=\"lazy\" decoding=\"async\" width=\"600\" height=\"96\" src=\"https:\/\/ajax-alarme.ch\/wp-content\/uploads\/2021\/02\/rex-distance.gif\" class=\"attachment-large size-large\" alt=\"\" \/>\t\t\t\t\t\t\n\t\t\t\t\t<\/div>\n\t\t\t\t\t\t\t\t\n<style>\n#image_848166833 {\n  width: 100%;\n}\n<\/style>\n\t<\/div>\n\t\n\t\t<\/div>\n\t\t\t\t\t<\/div>\n\n\t\n\n\t<div id=\"col-1438807590\" class=\"col medium-6 small-12 large-6\"  >\n\t\t\t\t<div class=\"col-inner\"  >\n\t\t\t\n\t\t\t\n<p>ReX ist ein Range Extender f\u00fcr Kommunikationssignale, der die Funkreichweite von Ajax-Ger\u00e4ten, die mit einem Hub ausgestattet sind, bis auf das Doppelte erweitert. Einschlie\u00dflich der Unterst\u00fctzung von MotionCam-Bildern.<\/p>\n\t\t<\/div>\n\t\t\t\t\t<\/div>\n\n\t\n<\/div>\n<div class=\"is-divider divider clearfix\" style=\"max-width:0px;height:50px;\"><\/div>\n<div class=\"row\"  id=\"row-2592199\">\n\n\t<div id=\"col-696449958\" class=\"col medium-6 small-12 large-6\"  >\n\t\t\t\t<div class=\"col-inner\"  >\n\t\t\t\n\t\t\t\n<div class=\"is-divider divider clearfix\" style=\"max-width:0px;\"><\/div>\n<h2><strong>Intuitive Verbindung und Installation<\/strong><\/h2>\n<p>  Um ReX mit dem System zu verbinden, scannen Sie den QR-Code, geben Sie einen Namen ein und aktivieren Sie ihn. W\u00e4hlen Sie dann die Ger\u00e4te, die \u00fcber den Signalverst\u00e4rker laufen sollen, aus der Liste aus. F\u00fchren Sie die Installation von ReX an einem sicheren Ort durch. Keine Demontage erforderlich. Verwenden Sie einfach den SmartBracket-Halter. REX verst\u00e4rkt nicht die Fotokan\u00e4le von Bewegungsmeldern mit Bildaufnahme. (Er wiederholt das Fotosignal nicht, nehmen Sie hierf\u00fcr einen REX2. Nicht kompatibel mit MotionCam.  <\/p>\n<h2><strong>Technische Spezifikationen<\/strong><\/h2>\n<p>  Kompatibilit\u00e4t: Alle Alarmzentralen Maximale Anzahl an angeschlossenen Ger\u00e4ten :  <\/p>\n<ul>\n<li>2G\/LAN-Zentrale: 99<\/li>\n<li>3G\/Wi-Fi\/LAN-Zentrale: 149<\/li>\n<li>4G\/Wi-Fi\/LAN-Zentrale: 199<\/li>\n<\/ul>\n<p>  Maximale Anzahl von Funkrelais: 5 Stromversorgung: 110 &#8211; 240 V oder 12 V Adapter Temperatur: -10\u00b0C bis +40\u00b0C Abmessungen: 163 x 163 x 36 mm Gewicht: 330 g<\/p>\n\t\t<\/div>\n\t\t\t\t\t<\/div>\n\n\t\n\n\t<div id=\"col-268669217\" class=\"col medium-6 small-12 large-6\"  >\n\t\t\t\t<div class=\"col-inner\"  >\n\t\t\t\n\t\t\t\n\t<div class=\"img has-hover x md-x lg-x y md-y lg-y\" id=\"image_118281369\">\n\t\t\t\t\t\t\t\t<div class=\"img-inner dark\" >\n\t\t\t<img loading=\"lazy\" decoding=\"async\" width=\"495\" height=\"558\" src=\"https:\/\/ajax-alarme.ch\/wp-content\/uploads\/2021\/02\/ReXtechnique.png\" class=\"attachment-large size-large\" alt=\"\" srcset=\"https:\/\/ajax-alarme.ch\/wp-content\/uploads\/2021\/02\/ReXtechnique.png 495w, https:\/\/ajax-alarme.ch\/wp-content\/uploads\/2021\/02\/ReXtechnique-355x400.png 355w\" sizes=\"auto, (max-width: 495px) 100vw, 495px\" \/>\t\t\t\t\t\t\n\t\t\t\t\t<\/div>\n\t\t\t\t\t\t\t\t\n<style>\n#image_118281369 {\n  width: 100%;\n}\n<\/style>\n\t<\/div>\n\t\n\t\t<\/div>\n\t\t\t\t\t<\/div>\n\n\t\n<\/div>\n","protected":false},"excerpt":{"rendered":"<div id=\"short_description_block\">\n<div id=\"short_description_content\" class=\"rte align_justify\">Die ReX-Relaisantenne ist ein Funkverst\u00e4rker der Alarmanlage, der die Grenzen des gesch\u00fctzten Bereichs erweitert. Er steuert die an ihn angeschlossenen Ger\u00e4te des Systems und macht sie so f\u00fcr den Benutzer in betr\u00e4chtlicher Entfernung vom Kontrollzentrum des Konzentrators zug\u00e4nglich.<\/div>\n<\/div>\n","protected":false},"featured_media":2868,"comment_status":"closed","ping_status":"closed","template":"","meta":[],"product_brand":[],"product_cat":[146],"product_tag":[],"class_list":{"0":"post-3559","1":"product","2":"type-product","3":"status-publish","4":"has-post-thumbnail","6":"product_cat-die-accessoires","8":"first","9":"instock","10":"sale","11":"shipping-taxable","12":"purchasable","13":"product-type-variable"},"_links":{"self":[{"href":"https:\/\/ajax-alarme.ch\/de\/wp-json\/wp\/v2\/product\/3559","targetHints":{"allow":["GET"]}}],"collection":[{"href":"https:\/\/ajax-alarme.ch\/de\/wp-json\/wp\/v2\/product"}],"about":[{"href":"https:\/\/ajax-alarme.ch\/de\/wp-json\/wp\/v2\/types\/product"}],"replies":[{"embeddable":true,"href":"https:\/\/ajax-alarme.ch\/de\/wp-json\/wp\/v2\/comments?post=3559"}],"wp:featuredmedia":[{"embeddable":true,"href":"https:\/\/ajax-alarme.ch\/de\/wp-json\/wp\/v2\/media\/2868"}],"wp:attachment":[{"href":"https:\/\/ajax-alarme.ch\/de\/wp-json\/wp\/v2\/media?parent=3559"}],"wp:term":[{"taxonomy":"product_brand","embeddable":true,"href":"https:\/\/ajax-alarme.ch\/de\/wp-json\/wp\/v2\/product_brand?post=3559"},{"taxonomy":"product_cat","embeddable":true,"href":"https:\/\/ajax-alarme.ch\/de\/wp-json\/wp\/v2\/product_cat?post=3559"},{"taxonomy":"product_tag","embeddable":true,"href":"https:\/\/ajax-alarme.ch\/de\/wp-json\/wp\/v2\/product_tag?post=3559"}],"curies":[{"name":"wp","href":"https:\/\/api.w.org\/{rel}","templated":true}]}}