{"id":3552,"date":"2021-02-14T14:57:34","date_gmt":"2021-02-14T13:57:34","guid":{"rendered":"https:\/\/ajax-alarme.ch\/product\/combiprotect-bewegungsmelder-mit-glasbruchsensor\/"},"modified":"2024-09-13T18:37:56","modified_gmt":"2024-09-13T16:37:56","slug":"combiprotect-bewegungsmelder-mit-glasbruchsensor","status":"publish","type":"product","link":"https:\/\/ajax-alarme.ch\/de\/product\/combiprotect-bewegungsmelder-mit-glasbruchsensor\/","title":{"rendered":"CombiProtect &#8211; Bewegungsmelder mit Glasbruchsensor."},"content":{"rendered":"<div class=\"row\"  id=\"row-611920147\">\n\n\t<div id=\"col-1640860134\" class=\"col medium-6 small-12 large-6\"  >\n\t\t\t\t<div class=\"col-inner\"  >\n\t\t\t\n\t\t\t\n<div class=\"is-divider divider clearfix\" style=\"max-width:0px;\"><\/div>\n<h2><strong>Bewegungs- und Glasbruchmelder.<\/strong><\/h2>\n<p>  Das Ger\u00e4t kombiniert die Funktionen von zwei Meldern &#8211; einem Bewegungsmelder und einem Glasbruchmelder. Es erkennt Bewegungen im Raum in einer Entfernung von bis zu 12 m und erkennt Glasbruch in einer Entfernung von bis zu 9 m vom Fenster.<\/p>\n\t\t<\/div>\n\t\t\t\t\t<\/div>\n\n\t\n\n\t<div id=\"col-336180922\" class=\"col medium-6 small-12 large-6\"  >\n\t\t\t\t<div class=\"col-inner\"  >\n\t\t\t\n\t\t\t\n\t<div class=\"img has-hover x md-x lg-x y md-y lg-y\" id=\"image_1015173824\">\n\t\t\t\t\t\t\t\t<div class=\"img-inner dark\" >\n\t\t\t<img loading=\"lazy\" decoding=\"async\" width=\"1020\" height=\"552\" src=\"https:\/\/ajax-alarme.ch\/wp-content\/uploads\/2021\/02\/motionprotect.jpg\" class=\"attachment-large size-large\" alt=\"\" srcset=\"https:\/\/ajax-alarme.ch\/wp-content\/uploads\/2021\/02\/motionprotect.jpg 1024w, https:\/\/ajax-alarme.ch\/wp-content\/uploads\/2021\/02\/motionprotect-510x276.jpg 510w, https:\/\/ajax-alarme.ch\/wp-content\/uploads\/2021\/02\/motionprotect-739x400.jpg 739w, https:\/\/ajax-alarme.ch\/wp-content\/uploads\/2021\/02\/motionprotect-768x416.jpg 768w, https:\/\/ajax-alarme.ch\/wp-content\/uploads\/2021\/02\/motionprotect-600x325.jpg 600w\" sizes=\"auto, (max-width: 1020px) 100vw, 1020px\" \/>\t\t\t\t\t\t\n\t\t\t\t\t<\/div>\n\t\t\t\t\t\t\t\t\n<style>\n#image_1015173824 {\n  width: 100%;\n}\n<\/style>\n\t<\/div>\n\t\n\t\t<\/div>\n\t\t\t\t\t<\/div>\n\n\t\n<\/div>\n<div class=\"is-divider divider clearfix\" style=\"max-width:0px;\"><\/div>\n<div class=\"row\"  id=\"row-188914390\">\n\n\t<div id=\"col-1484810896\" class=\"col medium-6 small-12 large-6\"  >\n\t\t\t\t<div class=\"col-inner\"  >\n\t\t\t\n\t\t\t\n<div class=\"is-divider divider clearfix\" style=\"max-width:0px;\"><\/div>\n\t<div class=\"img has-hover x md-x lg-x y md-y lg-y\" id=\"image_1077841333\">\n\t\t\t\t\t\t\t\t<div class=\"img-inner dark\" >\n\t\t\t<img loading=\"lazy\" decoding=\"async\" width=\"1020\" height=\"762\" src=\"https:\/\/ajax-alarme.ch\/wp-content\/uploads\/2021\/02\/motionposition-1071x800.jpg\" class=\"attachment-large size-large\" alt=\"\" srcset=\"https:\/\/ajax-alarme.ch\/wp-content\/uploads\/2021\/02\/motionposition-1071x800.jpg 1071w, https:\/\/ajax-alarme.ch\/wp-content\/uploads\/2021\/02\/motionposition-510x381.jpg 510w, https:\/\/ajax-alarme.ch\/wp-content\/uploads\/2021\/02\/motionposition-536x400.jpg 536w, https:\/\/ajax-alarme.ch\/wp-content\/uploads\/2021\/02\/motionposition-768x573.jpg 768w, https:\/\/ajax-alarme.ch\/wp-content\/uploads\/2021\/02\/motionposition-600x448.jpg 600w, https:\/\/ajax-alarme.ch\/wp-content\/uploads\/2021\/02\/motionposition.jpg 1200w\" sizes=\"auto, (max-width: 1020px) 100vw, 1020px\" \/>\t\t\t\t\t\t\n\t\t\t\t\t<\/div>\n\t\t\t\t\t\t\t\t\n<style>\n#image_1077841333 {\n  width: 100%;\n}\n<\/style>\n\t<\/div>\n\t\n\t\t<\/div>\n\t\t\t\t\t<\/div>\n\n\t\n\n\t<div id=\"col-1717392415\" class=\"col medium-6 small-12 large-6\"  >\n\t\t\t\t<div class=\"col-inner\"  >\n\t\t\t\n\t\t\t\n<div class=\"is-divider divider clearfix\" style=\"max-width:0px;\"><\/div>\n<h2><strong>Immun gegen Fehlalarme<\/strong><\/h2>\n<p>  Dank der Temperaturkompensation erkennt die Kamera Bewegungen auch in warmen Klimazonen. Er filtert Fehlalarme heraus, die durch Donner, Hundegebell oder den L\u00e4rm vorbeifahrender LKWs verursacht werden. Sie suchen ein Sicherheitssystem, das auch Glasbruch erkennt? Dann ist der Ajax CombiProtect die beste Wahl. Der Ajax CombiProtect akzeptiert Haustiere und ignoriert Tiere bis zu einem Gewicht von 20 kg und einer H\u00f6he von bis zu 50 cm. Dieser Bewegungsmelder verf\u00fcgt au\u00dferdem \u00fcber einen Glasbruchmelder, der Glasbruch in einer Entfernung von bis zu 9 Metern erkennen kann. Sie k\u00f6nnen das System \u00fcber die Ajax Security System App auf dem Telefon \u00fcberwachen, so dass Sie immer \u00fcber die Situation in Ihrem Haus informiert sind!<\/p>\n\t\t<\/div>\n\t\t\t\t\t<\/div>\n\n\t\n<\/div>\n<div class=\"is-divider divider clearfix\" style=\"max-width:0px;\"><\/div>\n<div class=\"row\"  id=\"row-1311286054\">\n\n\t<div id=\"col-1133379693\" class=\"col medium-6 small-12 large-6\"  >\n\t\t\t\t<div class=\"col-inner\"  >\n\t\t\t\n\t\t\t\n<h2>Technische Spezifikationen<\/h2>\n<p>  Kompatibilit\u00e4t: Alle Alarmzentralen, Funkrelais, ocBridge, uartbridge Immunit\u00e4t: F\u00fcr Tiere unter 20 kg Bewegungserkennungswinkel: Horizontal 88,5\u00b0 \/ Vertikal 80\u00b0 Maximale Bewegungserkennungsdistanz: 12 m Bruch-Erkennungswinkel: 180\u00b0 Maximale Bruch-Erkennungsdistanz: 9 m Immunit\u00e4t gegen Haustiere: Ja, bis zu 20 kg \/ bis zu 50 cm Stromversorgung: CR123A Temperatur: -10\u00b0C bis +40\u00b0C Abmessungen: 110 x 65 x 50 mm Gewicht: 92 g<\/p>\n\t\t<\/div>\n\t\t\t\t\t<\/div>\n\n\t\n\n\t<div id=\"col-457721827\" class=\"col medium-6 small-12 large-6\"  >\n\t\t\t\t<div class=\"col-inner\"  >\n\t\t\t\n\t\t\t\n<div class=\"is-divider divider clearfix\" style=\"max-width:0px;\"><\/div>\n\t<div class=\"img has-hover x md-x lg-x y md-y lg-y\" id=\"image_779473171\">\n\t\t\t\t\t\t\t\t<div class=\"img-inner dark\" >\n\t\t\t<img loading=\"lazy\" decoding=\"async\" width=\"875\" height=\"500\" src=\"https:\/\/ajax-alarme.ch\/wp-content\/uploads\/2021\/02\/position.jpg\" class=\"attachment-large size-large\" alt=\"\" srcset=\"https:\/\/ajax-alarme.ch\/wp-content\/uploads\/2021\/02\/position.jpg 875w, https:\/\/ajax-alarme.ch\/wp-content\/uploads\/2021\/02\/position-510x291.jpg 510w, https:\/\/ajax-alarme.ch\/wp-content\/uploads\/2021\/02\/position-700x400.jpg 700w, https:\/\/ajax-alarme.ch\/wp-content\/uploads\/2021\/02\/position-768x439.jpg 768w, https:\/\/ajax-alarme.ch\/wp-content\/uploads\/2021\/02\/position-600x343.jpg 600w\" sizes=\"auto, (max-width: 875px) 100vw, 875px\" \/>\t\t\t\t\t\t\n\t\t\t\t\t<\/div>\n\t\t\t\t\t\t\t\t\n<style>\n#image_779473171 {\n  width: 100%;\n}\n<\/style>\n\t<\/div>\n\t\n\t\t<\/div>\n\t\t\t\t\t<\/div>\n\n\t\n<\/div>\n","protected":false},"excerpt":{"rendered":"<p>Erkennt die Anwesenheit von Menschen durch die Temperaturdifferenz zur thermischen Hintergrundstrahlung. Der Mikrowellensensor verhindert Fehlalarme, die durch komplexe St\u00f6rungen verursacht werden.<\/p>\n","protected":false},"featured_media":5243,"comment_status":"closed","ping_status":"closed","template":"","meta":[],"product_brand":[],"product_cat":[140,150],"product_tag":[],"class_list":{"0":"post-3552","1":"product","2":"type-product","3":"status-publish","4":"has-post-thumbnail","6":"product_cat-bewegungsmelder","7":"product_cat-glasbruchmelder","9":"first","10":"instock","11":"sale","12":"shipping-taxable","13":"purchasable","14":"product-type-variable"},"_links":{"self":[{"href":"https:\/\/ajax-alarme.ch\/de\/wp-json\/wp\/v2\/product\/3552","targetHints":{"allow":["GET"]}}],"collection":[{"href":"https:\/\/ajax-alarme.ch\/de\/wp-json\/wp\/v2\/product"}],"about":[{"href":"https:\/\/ajax-alarme.ch\/de\/wp-json\/wp\/v2\/types\/product"}],"replies":[{"embeddable":true,"href":"https:\/\/ajax-alarme.ch\/de\/wp-json\/wp\/v2\/comments?post=3552"}],"wp:featuredmedia":[{"embeddable":true,"href":"https:\/\/ajax-alarme.ch\/de\/wp-json\/wp\/v2\/media\/5243"}],"wp:attachment":[{"href":"https:\/\/ajax-alarme.ch\/de\/wp-json\/wp\/v2\/media?parent=3552"}],"wp:term":[{"taxonomy":"product_brand","embeddable":true,"href":"https:\/\/ajax-alarme.ch\/de\/wp-json\/wp\/v2\/product_brand?post=3552"},{"taxonomy":"product_cat","embeddable":true,"href":"https:\/\/ajax-alarme.ch\/de\/wp-json\/wp\/v2\/product_cat?post=3552"},{"taxonomy":"product_tag","embeddable":true,"href":"https:\/\/ajax-alarme.ch\/de\/wp-json\/wp\/v2\/product_tag?post=3552"}],"curies":[{"name":"wp","href":"https:\/\/api.w.org\/{rel}","templated":true}]}}