{"id":3539,"date":"2021-02-16T20:53:12","date_gmt":"2021-02-16T19:53:12","guid":{"rendered":"https:\/\/ajax-alarme.ch\/product\/wifi-kamera-mit-led-beleuchtung-und-bewegungsmelder\/"},"modified":"2024-09-17T18:11:32","modified_gmt":"2024-09-17T16:11:32","slug":"wifi-kamera-mit-led-beleuchtung-und-bewegungsmelder","status":"publish","type":"product","link":"https:\/\/ajax-alarme.ch\/de\/product\/wifi-kamera-mit-led-beleuchtung-und-bewegungsmelder\/","title":{"rendered":"WIFI-Kamera mit LED-Beleuchtung und Bewegungsmelder"},"content":{"rendered":"<div class=\"row\"  id=\"row-688319893\">\n\n\t<div id=\"col-1869768487\" class=\"col medium-5 small-12 large-5\"  >\n\t\t\t\t<div class=\"col-inner\"  >\n\t\t\t\n\t\t\t\n<div class=\"is-divider divider clearfix\" style=\"max-width:0px;height:59px;\"><\/div>\n<h2><strong>Die intelligente Sicherheitskamera EZVIZ LC3<\/strong><\/h2>\n<p><span style=\"color: #808080;\">wird Ihnen dank seines leistungsstarken \u00dcberwachungssystems Ruhe und Gelassenheit bieten. Profitieren Sie von einem Full-HD-Bild, Abschreckungsfunktionen mit Licht und Ton sowie einem effektiven Bewegungsmelder. Stromversorgung 230VAC.<\/span><\/p>\n<div><span style=\"color: #808080;\">Die LC1C von EZVIZ ist ein au\u00dfergew\u00f6hnliches Produkt, das eine Kombination aus Sicherheitskamera und Au\u00dfenlampe darstellt und Ihren Bedarf an Sicherheit und n\u00e4chtlicher Beleuchtung f\u00fcr Ihren Hof, Ihre Einfahrt und vieles mehr erf\u00fcllt. Die LC3-Kamera bietet nicht nur eine kombinierte Helligkeit von 700 Lumen, sondern \u00fcberwacht Ihre Umgebung auch mit aktiver Verteidigung und Bewegungsbenachrichtigungen in Echtzeit. Wird mit einer vom AJAX-System unabh\u00e4ngigen Smartphone-Anwendung verwendet.<\/span><\/div>\n\t\t<\/div>\n\t\t\t\t\t<\/div>\n\n\t\n\n\t<div id=\"col-593960964\" class=\"col medium-7 small-12 large-7\"  >\n\t\t\t\t<div class=\"col-inner\"  >\n\t\t\t\n\t\t\t\n\t<div class=\"img has-hover x md-x lg-x y md-y lg-y\" id=\"image_1805717562\">\n\t\t\t\t\t\t\t\t<div class=\"img-inner dark\" >\n\t\t\t<img loading=\"lazy\" decoding=\"async\" width=\"800\" height=\"800\" src=\"https:\/\/ajax-alarme.ch\/wp-content\/uploads\/2021\/02\/LC3-800x800.jpg\" class=\"attachment-large size-large\" alt=\"\" srcset=\"https:\/\/ajax-alarme.ch\/wp-content\/uploads\/2021\/02\/LC3-800x800.jpg 800w, https:\/\/ajax-alarme.ch\/wp-content\/uploads\/2021\/02\/LC3-400x400.jpg 400w, https:\/\/ajax-alarme.ch\/wp-content\/uploads\/2021\/02\/LC3-280x280.jpg 280w, https:\/\/ajax-alarme.ch\/wp-content\/uploads\/2021\/02\/LC3-768x768.jpg 768w, https:\/\/ajax-alarme.ch\/wp-content\/uploads\/2021\/02\/LC3-247x247.jpg 247w, https:\/\/ajax-alarme.ch\/wp-content\/uploads\/2021\/02\/LC3-510x510.jpg 510w, https:\/\/ajax-alarme.ch\/wp-content\/uploads\/2021\/02\/LC3-100x100.jpg 100w, https:\/\/ajax-alarme.ch\/wp-content\/uploads\/2021\/02\/LC3-50x50.jpg 50w, https:\/\/ajax-alarme.ch\/wp-content\/uploads\/2021\/02\/LC3.jpg 900w\" sizes=\"auto, (max-width: 800px) 100vw, 800px\" \/>\t\t\t\t\t\t\n\t\t\t\t\t<\/div>\n\t\t\t\t\t\t\t\t\n<style>\n#image_1805717562 {\n  width: 100%;\n}\n<\/style>\n\t<\/div>\n\t\n\t\t<\/div>\n\t\t\t\t\t<\/div>\n\n\t\n<\/div>\n\n<a href=\"https:\/\/ajax-alarme.ch\/wp-content\/uploads\/2024\/03\/LC3.pdf\" class=\"pdfemb-viewer\" style=\"\" data-width=\"max\" data-height=\"max\" data-toolbar=\"bottom\" data-toolbar-fixed=\"off\">LC3<\/a>\n\n<div class=\"is-divider divider clearfix\" ><\/div>\n","protected":false},"excerpt":{"rendered":"<p>Dieses System ist nicht direkt in die AJAX-App integrierbar, sondern nutzt eine eigene mobile Anwendung.<\/p>\n","protected":false},"featured_media":4148,"comment_status":"closed","ping_status":"closed","template":"","meta":[],"product_brand":[],"product_cat":[161],"product_tag":[],"class_list":{"0":"post-3539","1":"product","2":"type-product","3":"status-publish","4":"has-post-thumbnail","6":"product_cat-videouberwachung","8":"first","9":"instock","10":"sale","11":"shipping-taxable","12":"purchasable","13":"product-type-simple"},"_links":{"self":[{"href":"https:\/\/ajax-alarme.ch\/de\/wp-json\/wp\/v2\/product\/3539","targetHints":{"allow":["GET"]}}],"collection":[{"href":"https:\/\/ajax-alarme.ch\/de\/wp-json\/wp\/v2\/product"}],"about":[{"href":"https:\/\/ajax-alarme.ch\/de\/wp-json\/wp\/v2\/types\/product"}],"replies":[{"embeddable":true,"href":"https:\/\/ajax-alarme.ch\/de\/wp-json\/wp\/v2\/comments?post=3539"}],"wp:featuredmedia":[{"embeddable":true,"href":"https:\/\/ajax-alarme.ch\/de\/wp-json\/wp\/v2\/media\/4148"}],"wp:attachment":[{"href":"https:\/\/ajax-alarme.ch\/de\/wp-json\/wp\/v2\/media?parent=3539"}],"wp:term":[{"taxonomy":"product_brand","embeddable":true,"href":"https:\/\/ajax-alarme.ch\/de\/wp-json\/wp\/v2\/product_brand?post=3539"},{"taxonomy":"product_cat","embeddable":true,"href":"https:\/\/ajax-alarme.ch\/de\/wp-json\/wp\/v2\/product_cat?post=3539"},{"taxonomy":"product_tag","embeddable":true,"href":"https:\/\/ajax-alarme.ch\/de\/wp-json\/wp\/v2\/product_tag?post=3539"}],"curies":[{"name":"wp","href":"https:\/\/api.w.org\/{rel}","templated":true}]}}