{"id":3536,"date":"2021-02-28T07:37:43","date_gmt":"2021-02-28T06:37:43","guid":{"rendered":"https:\/\/ajax-alarme.ch\/product\/service-installation-zu-hause-und-programmierung-des-ajax-systems\/"},"modified":"2025-08-05T19:46:00","modified_gmt":"2025-08-05T17:46:00","slug":"service-installation-zu-hause-und-programmierung-des-ajax-systems","status":"publish","type":"product","link":"https:\/\/ajax-alarme.ch\/de\/product\/service-installation-zu-hause-und-programmierung-des-ajax-systems\/","title":{"rendered":"Service &#8211; Installation zu Hause und Programmierung des AJAX-Systems."},"content":{"rendered":"<div class=\"is-divider divider clearfix\" style=\"max-width:0px;height:40px;\"><\/div>\n<div class=\"row\"  id=\"row-1916943237\">\n\n\t<div id=\"col-1246454868\" class=\"col medium-7 small-12 large-7\"  >\n\t\t\t\t<div class=\"col-inner\"  >\n\t\t\t\n\t\t\t\n<h2><strong>Wir installieren Ihre Alarmanlage bei Ihnen zu Hause.<\/strong><\/h2>\n<p>Unser spezialisierter Techniker wird die Installation und Programmierung Ihres Sicherheitssystems \u00fcbernehmen, und zwar direkt am Ort der Installation.<\/p>\n<p><strong>Die Montageleistungen beinhalten die folgenden Leistungen:<\/strong><\/p>\n<ul>\n<li>Vorbereitung des Materials in unserer Werkstatt<\/li>\n<li>Aktualisierung aller Ger\u00e4te<\/li>\n<li>Installation des HUB<\/li>\n<li>Installation von Detektoren<\/li>\n<li>Programmierung des Systems<\/li>\n<li>Inbetriebnahme und Tests<\/li>\n<li>Schulung f\u00fcr den Nutzer<\/li>\n<\/ul>\n<p><strong>Die Anreise des Technikers wird zus\u00e4tzlich berechnet und muss am Tag der Installation gem\u00e4\u00df den unten aufgef\u00fchrten Tarifen bezahlt werden.<\/strong><\/p>\n<p><span style=\"font-size: 75%;\">Die An- und Abreise des Technikers und seiner Werkzeuge wird mit CHF 4.&#8211; pro Kilometer ab Morges\/VD berechnet. Es wird nur der Hinweg berechnet. Zahlung per Karte und am Ende der Installation erforderlich. Jede Installation und Konfiguration eines zus\u00e4tzlichen Ger\u00e4tes wird mit CHF 140.&#8211; (inkl. MwSt.) pro Ger\u00e4t berechnet. Unsere Techniker sind langj\u00e4hrige, vertrauensw\u00fcrdige Mitarbeiter mit einem tadellosen Ruf.<\/span><\/p>\n<p><strong>F\u00fcr die folgenden Produkte bieten wir keinen Montageservice an:<\/strong><\/p>\n<ul>\n<li>LightSwitch-Schalter<\/li>\n<li>Nebelmaschine<\/li>\n<li>Externe Detektoren<\/li>\n<li>Kameras und NVR<\/li>\n<\/ul>\n<p><span style=\"font-size: 75%;\">F\u00fcr diese Produkte m\u00fcssen Sie einen zugelassenen Installateur beauftragen. (z.B. Elektriker)<\/span><\/p>\n\t\t<\/div>\n\t\t\t\t\t<\/div>\n\n\t\n\n\t<div id=\"col-863295780\" class=\"col medium-5 small-12 large-5\"  >\n\t\t\t\t<div class=\"col-inner\"  >\n\t\t\t\n\t\t\t\n\t<div class=\"img has-hover x md-x lg-x y md-y lg-y\" id=\"image_808046742\">\n\t\t\t\t\t\t\t\t<div class=\"img-inner dark\" >\n\t\t\t<img loading=\"lazy\" decoding=\"async\" width=\"533\" height=\"800\" src=\"https:\/\/ajax-alarme.ch\/wp-content\/uploads\/2021\/02\/setupajax.jpg\" class=\"attachment-large size-large\" alt=\"\" srcset=\"https:\/\/ajax-alarme.ch\/wp-content\/uploads\/2021\/02\/setupajax.jpg 533w, https:\/\/ajax-alarme.ch\/wp-content\/uploads\/2021\/02\/setupajax-510x765.jpg 510w, https:\/\/ajax-alarme.ch\/wp-content\/uploads\/2021\/02\/setupajax-267x400.jpg 267w\" sizes=\"auto, (max-width: 533px) 100vw, 533px\" \/>\t\t\t\t\t\t\n\t\t\t\t\t<\/div>\n\t\t\t\t\t\t\t\t\n<style>\n#image_808046742 {\n  width: 100%;\n}\n<\/style>\n\t<\/div>\n\t\n\t\t<\/div>\n\t\t\t\t\t<\/div>\n\n\t\n<\/div>\n<div class=\"is-divider divider clearfix\" style=\"max-width:0px;height:19px;\"><\/div>\n<div class=\"is-divider divider clearfix\" style=\"max-width:0px;height:19px;\"><\/div>\n\t<div class=\"img has-hover x md-x lg-x y md-y lg-y\" id=\"image_1472213753\">\n\t\t\t\t\t\t\t\t<div class=\"img-inner dark\" >\n\t\t\t<img loading=\"lazy\" decoding=\"async\" width=\"800\" height=\"533\" src=\"https:\/\/ajax-alarme.ch\/wp-content\/uploads\/2021\/02\/dreamstime_s_149400356.jpg\" class=\"attachment-large size-large\" alt=\"\" srcset=\"https:\/\/ajax-alarme.ch\/wp-content\/uploads\/2021\/02\/dreamstime_s_149400356.jpg 800w, https:\/\/ajax-alarme.ch\/wp-content\/uploads\/2021\/02\/dreamstime_s_149400356-510x340.jpg 510w, https:\/\/ajax-alarme.ch\/wp-content\/uploads\/2021\/02\/dreamstime_s_149400356-600x400.jpg 600w, https:\/\/ajax-alarme.ch\/wp-content\/uploads\/2021\/02\/dreamstime_s_149400356-768x512.jpg 768w\" sizes=\"auto, (max-width: 800px) 100vw, 800px\" \/>\t\t\t\t\t\t\n\t\t\t\t\t<\/div>\n\t\t\t\t\t\t\t\t\n<style>\n#image_1472213753 {\n  width: 100%;\n}\n<\/style>\n\t<\/div>\n\t\n<div class=\"row\"  id=\"row-389626088\">\n\n\t<div id=\"col-188223421\" class=\"col small-12 large-12\"  >\n\t\t\t\t<div class=\"col-inner\"  >\n\t\t\t\n\t\t\t\n\t<div class=\"img has-hover x md-x lg-x y md-y lg-y\" id=\"image_18756381\">\n\t\t\t\t\t\t\t\t<div class=\"img-inner dark\" >\n\t\t\t<img loading=\"lazy\" decoding=\"async\" width=\"1020\" height=\"570\" src=\"https:\/\/ajax-alarme.ch\/wp-content\/uploads\/2021\/02\/Comparatif-HUB-1400x783.jpg\" class=\"attachment-large size-large\" alt=\"\" srcset=\"https:\/\/ajax-alarme.ch\/wp-content\/uploads\/2021\/02\/Comparatif-HUB-1400x783.jpg 1400w, https:\/\/ajax-alarme.ch\/wp-content\/uploads\/2021\/02\/Comparatif-HUB-510x285.jpg 510w, https:\/\/ajax-alarme.ch\/wp-content\/uploads\/2021\/02\/Comparatif-HUB-715x400.jpg 715w, https:\/\/ajax-alarme.ch\/wp-content\/uploads\/2021\/02\/Comparatif-HUB-768x430.jpg 768w, https:\/\/ajax-alarme.ch\/wp-content\/uploads\/2021\/02\/Comparatif-HUB-1536x859.jpg 1536w, https:\/\/ajax-alarme.ch\/wp-content\/uploads\/2021\/02\/Comparatif-HUB-600x336.jpg 600w, https:\/\/ajax-alarme.ch\/wp-content\/uploads\/2021\/02\/Comparatif-HUB.jpg 1612w\" sizes=\"auto, (max-width: 1020px) 100vw, 1020px\" \/>\t\t\t\t\t\t\n\t\t\t\t\t<\/div>\n\t\t\t\t\t\t\t\t\n<style>\n#image_18756381 {\n  width: 100%;\n}\n<\/style>\n\t<\/div>\n\t\n\t\t<\/div>\n\t\t\t\t\t<\/div>\n\n\t\n<\/div>\n","protected":false},"excerpt":{"rendered":"<p>Installationsservice vor Ort. Inklusive: Anbringen der Ger\u00e4te, Einrichten des Systems und Testen. Eine Schulung zur Nutzung und Aktivierung der Smartphone-Warnungen ist inbegriffen. Anreise extra (siehe Details).<\/p>\n","protected":false},"featured_media":3057,"comment_status":"closed","ping_status":"closed","template":"","meta":[],"product_brand":[],"product_cat":[170],"product_tag":[],"class_list":{"0":"post-3536","1":"product","2":"type-product","3":"status-publish","4":"has-post-thumbnail","6":"product_cat-unsere-dienstleistungen","8":"first","9":"instock","10":"shipping-taxable","11":"purchasable","12":"product-type-variable"},"_links":{"self":[{"href":"https:\/\/ajax-alarme.ch\/de\/wp-json\/wp\/v2\/product\/3536","targetHints":{"allow":["GET"]}}],"collection":[{"href":"https:\/\/ajax-alarme.ch\/de\/wp-json\/wp\/v2\/product"}],"about":[{"href":"https:\/\/ajax-alarme.ch\/de\/wp-json\/wp\/v2\/types\/product"}],"replies":[{"embeddable":true,"href":"https:\/\/ajax-alarme.ch\/de\/wp-json\/wp\/v2\/comments?post=3536"}],"wp:featuredmedia":[{"embeddable":true,"href":"https:\/\/ajax-alarme.ch\/de\/wp-json\/wp\/v2\/media\/3057"}],"wp:attachment":[{"href":"https:\/\/ajax-alarme.ch\/de\/wp-json\/wp\/v2\/media?parent=3536"}],"wp:term":[{"taxonomy":"product_brand","embeddable":true,"href":"https:\/\/ajax-alarme.ch\/de\/wp-json\/wp\/v2\/product_brand?post=3536"},{"taxonomy":"product_cat","embeddable":true,"href":"https:\/\/ajax-alarme.ch\/de\/wp-json\/wp\/v2\/product_cat?post=3536"},{"taxonomy":"product_tag","embeddable":true,"href":"https:\/\/ajax-alarme.ch\/de\/wp-json\/wp\/v2\/product_tag?post=3536"}],"curies":[{"name":"wp","href":"https:\/\/api.w.org\/{rel}","templated":true}]}}