{"id":3533,"date":"2021-02-14T18:39:53","date_gmt":"2021-02-14T17:39:53","guid":{"rendered":"https:\/\/ajax-alarme.ch\/product\/mobile-anwendung-zur-verwaltung-des-alarmsystems\/"},"modified":"2025-08-05T19:17:15","modified_gmt":"2025-08-05T17:17:15","slug":"mobile-anwendung-zur-verwaltung-des-alarmsystems","status":"publish","type":"product","link":"https:\/\/ajax-alarme.ch\/de\/product\/mobile-anwendung-zur-verwaltung-des-alarmsystems\/","title":{"rendered":"Mobile Anwendung zur Verwaltung des Alarmsystems"},"content":{"rendered":"<div class=\"row\"  id=\"row-126999600\">\n\n\t<div id=\"col-555041681\" class=\"col small-12 large-12\"  >\n\t\t\t\t<div class=\"col-inner\"  >\n\t\t\t\n\t\t\t\n\t<div class=\"img has-hover x md-x lg-x y md-y lg-y\" id=\"image_712103492\">\n\t\t\t\t\t\t\t\t<div class=\"img-inner dark\" >\n\t\t\t<img loading=\"lazy\" decoding=\"async\" width=\"920\" height=\"533\" src=\"https:\/\/ajax-alarme.ch\/wp-content\/uploads\/2021\/02\/ajax03.jpg\" class=\"attachment-large size-large\" alt=\"\" srcset=\"https:\/\/ajax-alarme.ch\/wp-content\/uploads\/2021\/02\/ajax03.jpg 920w, https:\/\/ajax-alarme.ch\/wp-content\/uploads\/2021\/02\/ajax03-510x295.jpg 510w, https:\/\/ajax-alarme.ch\/wp-content\/uploads\/2021\/02\/ajax03-690x400.jpg 690w, https:\/\/ajax-alarme.ch\/wp-content\/uploads\/2021\/02\/ajax03-768x445.jpg 768w, https:\/\/ajax-alarme.ch\/wp-content\/uploads\/2021\/02\/ajax03-600x348.jpg 600w\" sizes=\"auto, (max-width: 920px) 100vw, 920px\" \/>\t\t\t\t\t\t\n\t\t\t\t\t<\/div>\n\t\t\t\t\t\t\t\t\n<style>\n#image_712103492 {\n  width: 100%;\n}\n<\/style>\n\t<\/div>\n\t\n<div class=\"is-divider divider clearfix\" style=\"max-width:0px;\"><\/div>\n\t\t<\/div>\n\t\t\t\t\t<\/div>\n\n\t\n<\/div>\n<div class=\"row\"  id=\"row-120940950\">\n\n\t<div id=\"col-312182583\" class=\"col medium-8 small-12 large-8\"  >\n\t\t\t\t<div class=\"col-inner\"  >\n\t\t\t\n\t\t\t\n<h2><strong>Mobile AJAX-Anwendung<\/strong><\/h2>\n<p>  Kostenlose mobile Anwendung f\u00fcr Benutzer <strong>Scharf- und Unscharfschalten des Systems<\/strong> \u00dcberwachen und verwalten Sie die Sicherheit Ihres Hauses aus Tausenden von Kilometern Entfernung.<br \/>\n<g id=\"gid_1\">Virtueller Alarmknopf<\/g> Melden Sie einen Notfall, damit andere Nutzer eingreifen k\u00f6nnen.<br \/>\n<g id=\"gid_2\">Benachrichtigungen<\/g> Sie werden immer genau wissen, was passiert ist und wann es passiert ist.<br \/>\nKontrollieren Sie die \u00c4nderungen, die am System vorgenommen wurden. <g id=\"gid_3\">Detaillierter Ger\u00e4testatus<\/g> Erhalten Sie sofortige Informationen \u00fcber den Batteriestand, die Raumtemperatur und die Einstellungen. <g id=\"gid_4\">Ger\u00e4te testen<\/g> Stellen Sie die Erkennungsbereiche ein und testen Sie die Qualit\u00e4t des Funksignals, wenn Sie nicht zu Hause sind. <g id=\"gid_5\">Intelligente Erinnerungen<\/g> Lassen Sie sich benachrichtigen, um das System scharf zu schalten, wenn Sie das Haus verlassen, und um es zu entsch\u00e4rfen, wenn Sie nach Hause kommen. <g id=\"gid_6\">Private Sicherheit aufrechterhalten<\/g> Aktivieren Sie eine sichere Verbindung zur Anwendung mit einem Passwort oder Fingerabdruck. <g id=\"gid_7\">App aktualisieren<\/g> Erhalten Sie neue Funktionen, die die Sicherheitsfunktionen des Systems verbessern.<\/p>\n\t\t<\/div>\n\t\t\t\t\t<\/div>\n\n\t\n\n\t<div id=\"col-1203341284\" class=\"col medium-4 small-12 large-4\"  >\n\t\t\t\t<div class=\"col-inner\"  >\n\t\t\t\n\t\t\t\n<div class=\"is-divider divider clearfix\" style=\"max-width:0px;height:64px;\"><\/div>\n<div class=\"is-divider divider clearfix\" style=\"max-width:0px;\"><\/div>\n\t<div class=\"img has-hover x md-x lg-x y md-y lg-y\" id=\"image_131870515\">\n\t\t\t\t\t\t\t\t<div class=\"img-inner dark\" >\n\t\t\t<img loading=\"lazy\" decoding=\"async\" width=\"425\" height=\"469\" src=\"https:\/\/ajax-alarme.ch\/wp-content\/uploads\/2021\/02\/AJAX-App-hand.png\" class=\"attachment-large size-large\" alt=\"\" srcset=\"https:\/\/ajax-alarme.ch\/wp-content\/uploads\/2021\/02\/AJAX-App-hand.png 425w, https:\/\/ajax-alarme.ch\/wp-content\/uploads\/2021\/02\/AJAX-App-hand-362x400.png 362w\" sizes=\"auto, (max-width: 425px) 100vw, 425px\" \/>\t\t\t\t\t\t\n\t\t\t\t\t<\/div>\n\t\t\t\t\t\t\t\t\n<style>\n#image_131870515 {\n  width: 100%;\n}\n<\/style>\n\t<\/div>\n\t\n<div class=\"is-divider divider clearfix\" style=\"max-width:0px;height:64px;\"><\/div>\n\t<div class=\"img has-hover x md-x lg-x y md-y lg-y\" id=\"image_793664508\">\n\t\t\t\t\t\t\t\t<div class=\"img-inner dark\" >\n\t\t\t<img loading=\"lazy\" decoding=\"async\" width=\"1000\" height=\"563\" src=\"https:\/\/ajax-alarme.ch\/wp-content\/uploads\/2021\/02\/apple-watch-ajax-1.jpg\" class=\"attachment-large size-large\" alt=\"\" srcset=\"https:\/\/ajax-alarme.ch\/wp-content\/uploads\/2021\/02\/apple-watch-ajax-1.jpg 1000w, https:\/\/ajax-alarme.ch\/wp-content\/uploads\/2021\/02\/apple-watch-ajax-1-510x287.jpg 510w, https:\/\/ajax-alarme.ch\/wp-content\/uploads\/2021\/02\/apple-watch-ajax-1-710x400.jpg 710w, https:\/\/ajax-alarme.ch\/wp-content\/uploads\/2021\/02\/apple-watch-ajax-1-768x432.jpg 768w, https:\/\/ajax-alarme.ch\/wp-content\/uploads\/2021\/02\/apple-watch-ajax-1-600x338.jpg 600w\" sizes=\"auto, (max-width: 1000px) 100vw, 1000px\" \/>\t\t\t\t\t\t\n\t\t\t\t\t<\/div>\n\t\t\t\t\t\t\t\t\n<style>\n#image_793664508 {\n  width: 100%;\n}\n<\/style>\n\t<\/div>\n\t\n\t\t<\/div>\n\t\t\t\t\t<\/div>\n\n\t\n<\/div>\n<div class=\"is-divider divider clearfix\" style=\"max-width:0px;\"><\/div>\n\t<div class=\"img has-hover x md-x lg-x y md-y lg-y\" id=\"image_199028551\">\n\t\t\t\t\t\t\t\t<div class=\"img-inner dark\" >\n\t\t\t<img loading=\"lazy\" decoding=\"async\" width=\"888\" height=\"390\" src=\"https:\/\/ajax-alarme.ch\/wp-content\/uploads\/2021\/02\/setupappajax.jpg\" class=\"attachment-large size-large\" alt=\"\" srcset=\"https:\/\/ajax-alarme.ch\/wp-content\/uploads\/2021\/02\/setupappajax.jpg 888w, https:\/\/ajax-alarme.ch\/wp-content\/uploads\/2021\/02\/setupappajax-510x224.jpg 510w, https:\/\/ajax-alarme.ch\/wp-content\/uploads\/2021\/02\/setupappajax-800x351.jpg 800w, https:\/\/ajax-alarme.ch\/wp-content\/uploads\/2021\/02\/setupappajax-768x337.jpg 768w, https:\/\/ajax-alarme.ch\/wp-content\/uploads\/2021\/02\/setupappajax-600x264.jpg 600w\" sizes=\"auto, (max-width: 888px) 100vw, 888px\" \/>\t\t\t\t\t\t\n\t\t\t\t\t<\/div>\n\t\t\t\t\t\t\t\t\n<style>\n#image_199028551 {\n  width: 100%;\n}\n<\/style>\n\t<\/div>\n\t\n","protected":false},"excerpt":{"rendered":"<p>Die Anwendung erm\u00f6glicht die vollst\u00e4ndige Verwaltung des AJAX-Alarmsystems. \u00dcberwachen und verwalten Sie die Sicherheit Ihres Hauses aus Tausenden von Kilometern Entfernung. Erhalten Sie Alarmbenachrichtigungen ohne Geb\u00fchren.<\/p>\n","protected":false},"featured_media":2496,"comment_status":"closed","ping_status":"closed","template":"","meta":[],"product_brand":[],"product_cat":[146],"product_tag":[],"class_list":{"0":"post-3533","1":"product","2":"type-product","3":"status-publish","4":"has-post-thumbnail","6":"product_cat-die-accessoires","8":"first","9":"instock","10":"shipping-taxable","11":"purchasable","12":"product-type-simple"},"_links":{"self":[{"href":"https:\/\/ajax-alarme.ch\/de\/wp-json\/wp\/v2\/product\/3533","targetHints":{"allow":["GET"]}}],"collection":[{"href":"https:\/\/ajax-alarme.ch\/de\/wp-json\/wp\/v2\/product"}],"about":[{"href":"https:\/\/ajax-alarme.ch\/de\/wp-json\/wp\/v2\/types\/product"}],"replies":[{"embeddable":true,"href":"https:\/\/ajax-alarme.ch\/de\/wp-json\/wp\/v2\/comments?post=3533"}],"wp:featuredmedia":[{"embeddable":true,"href":"https:\/\/ajax-alarme.ch\/de\/wp-json\/wp\/v2\/media\/2496"}],"wp:attachment":[{"href":"https:\/\/ajax-alarme.ch\/de\/wp-json\/wp\/v2\/media?parent=3533"}],"wp:term":[{"taxonomy":"product_brand","embeddable":true,"href":"https:\/\/ajax-alarme.ch\/de\/wp-json\/wp\/v2\/product_brand?post=3533"},{"taxonomy":"product_cat","embeddable":true,"href":"https:\/\/ajax-alarme.ch\/de\/wp-json\/wp\/v2\/product_cat?post=3533"},{"taxonomy":"product_tag","embeddable":true,"href":"https:\/\/ajax-alarme.ch\/de\/wp-json\/wp\/v2\/product_tag?post=3533"}],"curies":[{"name":"wp","href":"https:\/\/api.w.org\/{rel}","templated":true}]}}