{"id":3516,"date":"2022-01-04T09:37:28","date_gmt":"2022-01-04T08:37:28","guid":{"rendered":"https:\/\/ajax-alarme.ch\/product\/motioncam-outdoor-outdoor-bewegungsmelder-mit-kamera\/"},"modified":"2025-08-05T19:45:34","modified_gmt":"2025-08-05T17:45:34","slug":"motioncam-outdoor-outdoor-bewegungsmelder-mit-kamera","status":"publish","type":"product","link":"https:\/\/ajax-alarme.ch\/de\/product\/motioncam-outdoor-outdoor-bewegungsmelder-mit-kamera\/","title":{"rendered":"MotionCam Outdoor &#8211; Outdoor-Bewegungsmelder mit Kamera"},"content":{"rendered":"<h1><strong>MotionCam Outdoor<\/strong><\/h1>\n<p>  Die fr\u00fchzeitige Erkennung von Bewegungen wird durch den Einsatz dieses AJAX MotionProtect Outdoor-Bewegungsmelders erreicht, der speziell f\u00fcr die Installation im Freien mit Fotobeweisaufnahme geeignet ist.  <div style=\"width: 1020px;\" class=\"wp-video\"><video class=\"wp-video-shortcode\" id=\"video-3516-1\" width=\"1020\" height=\"425\" loop autoplay preload=\"auto\" controls=\"controls\"><source type=\"video\/mp4\" src=\"https:\/\/ajax-alarme.ch\/wp-content\/uploads\/2022\/01\/lisa_man.mp4?_=1\" \/><a href=\"https:\/\/ajax-alarme.ch\/wp-content\/uploads\/2022\/01\/lisa_man.mp4\">https:\/\/ajax-alarme.ch\/wp-content\/uploads\/2022\/01\/lisa_man.mp4<\/a><\/video><\/div>  MotionCam Outdoor verf\u00fcgt \u00fcber zwei unabh\u00e4ngige PIR-Sensoren, deren Signale von einem zweistufigen LISA-Algorithmus analysiert werden, und einen wasserdichten Foto-Sensor. Sobald beide Sensoren eine Bewegung erkennen, f\u00fchrt LISA eine Korrelation und Spektralanalyse der Signale durch, sodass sofort zwischen echten Bedrohungen und St\u00f6rungen unterschieden werden kann. Wenn Motion\u0421am Outdoor eine Bewegung erkennt, analysiert und vergleicht LISA die Signalformen der beiden Sensoren in Echtzeit. Wenn die Formen \u00e4hnlich sind, wird der Alarm ausgel\u00f6st. Wenn beide Sensoren eine Bewegung erkennen, die Korrelationsanalyse aber nicht gen\u00fcgend \u00c4hnlichkeiten identifiziert, vergleicht LISA die Frequenzkomponenten in den Signalen der beiden Sensoren. Die Bilder werden dann aufgenommen und an die Ajax-Anwendung gesendet, damit Sie den Zweifel ausr\u00e4umen k\u00f6nnen.  <div style=\"width: 1020px;\" class=\"wp-video\"><video class=\"wp-video-shortcode\" id=\"video-3516-2\" width=\"1020\" height=\"536\" loop autoplay preload=\"auto\" controls=\"controls\"><source type=\"video\/mp4\" src=\"https:\/\/ajax-alarme.ch\/wp-content\/uploads\/2022\/01\/mco_antimasking-fr.mp4?_=2\" \/><a href=\"https:\/\/ajax-alarme.ch\/wp-content\/uploads\/2022\/01\/mco_antimasking-fr.mp4\">https:\/\/ajax-alarme.ch\/wp-content\/uploads\/2022\/01\/mco_antimasking-fr.mp4<\/a><\/video><\/div>\n<h3><b><\/b><b>Mehrere Stufen des Sabotageschutzes<\/b><\/h3>\n<div>Es ist nicht m\u00f6glich, die MotionCam Outdoor zu deaktivieren, ohne dass ein Alarm ausgel\u00f6st wird, selbst wenn das System unscharf geschaltet ist. Der Melder ist mit Anti-Maskierungssensoren ausgestattet, die reagieren, wenn die Linse verdeckt, abgedeckt oder bemalt ist.<\/div>\n<div>In weniger als einer Minute erkennt der Hub2 oder Hub2+, dass die Verbindung zum Melder verloren gegangen ist, und informiert die Notrufzentrale und die Benutzer \u00fcber das Problem.<\/div>\n<div>In dem Moment, in dem MotionCam Outdoor abgebaut wird, wird jeder dar\u00fcber informiert.<\/div>\n<div style=\"width: 1020px;\" class=\"wp-video\"><video class=\"wp-video-shortcode\" id=\"video-3516-3\" width=\"1020\" height=\"574\" loop autoplay preload=\"auto\" controls=\"controls\"><source type=\"video\/mp4\" src=\"https:\/\/ajax-alarme.ch\/wp-content\/uploads\/2022\/01\/MCO-photoverification1.mp4?_=3\" \/><a href=\"https:\/\/ajax-alarme.ch\/wp-content\/uploads\/2022\/01\/MCO-photoverification1.mp4\">https:\/\/ajax-alarme.ch\/wp-content\/uploads\/2022\/01\/MCO-photoverification1.mp4<\/a><\/video><\/div>\n<h2><\/h2>\n<h2>Technische Spezifikationen<\/h2>\n<p>  Kompatibilit\u00e4t: Nur Hub2 und Hub2+ Typ: Drahtlos Empfohlene H\u00f6he: 0,8 &#8211; 1,3 m Erfassungsreichweite: 3 bis 15 Meter einstellbar Erfassungsbereich: 90\u00b0 Erfassungssystem: Zwei PIR-Sensoren Foto\u00fcbertragungszeit: ca. 10 Minuten. 9 Sekunden Foto-Blickwinkel: 105 Grad Fotoqualit\u00e4t: bis zu 640 \u00d7 480 Nachtaufnahme: Integrierte IR-Beleuchtung Serienaufnahmen: 1 bis 5 Fotos (konfigurierbar) Empfindlichkeit: 3 Stufen Immunit\u00e4t gegen Haustiere: Ja, Tiere unter 80 cm Anti-Masking-System: Ja Stromversorgung: 4 x CR123A Batterien Temperatur: -25\u00b0C bis +60\u00b0C Schutzart: IP55 Abmessungen: 183 x 70 x 65 mm Gewicht: 470gr<\/p>\n","protected":false},"excerpt":{"rendered":"<p id=\"product_condition\">Mit diesem Bewegungsmelder f\u00fcr den Au\u00dfenbereich k\u00f6nnen Sie Bewegungen auf einer Fl\u00e4che von bis zu 175 m\u00b2 erkennen. Dieser intelligente Bewegungsmelder erkennt einen Eindringling, ignoriert aber Tiere dank eines digitalen Algorithmus. Dieses System erm\u00f6glicht es Ihnen, vor einem Einbruch benachrichtigt zu werden. Nur mit Hub2 oder Hub2+ kompatibel<\/p>\n","protected":false},"featured_media":2871,"comment_status":"closed","ping_status":"closed","template":"","meta":[],"product_brand":[],"product_cat":[142],"product_tag":[],"class_list":{"0":"post-3516","1":"product","2":"type-product","3":"status-publish","4":"has-post-thumbnail","6":"product_cat-detektoren-im-ausenbereich","8":"first","9":"instock","10":"sale","11":"shipping-taxable","12":"purchasable","13":"product-type-simple"},"_links":{"self":[{"href":"https:\/\/ajax-alarme.ch\/de\/wp-json\/wp\/v2\/product\/3516","targetHints":{"allow":["GET"]}}],"collection":[{"href":"https:\/\/ajax-alarme.ch\/de\/wp-json\/wp\/v2\/product"}],"about":[{"href":"https:\/\/ajax-alarme.ch\/de\/wp-json\/wp\/v2\/types\/product"}],"replies":[{"embeddable":true,"href":"https:\/\/ajax-alarme.ch\/de\/wp-json\/wp\/v2\/comments?post=3516"}],"wp:featuredmedia":[{"embeddable":true,"href":"https:\/\/ajax-alarme.ch\/de\/wp-json\/wp\/v2\/media\/2871"}],"wp:attachment":[{"href":"https:\/\/ajax-alarme.ch\/de\/wp-json\/wp\/v2\/media?parent=3516"}],"wp:term":[{"taxonomy":"product_brand","embeddable":true,"href":"https:\/\/ajax-alarme.ch\/de\/wp-json\/wp\/v2\/product_brand?post=3516"},{"taxonomy":"product_cat","embeddable":true,"href":"https:\/\/ajax-alarme.ch\/de\/wp-json\/wp\/v2\/product_cat?post=3516"},{"taxonomy":"product_tag","embeddable":true,"href":"https:\/\/ajax-alarme.ch\/de\/wp-json\/wp\/v2\/product_tag?post=3516"}],"curies":[{"name":"wp","href":"https:\/\/api.w.org\/{rel}","templated":true}]}}