{"id":3508,"date":"2020-10-02T15:53:48","date_gmt":"2020-10-02T13:53:48","guid":{"rendered":"https:\/\/ajax-alarme.ch\/product\/hub-2-plus-leistungsstaerkste-ajax-alarmverwaltungszentrale-4g-lan-wifi\/"},"modified":"2025-10-01T18:32:48","modified_gmt":"2025-10-01T16:32:48","slug":"hub-2-plus-leistungsstaerkste-ajax-alarmverwaltungszentrale-4g-lan-wifi","status":"publish","type":"product","link":"https:\/\/ajax-alarme.ch\/de\/product\/hub-2-plus-leistungsstaerkste-ajax-alarmverwaltungszentrale-4g-lan-wifi\/","title":{"rendered":"HUB 2 Plus &#8211; Leistungsst\u00e4rkste AJAX-Alarmverwaltungszentrale. 4G, LAN, WIFI"},"content":{"rendered":"<div class=\"row row-collapse row-full-width\"  id=\"row-443529760\">\n\n\t<div id=\"col-1203329813\" class=\"col medium-2 large-2\"  >\n\t\t\t\t<div class=\"col-inner\"  >\n\t\t\t\n\t\t\t\n\t\t<\/div>\n\t\t\t\t\t<\/div>\n\n\t\n\n\t<div id=\"col-1272278090\" class=\"col medium-8 large-8\"  >\n\t\t\t\t<div class=\"col-inner\"  >\n\t\t\t\n\t\t\t\n\t<div class=\"img has-hover x md-x lg-x y md-y lg-y\" id=\"image_2113995101\">\n\t\t\t\t\t\t\t\t<div class=\"img-inner dark\" >\n\t\t\t<img loading=\"lazy\" decoding=\"async\" width=\"600\" height=\"338\" src=\"https:\/\/ajax-alarme.ch\/wp-content\/uploads\/2020\/10\/communication.gif\" class=\"attachment-large size-large\" alt=\"\" \/>\t\t\t\t\t\t\n\t\t\t\t\t<\/div>\n\t\t\t\t\t\t\t\t\n<style>\n#image_2113995101 {\n  width: 100%;\n}\n<\/style>\n\t<\/div>\n\t\n\t\t<\/div>\n\t\t\t\t\t<\/div>\n\n\t\n\n\t<div id=\"col-871083400\" class=\"col medium-2 large-2\"  >\n\t\t\t\t<div class=\"col-inner\"  >\n\t\t\t\n\t\t\t\n\t\t<\/div>\n\t\t\t\t\t<\/div>\n\n\t\n<\/div>\n<div class=\"row\"  id=\"row-967393686\">\n\n\t<div id=\"col-85601671\" class=\"col small-12 large-12\"  >\n\t\t\t\t<div class=\"col-inner\"  >\n\t\t\t\n\t\t\t\n<div class=\"is-divider divider clearfix\" style=\"max-width:0px;height:25px;\"><\/div>\n<h2>HUB2+ Mit fortschrittlichen Kommunikationsmitteln: 4G &#8211; Wi-Fi &#8211; LAN &amp; MotionCAM<\/h2>\n<p>  Das intelligente Bedienfeld des Hub ist ein wichtiger Teil des Ajax-Sicherheitssystems. Das Ger\u00e4t \u00fcberwacht die Funktion aller Ajax-Melder und sendet sofort ein Alarmsignal an den Besitzer und die zentrale Meldestelle. Funktionsprinzip Das Ger\u00e4t sammelt Informationen \u00fcber den Betrieb des Melders in einem verschl\u00fcsselten Format, analysiert die Daten und alarmiert den Eigent\u00fcmer des Systems und die Alarmzentrale im Falle eines Alarms innerhalb von Millisekunden.<br \/>\nSofortige Kommunikation Die Kommunikation mit der Au\u00dfenwelt ist f\u00fcr die Bedienfelder der Alarmanlage von entscheidender Bedeutung, da sie die schnelle Ausgabe von Alarmsignalen erm\u00f6glicht.  Das neue Bedienfeld von Ajax sorgt f\u00fcr eine \u00e4u\u00dferst stabile Kommunikation. Hub 2 Plus verf\u00fcgt \u00fcber eine Verbindung mit vier unabh\u00e4ngigen Kan\u00e4len, darunter LTE. Mit dieser Konfiguration k\u00f6nnen Sie das Ger\u00e4t \u00fcber Ethernet und Wifi mit zwei verschiedenen Internetdienstanbietern verbinden, w\u00e4hrend zwei Mobilfunkdienste als Backup dienen. Das Umschalten zwischen den Kan\u00e4len erfolgt nahtlos in wenigen Sekunden.<\/p>\n\t\t<\/div>\n\t\t\t\t\t<\/div>\n\n\t\n<\/div>\n<div class=\"row align-middle\"  id=\"row-1418990611\">\n\n\t<div id=\"col-9750777\" class=\"col medium-6 small-12 large-6\"  >\n\t\t\t\t<div class=\"col-inner\"  >\n\t\t\t\n\t\t\t\n<h2><strong>Foto in 9 Sekunden<\/strong><\/h2>\n<p>  Die \u00dcberpr\u00fcfung von Fotos ist der neueste Stand in der Sicherheitsindustrie. Diese Technologie ist die perfekte L\u00f6sung f\u00fcr Gesch\u00e4fts- und Wohngeb\u00e4ude: Sie ist zug\u00e4nglich und respektiert Ihre Privatsph\u00e4re. CMS-Benutzer und -Bediener k\u00f6nnen die Situation live mit animierten Fotosequenzen von den MotionCam-Meldern beurteilen. Die fest installierten Kameras werden jedoch nur als Reaktion auf Alarme aktiviert, niemals auf Anfrage. Hub 2 Plus kann bis zu 200 MotionCam-Melder verwalten und Fotoalarmbest\u00e4tigungen an Benutzer und Sicherheitsunternehmen in nur 9 Sekunden senden, selbst wenn SIM-Karten f\u00fcr die Kommunikation verwendet werden.<\/p>\n\t\t<\/div>\n\t\t\t\t\t<\/div>\n\n\t\n\n\t<div id=\"col-590434038\" class=\"col medium-6 small-12 large-6\"  >\n\t\t\t\t<div class=\"col-inner\"  >\n\t\t\t\n\t\t\t\n\t<div class=\"img has-hover x md-x lg-x y md-y lg-y\" id=\"image_1588110487\">\n\t\t\t\t\t\t\t\t<div class=\"img-inner dark\" >\n\t\t\t<img loading=\"lazy\" decoding=\"async\" width=\"600\" height=\"338\" src=\"https:\/\/ajax-alarme.ch\/wp-content\/uploads\/2020\/10\/motioncam.gif\" class=\"attachment-large size-large\" alt=\"\" \/>\t\t\t\t\t\t\n\t\t\t\t\t<\/div>\n\t\t\t\t\t\t\t\t\n<style>\n#image_1588110487 {\n  width: 100%;\n}\n<\/style>\n\t<\/div>\n\t\n\t\t<\/div>\n\t\t\t\t\t<\/div>\n\n\t\n<\/div>\n<div class=\"is-divider divider clearfix\" style=\"max-width:0px;height:25px;\"><\/div>\n<h2><strong>Garantierte Lieferung von Alarmen und Fotobest\u00e4tigungen<\/strong><\/h2>\n<p>  Wir haben das Jeweler-Funkprotokoll entwickelt, um sicherzustellen, dass alle Ger\u00e4te des Sicherheitssystems weiterhin ohne Unterbrechung funktionieren. Jeweler bietet eine bidirektionale Kommunikation zwischen dem Hub und den Detektoren in einer Entfernung von bis zu 2000 Metern. Ajax-Ger\u00e4te k\u00f6nnen ferngesteuert werden, und Alarmsignale k\u00f6nnen in weniger als 0,15 Sekunden kommunizieren. Jeweler verwendet Verz\u00f6gerungen, um die Kommunikation mit angeschlossenen Ger\u00e4ten zu synchronisieren, Authentifizierung, um F\u00e4lschungen auszuschlie\u00dfen, und Verschl\u00fcsselung, um Datenverletzungen zu verhindern. Au\u00dferdem handelt es sich um ein sehr energieeffizientes Funkprotokoll. Die Detektoren funktionieren jahrelang mit den vorinstallierten Batterien.  <\/p>\n<h2><strong>Automatisierte Sicherheit<\/strong><\/h2>\n<p>  Hub 2 Plus unterst\u00fctzt 64 Szenarien, die den menschlichen Einfluss auf die Sicherheit des Standorts minimieren. Er kann das gesamte Sicherheitssystem oder bestimmte Gruppen automatisch nach einem Zeitplan aktivieren und deaktivieren. Au\u00dferdem kann das System bei einem Einbruch sofort einen Rauchschutz aktivieren, im Brandfall die Stromversorgung unterbrechen und die Notbeleuchtung einschalten oder bei einem Leck die Wasserversorgung unterbrechen. . Mithilfe einer Automatisierungsausr\u00fcstung kann Hub 2 Plus die Beleuchtung, elektrische Schl\u00f6sser und Rolll\u00e4den steuern. Szenarien k\u00f6nnen als Reaktion auf \u00c4nderungen des Sicherheitsmodus, auf Alarmausl\u00f6ser oder Button-Befehle ausgel\u00f6st werden.  <div class=\"is-divider divider clearfix\" style=\"max-width:0px;height:25px;\"><\/div>\n<div class=\"row align-middle\"  id=\"row-1458781934\">\n\n\t<div id=\"col-867611725\" class=\"col medium-6 small-12 large-6\"  >\n\t\t\t\t<div class=\"col-inner\"  >\n\t\t\t\n\t\t\t\n<h2><strong>Sehr hohe Sicherheit<\/strong><\/h2>\n<p>  Was auch immer mit Hub 2 Plus geschieht, das Sicherheitsunternehmen und die Nutzer werden immer eine Benachrichtigung erhalten. Wenn Eindringlinge versuchen, das Ger\u00e4t vom Stromnetz zu trennen, ert\u00f6nt ein Sabotagealarm. Wenn der Ajax-Cloud-Server die Verbindung zu einem Hub verliert, sendet er dank kurzer Ping-Intervalle innerhalb von nur 60 Sekunden eine Benachrichtigung. Selbst bei einem Stromausfall sch\u00fctzt Hub 2 Plus das Geb\u00e4ude bis zu 15 Stunden lang mit der eingebauten Backup-Batterie.  <\/p>\n<ul>\n<li>Abfragezeitraum f\u00fcr Ger\u00e4te: 12 Sekunden<\/li>\n<li>Erkennung des Verlusts der Verbindung zum Hub: 60 Sekunden<\/li>\n<li>Betrieb mit Notstrombatterie: &gt; 15 Stunden<\/li>\n<\/ul>\n\t\t<\/div>\n\t\t\t\t\t<\/div>\n\n\t\n\n\t<div id=\"col-1879793466\" class=\"col medium-6 small-12 large-6\"  >\n\t\t\t\t<div class=\"col-inner\"  >\n\t\t\t\n\t\t\t\n\t<div class=\"img has-hover x md-x lg-x y md-y lg-y\" id=\"image_1598552837\">\n\t\t\t\t\t\t\t\t<div class=\"img-inner dark\" >\n\t\t\t<img loading=\"lazy\" decoding=\"async\" width=\"600\" height=\"337\" src=\"https:\/\/ajax-alarme.ch\/wp-content\/uploads\/2020\/10\/extender.gif\" class=\"attachment-large size-large\" alt=\"\" \/>\t\t\t\t\t\t\n\t\t\t\t\t<\/div>\n\t\t\t\t\t\t\t\t\n<style>\n#image_1598552837 {\n  width: 100%;\n}\n<\/style>\n\t<\/div>\n\t\n\t\t<\/div>\n\t\t\t\t\t<\/div>\n\n\t\n<\/div>\n<div class=\"is-divider divider clearfix\" style=\"max-width:0px;height:25px;\"><\/div>\n<h2><b style=\"font-size: 23.040000915527344px;\">Auf die Zukunft gerichtet<\/b><\/h2>\n<p>  Hub 2 Plus l\u00e4uft auf OS Malevich, einem Echtzeitbetriebssystem, das von Ajax Systems entwickelt wurde. OS Malevich ist extrem stabil, immun gegen Viren und sicher vor Cyberangriffen. OS Malevich wird dank seiner modularen Architektur st\u00e4ndig aktualisiert. Das System erh\u00e4lt mehrmals im Jahr neue Funktionen \u00fcber Live-Software-Updates. F\u00fcr den Prozess ist kein Installateur oder Benutzer erforderlich und die Umsetzung dauert nur wenige Minuten &#8211; nur wenn das Sicherheitssystem deaktiviert ist. Hub 2 Plus ist das effektivste Ajax-Steuerungsfeld. Es hat einen 4,5-mal schnelleren Prozessor als Hub 2 und 8-mal mehr Flash-Speicher. Mit dieser Hardwarekonfiguration wird das Ger\u00e4t jahrelang funktionieren und auf dem neuesten Stand bleiben.  <\/p>\n<h2><b>Funktioniert mit Ihrem Smartphone<\/b><\/h2>\n<p>  Wir haben bewusst keine Schaltfl\u00e4chen zu unserem Bedienfeld hinzugef\u00fcgt und keine archaischen Schnittstellen verwendet. Anwendungen sind komfortabler und sicherer. Sie verbinden sich mit einem Hub \u00fcber einen sicheren Kanal mit der Ajax Cloud; unsere Serverl\u00f6sung, die sich in verschiedenen AWS-Rechenzentren befindet. Mithilfe von Anwendungen k\u00f6nnen Benutzer die Sicherheit kontrollieren, die Einstellungen des Konzentrators \u00e4ndern, angeschlossene Ger\u00e4te konfigurieren, Szenarien erstellen und Ereignisse \u00fcberwachen. Von einem Smartphone oder PC aus. Vor Ort oder auf der Stra\u00dfe.  <div class=\"is-divider divider clearfix\" style=\"max-width:0px;height:25px;\"><\/div>\n\t<div class=\"img has-hover x md-x lg-x y md-y lg-y\" id=\"image_1961817099\">\n\t\t\t\t\t\t\t\t<div class=\"img-inner dark\" >\n\t\t\t<img loading=\"lazy\" decoding=\"async\" width=\"1020\" height=\"570\" src=\"https:\/\/ajax-alarme.ch\/wp-content\/uploads\/2021\/02\/Comparatif-HUB-1400x783.jpg\" class=\"attachment-large size-large\" alt=\"\" srcset=\"https:\/\/ajax-alarme.ch\/wp-content\/uploads\/2021\/02\/Comparatif-HUB-1400x783.jpg 1400w, https:\/\/ajax-alarme.ch\/wp-content\/uploads\/2021\/02\/Comparatif-HUB-510x285.jpg 510w, https:\/\/ajax-alarme.ch\/wp-content\/uploads\/2021\/02\/Comparatif-HUB-715x400.jpg 715w, https:\/\/ajax-alarme.ch\/wp-content\/uploads\/2021\/02\/Comparatif-HUB-768x430.jpg 768w, https:\/\/ajax-alarme.ch\/wp-content\/uploads\/2021\/02\/Comparatif-HUB-1536x859.jpg 1536w, https:\/\/ajax-alarme.ch\/wp-content\/uploads\/2021\/02\/Comparatif-HUB-600x336.jpg 600w, https:\/\/ajax-alarme.ch\/wp-content\/uploads\/2021\/02\/Comparatif-HUB.jpg 1612w\" sizes=\"auto, (max-width: 1020px) 100vw, 1020px\" \/>\t\t\t\t\t\t\n\t\t\t\t\t<\/div>\n\t\t\t\t\t\t\t\t\n<style>\n#image_1961817099 {\n  width: 100%;\n}\n<\/style>\n\t<\/div>\n\t\n","protected":false},"excerpt":{"rendered":"<div id=\"short_description_block\">\n<div id=\"short_description_content\" class=\"rte align_justify\">  Die 4G\/Wi-Fi\/LAN Alarmzentrale erm\u00f6glicht es Ihnen, Ihr Alarmsystem mit der besten Konnektivit\u00e4t auf dem heutigen Markt zu betreiben. Diese Zentrale erm\u00f6glicht es Ihnen, bis zu 200 Ger\u00e4te zu verwalten und Ihren Alarm ganz einfach von Ihrem Smartphone aus zu steuern.  <\/div>\n<\/div>\n","protected":false},"featured_media":5195,"comment_status":"closed","ping_status":"closed","template":"","meta":[],"product_brand":[],"product_cat":[162],"product_tag":[],"class_list":{"0":"post-3508","1":"product","2":"type-product","3":"status-publish","4":"has-post-thumbnail","6":"product_cat-zentrale-hub-ajax","8":"first","9":"instock","10":"sale","11":"shipping-taxable","12":"purchasable","13":"product-type-variable"},"_links":{"self":[{"href":"https:\/\/ajax-alarme.ch\/de\/wp-json\/wp\/v2\/product\/3508","targetHints":{"allow":["GET"]}}],"collection":[{"href":"https:\/\/ajax-alarme.ch\/de\/wp-json\/wp\/v2\/product"}],"about":[{"href":"https:\/\/ajax-alarme.ch\/de\/wp-json\/wp\/v2\/types\/product"}],"replies":[{"embeddable":true,"href":"https:\/\/ajax-alarme.ch\/de\/wp-json\/wp\/v2\/comments?post=3508"}],"wp:featuredmedia":[{"embeddable":true,"href":"https:\/\/ajax-alarme.ch\/de\/wp-json\/wp\/v2\/media\/5195"}],"wp:attachment":[{"href":"https:\/\/ajax-alarme.ch\/de\/wp-json\/wp\/v2\/media?parent=3508"}],"wp:term":[{"taxonomy":"product_brand","embeddable":true,"href":"https:\/\/ajax-alarme.ch\/de\/wp-json\/wp\/v2\/product_brand?post=3508"},{"taxonomy":"product_cat","embeddable":true,"href":"https:\/\/ajax-alarme.ch\/de\/wp-json\/wp\/v2\/product_cat?post=3508"},{"taxonomy":"product_tag","embeddable":true,"href":"https:\/\/ajax-alarme.ch\/de\/wp-json\/wp\/v2\/product_tag?post=3508"}],"curies":[{"name":"wp","href":"https:\/\/api.w.org\/{rel}","templated":true}]}}