{"id":3501,"date":"2021-02-21T12:54:30","date_gmt":"2021-02-21T11:54:30","guid":{"rendered":"https:\/\/ajax-alarme.ch\/product\/doorprotect-plus-oeffnungsmelder-fuer-fenster-und-tueren-schock-neigung\/"},"modified":"2025-08-05T19:17:16","modified_gmt":"2025-08-05T17:17:16","slug":"doorprotect-plus-oeffnungsmelder-fuer-fenster-und-tueren-schock-neigung","status":"publish","type":"product","link":"https:\/\/ajax-alarme.ch\/de\/product\/doorprotect-plus-oeffnungsmelder-fuer-fenster-und-tueren-schock-neigung\/","title":{"rendered":"DoorProtect Plus &#8211; \u00d6ffnungsmelder f\u00fcr Fenster und T\u00fcren + Schock + Neigung"},"content":{"rendered":"<div class=\"row\"  id=\"row-1050601068\">\n\n\t<div id=\"col-777889929\" class=\"col medium-6 small-12 large-6\"  >\n\t\t\t\t<div class=\"col-inner\"  >\n\t\t\t\n\t\t\t\n<p><strong>Funktionsprinzip<\/strong> Das Ger\u00e4t erkennt das \u00d6ffnen einer T\u00fcr oder eines Fensters mit Hilfe eines hochwertigen Reed-Relais, das in Gro\u00dfbritannien hergestellt wird.<br \/>\nEs kann auch als Sender fungieren, indem es ein Signal vom kabelgebundenen Sensor zum Hub sendet. <g id=\"gid_1\">Funktionen<\/g> Das Ger\u00e4t sch\u00fctzt sogar offene Fenster f\u00fcr die Bel\u00fcftung.<br \/>\nDer Beschleunigungsmesser registriert \u00c4nderungen der vertikalen Neigung, Pops und Vibrationen und sendet einen Alarm an die Nabe. <g id=\"gid_2\">Installation und Konfiguration<\/g> Gebrauchsfertig Gebrauchsfertig: Die Batterie ist bereits installiert, so dass der Melder nicht zerlegt werden muss.   Mit nur einem Klick mit dem Hub in der mobilen Anwendung verbunden. Er kann in nur wenigen Minuten auf dem SmartBracket montiert werden.<\/p>\n\t\t<\/div>\n\t\t\t\t\t<\/div>\n\n\t\n\n\t<div id=\"col-1025994963\" class=\"col medium-6 small-12 large-6\"  >\n\t\t\t\t<div class=\"col-inner\"  >\n\t\t\t\n\t\t\t\n<div class=\"is-divider divider clearfix\" style=\"max-width:0px;height:65px;\"><\/div>\n\t<div class=\"img has-hover x md-x lg-x y md-y lg-y\" id=\"image_1794311977\">\n\t\t\t\t\t\t\t\t<div class=\"img-inner dark\" >\n\t\t\t<img loading=\"lazy\" decoding=\"async\" width=\"993\" height=\"544\" src=\"https:\/\/ajax-alarme.ch\/wp-content\/uploads\/2021\/02\/doorprotect.jpg\" class=\"attachment-large size-large\" alt=\"\" srcset=\"https:\/\/ajax-alarme.ch\/wp-content\/uploads\/2021\/02\/doorprotect.jpg 993w, https:\/\/ajax-alarme.ch\/wp-content\/uploads\/2021\/02\/doorprotect-510x279.jpg 510w, https:\/\/ajax-alarme.ch\/wp-content\/uploads\/2021\/02\/doorprotect-730x400.jpg 730w, https:\/\/ajax-alarme.ch\/wp-content\/uploads\/2021\/02\/doorprotect-768x421.jpg 768w, https:\/\/ajax-alarme.ch\/wp-content\/uploads\/2021\/02\/doorprotect-600x329.jpg 600w\" sizes=\"auto, (max-width: 993px) 100vw, 993px\" \/>\t\t\t\t\t\t\n\t\t\t\t\t<\/div>\n\t\t\t\t\t\t\t\t\n<style>\n#image_1794311977 {\n  width: 100%;\n}\n<\/style>\n\t<\/div>\n\t\n\t\t<\/div>\n\t\t\t\t\t<\/div>\n\n\t\n<\/div>\n<div class=\"row\"  id=\"row-761118651\">\n\n\t<div id=\"col-1386060313\" class=\"col medium-7 small-12 large-7\"  >\n\t\t\t\t<div class=\"col-inner\"  >\n\t\t\t\n\t\t\t\n\t<div class=\"img has-hover x md-x lg-x y md-y lg-y\" id=\"image_1952537465\">\n\t\t\t\t\t\t\t\t<div class=\"img-inner dark\" >\n\t\t\t<img loading=\"lazy\" decoding=\"async\" width=\"655\" height=\"800\" src=\"https:\/\/ajax-alarme.ch\/wp-content\/uploads\/2021\/02\/AJAX-DoorProtect-example-04-655x800.png\" class=\"attachment-large size-large\" alt=\"\" srcset=\"https:\/\/ajax-alarme.ch\/wp-content\/uploads\/2021\/02\/AJAX-DoorProtect-example-04-655x800.png 655w, https:\/\/ajax-alarme.ch\/wp-content\/uploads\/2021\/02\/AJAX-DoorProtect-example-04-510x623.png 510w, https:\/\/ajax-alarme.ch\/wp-content\/uploads\/2021\/02\/AJAX-DoorProtect-example-04-327x400.png 327w, https:\/\/ajax-alarme.ch\/wp-content\/uploads\/2021\/02\/AJAX-DoorProtect-example-04-600x733.png 600w, https:\/\/ajax-alarme.ch\/wp-content\/uploads\/2021\/02\/AJAX-DoorProtect-example-04.png 765w\" sizes=\"auto, (max-width: 655px) 100vw, 655px\" \/>\t\t\t\t\t\t\n\t\t\t\t\t<\/div>\n\t\t\t\t\t\t\t\t\n<style>\n#image_1952537465 {\n  width: 100%;\n}\n<\/style>\n\t<\/div>\n\t\n\t\t<\/div>\n\t\t\t\t\t<\/div>\n\n\t\n\n\t<div id=\"col-1216429871\" class=\"col medium-5 small-12 large-5\"  >\n\t\t\t\t<div class=\"col-inner\"  >\n\t\t\t\n\t\t\t\n<div class=\"is-divider divider clearfix\" style=\"max-width:0px;height:65px;\"><\/div>  Drahtloser \u00d6ffnungsmelder, der die ersten Anzeichen eines Eindringens in den Raum durch Aufbrechen einer T\u00fcr oder eines Fensters meldet. Er kann an allen Arten von T\u00fcren angebracht werden, auch an einer Metallbasis. Authentifizierung gegen Betrug St\u00f6rungserkennung und Verschl\u00fcsselung der Kommunikationskan\u00e4le Sabotagealarm Sicherheitsstufe Das Ger\u00e4t kann 7 Jahre lang ohne Batteriewechsel betrieben werden. F\u00fcr den Anschluss von Drittanbietermeldern steht ein externer Kontakt zur Verf\u00fcgung. Enth\u00e4lt Magnete in verschiedenen Gr\u00f6\u00dfen f\u00fcr die Anbringung an schmalen Rahmen und T\u00fcrrahmen.<\/p>\n\t\t<\/div>\n\t\t\t\t\t<\/div>\n\n\t\n<\/div>\n<div class=\"is-divider divider clearfix\" style=\"max-width:0px;height:42px;\"><\/div>\n  <div class=\"banner-grid-wrapper\">\n  <div id=\"banner-grid-1683270192\" class=\"banner-grid row row-grid row-small\" data-packery-options=\"\">\n                      \n<div class=\"col grid-col large-6 grid-col-1\" ><div class=\"col-inner\">\n\t<div class=\"img has-hover x md-x lg-x y md-y lg-y\" id=\"image_1146488059\">\n\t\t\t\t\t\t\t\t<div class=\"img-inner dark\" >\n\t\t\t<img loading=\"lazy\" decoding=\"async\" width=\"1020\" height=\"574\" src=\"https:\/\/ajax-alarme.ch\/wp-content\/uploads\/2021\/02\/DoorProtect_Plus_.jpg\" class=\"attachment-large size-large\" alt=\"\" srcset=\"https:\/\/ajax-alarme.ch\/wp-content\/uploads\/2021\/02\/DoorProtect_Plus_.jpg 1200w, https:\/\/ajax-alarme.ch\/wp-content\/uploads\/2021\/02\/DoorProtect_Plus_-510x287.jpg 510w, https:\/\/ajax-alarme.ch\/wp-content\/uploads\/2021\/02\/DoorProtect_Plus_-711x400.jpg 711w, https:\/\/ajax-alarme.ch\/wp-content\/uploads\/2021\/02\/DoorProtect_Plus_-768x432.jpg 768w, https:\/\/ajax-alarme.ch\/wp-content\/uploads\/2021\/02\/DoorProtect_Plus_-600x338.jpg 600w\" sizes=\"auto, (max-width: 1020px) 100vw, 1020px\" \/>\t\t\t\t\t\t\n\t\t\t\t\t<\/div>\n\t\t\t\t\t\t\t\t\n<style>\n#image_1146488059 {\n  width: 100%;\n}\n<\/style>\n\t<\/div>\n\t\n<\/div><\/div>\n<div class=\"col grid-col large-3 grid-col-1\" ><div class=\"col-inner\">\n\t<div class=\"img has-hover x md-x lg-x y md-y lg-y\" id=\"image_1911673703\">\n\t\t\t\t\t\t\t\t<div class=\"img-inner dark\" >\n\t\t\t<img loading=\"lazy\" decoding=\"async\" width=\"500\" height=\"500\" src=\"https:\/\/ajax-alarme.ch\/wp-content\/uploads\/2021\/02\/batterie.png\" class=\"attachment-large size-large\" alt=\"\" srcset=\"https:\/\/ajax-alarme.ch\/wp-content\/uploads\/2021\/02\/batterie.png 500w, https:\/\/ajax-alarme.ch\/wp-content\/uploads\/2021\/02\/batterie-247x247.png 247w, https:\/\/ajax-alarme.ch\/wp-content\/uploads\/2021\/02\/batterie-100x100.png 100w, https:\/\/ajax-alarme.ch\/wp-content\/uploads\/2021\/02\/batterie-400x400.png 400w, https:\/\/ajax-alarme.ch\/wp-content\/uploads\/2021\/02\/batterie-280x280.png 280w, https:\/\/ajax-alarme.ch\/wp-content\/uploads\/2021\/02\/batterie-300x300.png 300w\" sizes=\"auto, (max-width: 500px) 100vw, 500px\" \/>\t\t\t\t\t\t\n\t\t\t\t\t<\/div>\n\t\t\t\t\t\t\t\t\n<style>\n#image_1911673703 {\n  width: 100%;\n}\n<\/style>\n\t<\/div>\n\t\n<\/div><\/div>\n<div class=\"col grid-col large-3 grid-col-1-2\" ><div class=\"col-inner\">\n\t<div class=\"img has-hover x md-x lg-x y md-y lg-y\" id=\"image_940425763\">\n\t\t\t\t\t\t\t\t<div class=\"img-inner dark\" >\n\t\t\t<img loading=\"lazy\" decoding=\"async\" width=\"450\" height=\"800\" src=\"https:\/\/ajax-alarme.ch\/wp-content\/uploads\/2021\/02\/app-450x800.jpg\" class=\"attachment-large size-large\" alt=\"\" srcset=\"https:\/\/ajax-alarme.ch\/wp-content\/uploads\/2021\/02\/app-450x800.jpg 450w, https:\/\/ajax-alarme.ch\/wp-content\/uploads\/2021\/02\/app-225x400.jpg 225w, https:\/\/ajax-alarme.ch\/wp-content\/uploads\/2021\/02\/app.jpg 500w\" sizes=\"auto, (max-width: 450px) 100vw, 450px\" \/>\t\t\t\t\t\t\n\t\t\t\t\t<\/div>\n\t\t\t\t\t\t\t\t\n<style>\n#image_940425763 {\n  width: 100%;\n}\n<\/style>\n\t<\/div>\n\t\n<\/div><\/div>\n<div class=\"col grid-col large-3 grid-col-1-2\" ><div class=\"col-inner\">\n\t<div class=\"img has-hover x md-x lg-x y md-y lg-y\" id=\"image_35338775\">\n\t\t\t\t\t\t\t\t<div class=\"img-inner dark\" >\n\t\t\t<img loading=\"lazy\" decoding=\"async\" width=\"433\" height=\"333\" src=\"https:\/\/ajax-alarme.ch\/wp-content\/uploads\/2021\/02\/AJAX-RELAIS-WIRELESS.jpg\" class=\"attachment-large size-large\" alt=\"\" \/>\t\t\t\t\t\t\n\t\t\t\t\t<\/div>\n\t\t\t\t\t\t\t\t\n<style>\n#image_35338775 {\n  width: 100%;\n}\n<\/style>\n\t<\/div>\n\t\n<\/div><\/div>\n            <\/div>\n    <style>\n    #banner-grid-1683270192 .grid-col-1{height: 600px}\n    #banner-grid-1683270192 .grid-col-1-2{height: 300px}\n    #banner-grid-1683270192 .grid-col-1-3{height:200px}\n    #banner-grid-1683270192 .grid-col-2-3{height: 400px}\n    #banner-grid-1683270192 .grid-col-1-4{height: 150px}\n    #banner-grid-1683270192 .grid-col-3-4{height: 450px}\n\n\n    \n    \n\n  <\/style>\n    <\/div>\n  \n","protected":false},"excerpt":{"rendered":"<p id=\"product_condition\">Der drahtlose \u00d6ffnungsmelder meldet die ersten Anzeichen daf\u00fcr, dass jemand durch die T\u00fcr oder das Fenster in den Raum eindringt. Es l\u00e4sst sich sogar an Dachfenstern anbringen, die beim Verlassen des Hauses offen gelassen werden k\u00f6nnen.<\/p>\n","protected":false},"featured_media":5478,"comment_status":"closed","ping_status":"closed","template":"","meta":[],"product_brand":[],"product_cat":[134],"product_tag":[],"class_list":{"0":"post-3501","1":"product","2":"type-product","3":"status-publish","4":"has-post-thumbnail","6":"product_cat-offnungsdetektoren","8":"first","9":"instock","10":"sale","11":"shipping-taxable","12":"purchasable","13":"product-type-variable"},"_links":{"self":[{"href":"https:\/\/ajax-alarme.ch\/de\/wp-json\/wp\/v2\/product\/3501","targetHints":{"allow":["GET"]}}],"collection":[{"href":"https:\/\/ajax-alarme.ch\/de\/wp-json\/wp\/v2\/product"}],"about":[{"href":"https:\/\/ajax-alarme.ch\/de\/wp-json\/wp\/v2\/types\/product"}],"replies":[{"embeddable":true,"href":"https:\/\/ajax-alarme.ch\/de\/wp-json\/wp\/v2\/comments?post=3501"}],"wp:featuredmedia":[{"embeddable":true,"href":"https:\/\/ajax-alarme.ch\/de\/wp-json\/wp\/v2\/media\/5478"}],"wp:attachment":[{"href":"https:\/\/ajax-alarme.ch\/de\/wp-json\/wp\/v2\/media?parent=3501"}],"wp:term":[{"taxonomy":"product_brand","embeddable":true,"href":"https:\/\/ajax-alarme.ch\/de\/wp-json\/wp\/v2\/product_brand?post=3501"},{"taxonomy":"product_cat","embeddable":true,"href":"https:\/\/ajax-alarme.ch\/de\/wp-json\/wp\/v2\/product_cat?post=3501"},{"taxonomy":"product_tag","embeddable":true,"href":"https:\/\/ajax-alarme.ch\/de\/wp-json\/wp\/v2\/product_tag?post=3501"}],"curies":[{"name":"wp","href":"https:\/\/api.w.org\/{rel}","templated":true}]}}