{"id":3493,"date":"2021-09-02T17:27:45","date_gmt":"2021-09-02T15:27:45","guid":{"rendered":"https:\/\/ajax-alarme.ch\/product\/namensschild-fuer-die-tastatur\/"},"modified":"2025-08-05T19:45:41","modified_gmt":"2025-08-05T17:45:41","slug":"namensschild-fuer-die-tastatur","status":"publish","type":"product","link":"https:\/\/ajax-alarme.ch\/de\/product\/namensschild-fuer-die-tastatur\/","title":{"rendered":"Namensschild f\u00fcr die Tastatur"},"content":{"rendered":"<div class=\"row\"  id=\"row-1603647682\">\n\n\t<div id=\"col-1851552662\" class=\"col medium-7 small-12 large-7\"  >\n\t\t\t\t<div class=\"col-inner\"  >\n\t\t\t\n\t\t\t\n<h2>Verschl\u00fcsseltes Namensschild f\u00fcr Tastatur mit Leseger\u00e4t<\/h2>\n<h4><strong>Schneller Zugriff auf das Sicherheitssystem<\/strong><\/h4>\n<p>  Um das Sicherheitssystem zu entsch\u00e4rfen, halten Sie einfach den Ausweis an das Leseger\u00e4t auf der Tastatur. Mit diesem kopiergesch\u00fctzten Ausweis k\u00f6nnen Sie die Sicherheitsmodi ohne Passwort, Benutzerkonto und Zugriff auf die Ajax-Anwendung verwalten.  <\/p>\n<h4><strong>Datenschutz auf hohem Niveau<\/strong><\/h4>\n<p>  Um Benutzer schnell und sicher identifizieren zu k\u00f6nnen, verf\u00fcgt KeyPad Plus \u00fcber die DESFire\u00ae-Technologie. Es ist die beste kontaktlose L\u00f6sung seiner Klasse, um den Benutzer per kontaktlosem Ausweis zu identifizieren. DESFire\u00ae basiert auf dem internationalen Standard ISO 14443 und kombiniert eine vollst\u00e4ndige 128-Bit-Verschl\u00fcsselung mit einem Kopierschutz. Diese Technologie wird auch in den Transportsystemen der europ\u00e4ischen Hauptst\u00e4dte und den Zugangssystemen der NASA verwendet.  <\/p>\n<h4><strong>Ein Schl\u00fcssel f\u00fcr zu Hause und im B\u00fcro<\/strong><\/h4>\n<p>  In der Anwendung k\u00f6nnen Sie den Namen und die Zugriffsrechte f\u00fcr jeden Ausweis festlegen. Sie wissen immer, wer und wann den Sicherheitsmodus ge\u00e4ndert hat, jede Aktion wird im Ereignisprotokoll festgehalten. Der Systemadministrator kann die Zugriffsrechte auf das System in Echtzeit widerrufen oder einschr\u00e4nken.<\/p>\n\t\t<\/div>\n\t\t\t\t\t<\/div>\n\n\t\n\n\t<div id=\"col-175659374\" class=\"col medium-5 small-12 large-5\"  >\n\t\t\t\t<div class=\"col-inner\"  >\n\t\t\t\n\t\t\t\n<div class=\"is-divider divider clearfix\" style=\"max-width:0px;height:41px;\"><\/div>\n\t<div class=\"img has-hover x md-x lg-x y md-y lg-y\" id=\"image_1758559984\">\n\t\t\t\t\t\t\t\t<div class=\"img-inner dark\" >\n\t\t\t<img loading=\"lazy\" decoding=\"async\" width=\"800\" height=\"800\" src=\"https:\/\/ajax-alarme.ch\/wp-content\/uploads\/2021\/09\/ajax-clavier-badge-800x800.jpg\" class=\"attachment-large size-large\" alt=\"\" srcset=\"https:\/\/ajax-alarme.ch\/wp-content\/uploads\/2021\/09\/ajax-clavier-badge-800x800.jpg 800w, https:\/\/ajax-alarme.ch\/wp-content\/uploads\/2021\/09\/ajax-clavier-badge-247x247.jpg 247w, https:\/\/ajax-alarme.ch\/wp-content\/uploads\/2021\/09\/ajax-clavier-badge-100x100.jpg 100w, https:\/\/ajax-alarme.ch\/wp-content\/uploads\/2021\/09\/ajax-clavier-badge-510x510.jpg 510w, https:\/\/ajax-alarme.ch\/wp-content\/uploads\/2021\/09\/ajax-clavier-badge-400x400.jpg 400w, https:\/\/ajax-alarme.ch\/wp-content\/uploads\/2021\/09\/ajax-clavier-badge-280x280.jpg 280w, https:\/\/ajax-alarme.ch\/wp-content\/uploads\/2021\/09\/ajax-clavier-badge-768x768.jpg 768w, https:\/\/ajax-alarme.ch\/wp-content\/uploads\/2021\/09\/ajax-clavier-badge-300x300.jpg 300w, https:\/\/ajax-alarme.ch\/wp-content\/uploads\/2021\/09\/ajax-clavier-badge-600x600.jpg 600w, https:\/\/ajax-alarme.ch\/wp-content\/uploads\/2021\/09\/ajax-clavier-badge.jpg 1000w\" sizes=\"auto, (max-width: 800px) 100vw, 800px\" \/>\t\t\t\t\t\t\n\t\t\t\t\t<\/div>\n\t\t\t\t\t\t\t\t\n<style>\n#image_1758559984 {\n  width: 100%;\n}\n<\/style>\n\t<\/div>\n\t\n\t\t<\/div>\n\t\t\t\t\t<\/div>\n\n\t\n<\/div>\n<div class=\"is-divider divider clearfix\" style=\"max-width:0px;height:41px;\"><\/div>\n<div class=\"row\"  id=\"row-397352747\">\n\n\t<div id=\"col-1908396044\" class=\"col medium-7 small-12 large-7\"  >\n\t\t\t\t<div class=\"col-inner\"  >\n\t\t\t\n\t\t\t\n\t<div class=\"img has-hover x md-x lg-x y md-y lg-y\" id=\"image_1506003761\">\n\t\t\t\t\t\t\t\t<div class=\"img-inner dark\" style=\"margin:0px 0px 0px 0;\">\n\t\t\t<img loading=\"lazy\" decoding=\"async\" width=\"1020\" height=\"482\" src=\"https:\/\/ajax-alarme.ch\/wp-content\/uploads\/2021\/09\/tag-image.png\" class=\"attachment-large size-large\" alt=\"\" srcset=\"https:\/\/ajax-alarme.ch\/wp-content\/uploads\/2021\/09\/tag-image.png 1083w, https:\/\/ajax-alarme.ch\/wp-content\/uploads\/2021\/09\/tag-image-510x241.png 510w, https:\/\/ajax-alarme.ch\/wp-content\/uploads\/2021\/09\/tag-image-800x378.png 800w, https:\/\/ajax-alarme.ch\/wp-content\/uploads\/2021\/09\/tag-image-768x363.png 768w, https:\/\/ajax-alarme.ch\/wp-content\/uploads\/2021\/09\/tag-image-600x284.png 600w\" sizes=\"auto, (max-width: 1020px) 100vw, 1020px\" \/>\t\t\t\t\t\t\n\t\t\t\t\t<\/div>\n\t\t\t\t\t\t\t\t\n<style>\n#image_1506003761 {\n  width: 97%;\n}\n<\/style>\n\t<\/div>\n\t\n\t\t<\/div>\n\t\t\t\t\t<\/div>\n\n\t\n\n\t<div id=\"col-981248463\" class=\"col medium-5 small-12 large-5\"  >\n\t\t\t\t<div class=\"col-inner\"  >\n\t\t\t\n\t\t\t\n<h2>Technische Spezifikationen<\/h2>\n<p>  DESFire\u00ae Technologie ISO 14443-\u0410 Betriebsstandard (13,56 MHz) M\u00f6glichkeit der Benutzerzuweisung Maximale Anzahl der verbundenen Hubs Bis zu 13 Kompatibilit\u00e4t mit Tastatur mit integriertem Leseger\u00e4t Allgemeine Abmessungen 45 \u00d7 32 \u00d7 6 mm Gewicht 7 g<\/p>\n\t\t<\/div>\n\t\t\t\t\t<\/div>\n\n\t\n<\/div>\n","protected":false},"excerpt":{"rendered":"<p id=\"product_manufacturer\">Desfire Namensschild f\u00fcr Tastatur mit integriertem Namensschildleser.<\/p>\n","protected":false},"featured_media":5231,"comment_status":"closed","ping_status":"closed","template":"","meta":[],"product_brand":[],"product_cat":[135],"product_tag":[],"class_list":{"0":"post-3493","1":"product","2":"type-product","3":"status-publish","4":"has-post-thumbnail","6":"product_cat-tastaturen-und-fernbedienungen","8":"first","9":"instock","10":"sale","11":"shipping-taxable","12":"purchasable","13":"product-type-variable"},"_links":{"self":[{"href":"https:\/\/ajax-alarme.ch\/de\/wp-json\/wp\/v2\/product\/3493","targetHints":{"allow":["GET"]}}],"collection":[{"href":"https:\/\/ajax-alarme.ch\/de\/wp-json\/wp\/v2\/product"}],"about":[{"href":"https:\/\/ajax-alarme.ch\/de\/wp-json\/wp\/v2\/types\/product"}],"replies":[{"embeddable":true,"href":"https:\/\/ajax-alarme.ch\/de\/wp-json\/wp\/v2\/comments?post=3493"}],"wp:featuredmedia":[{"embeddable":true,"href":"https:\/\/ajax-alarme.ch\/de\/wp-json\/wp\/v2\/media\/5231"}],"wp:attachment":[{"href":"https:\/\/ajax-alarme.ch\/de\/wp-json\/wp\/v2\/media?parent=3493"}],"wp:term":[{"taxonomy":"product_brand","embeddable":true,"href":"https:\/\/ajax-alarme.ch\/de\/wp-json\/wp\/v2\/product_brand?post=3493"},{"taxonomy":"product_cat","embeddable":true,"href":"https:\/\/ajax-alarme.ch\/de\/wp-json\/wp\/v2\/product_cat?post=3493"},{"taxonomy":"product_tag","embeddable":true,"href":"https:\/\/ajax-alarme.ch\/de\/wp-json\/wp\/v2\/product_tag?post=3493"}],"curies":[{"name":"wp","href":"https:\/\/api.w.org\/{rel}","templated":true}]}}