{"id":3466,"date":"2020-10-02T10:46:07","date_gmt":"2020-10-02T08:46:07","guid":{"rendered":"https:\/\/ajax-alarme.ch\/product\/homesiren-drahtlose-innensirene-bis-105db\/"},"modified":"2024-09-13T18:38:27","modified_gmt":"2024-09-13T16:38:27","slug":"homesiren-drahtlose-innensirene-bis-105db","status":"publish","type":"product","link":"https:\/\/ajax-alarme.ch\/de\/product\/homesiren-drahtlose-innensirene-bis-105db\/","title":{"rendered":"HomeSiren &#8211; Drahtlose Innensirene bis 105dB"},"content":{"rendered":"<div class=\"row\"  id=\"row-273561456\">\n\n\t<div id=\"col-1348087789\" class=\"col medium-6 small-12 large-6\"  >\n\t\t\t\t<div class=\"col-inner\"  >\n\t\t\t\n\t\t\t\n<h2><strong>AJAX HomeSiren, Kabellose Innensirene<\/strong><\/h2>\n<p>  Kleine drahtlose Sirene f\u00fcr den Innenbereich, die bei Aktivierung des Melders lautstark auf einen Alarm aufmerksam macht. Er wird in Innenr\u00e4umen installiert, um vor Gefahren zu warnen oder Eindringlinge abzuschrecken.  <\/p>\n<ul>\n<li>Authentifizierung gegen Betrug<\/li>\n<li><span style=\"color: #555555;\">Erkennung von Kommunikationsst\u00f6rungen<\/span><\/li>\n<li><span style=\"color: #555555;\">Sabotagealarm<\/span><\/li>\n<li><span style=\"color: #555555;\">Sicherheitsstufe<\/span><\/li>\n<li><span style=\"color: #555555;\">Zeigt den Status scharf\/unscharf mithilfe einer LED an<\/span><\/li>\n<li><span style=\"color: #555555;\">Anpassbare Lautst\u00e4rke und Alarmdauer<\/span><\/li>\n<\/ul>\n\t\t<\/div>\n\t\t\t\t\t<\/div>\n\n\t\n\n\t<div id=\"col-1907879410\" class=\"col medium-6 small-12 large-6\"  >\n\t\t\t\t<div class=\"col-inner\"  >\n\t\t\t\n\t\t\t\n<div class=\"is-divider divider clearfix\" style=\"max-width:0px;height:4px;\"><\/div>\n\t<div class=\"img has-hover x md-x lg-x y md-y lg-y\" id=\"image_1473829949\">\n\t\t\t\t\t\t\t\t<div class=\"img-inner dark\" >\n\t\t\t<img loading=\"lazy\" decoding=\"async\" width=\"993\" height=\"544\" src=\"https:\/\/ajax-alarme.ch\/wp-content\/uploads\/2021\/02\/hs-1x-1.jpg\" class=\"attachment-large size-large\" alt=\"\" srcset=\"https:\/\/ajax-alarme.ch\/wp-content\/uploads\/2021\/02\/hs-1x-1.jpg 993w, https:\/\/ajax-alarme.ch\/wp-content\/uploads\/2021\/02\/hs-1x-1-510x279.jpg 510w, https:\/\/ajax-alarme.ch\/wp-content\/uploads\/2021\/02\/hs-1x-1-730x400.jpg 730w, https:\/\/ajax-alarme.ch\/wp-content\/uploads\/2021\/02\/hs-1x-1-768x421.jpg 768w, https:\/\/ajax-alarme.ch\/wp-content\/uploads\/2021\/02\/hs-1x-1-600x329.jpg 600w\" sizes=\"auto, (max-width: 993px) 100vw, 993px\" \/>\t\t\t\t\t\t\n\t\t\t\t\t<\/div>\n\t\t\t\t\t\t\t\t\n<style>\n#image_1473829949 {\n  width: 100%;\n}\n<\/style>\n\t<\/div>\n\t\n\t\t<\/div>\n\t\t\t\t\t<\/div>\n\n\t\n<\/div>\n<div class=\"is-divider divider clearfix\" style=\"max-width:0px;height:4px;\"><\/div>\n<div class=\"row\"  id=\"row-306482991\">\n\n\t<div id=\"col-1672324036\" class=\"col medium-4 small-12 large-4\"  >\n\t\t\t\t<div class=\"col-inner\"  >\n\t\t\t\n\t\t\t\n\t<div class=\"img has-hover x md-x lg-x y md-y lg-y\" id=\"image_1141303570\">\n\t\t\t\t\t\t\t\t<div class=\"img-inner dark\" >\n\t\t\t<img loading=\"lazy\" decoding=\"async\" width=\"354\" height=\"500\" src=\"https:\/\/ajax-alarme.ch\/wp-content\/uploads\/2021\/02\/homesireneprofil.png\" class=\"attachment-large size-large\" alt=\"\" srcset=\"https:\/\/ajax-alarme.ch\/wp-content\/uploads\/2021\/02\/homesireneprofil.png 354w, https:\/\/ajax-alarme.ch\/wp-content\/uploads\/2021\/02\/homesireneprofil-283x400.png 283w\" sizes=\"auto, (max-width: 354px) 100vw, 354px\" \/>\t\t\t\t\t\t\n\t\t\t\t\t<\/div>\n\t\t\t\t\t\t\t\t\n<style>\n#image_1141303570 {\n  width: 100%;\n}\n<\/style>\n\t<\/div>\n\t\n\t\t<\/div>\n\t\t\t\t\t<\/div>\n\n\t\n\n\t<div id=\"col-1868868754\" class=\"col medium-8 small-12 large-8\"  >\n\t\t\t\t<div class=\"col-inner\"  >\n\t\t\t\n\t\t\t\n<div class=\"is-divider divider clearfix\" style=\"max-width:0px;height:4px;\"><\/div>\n<p><strong>Funktionsprinzip<\/strong> Das Ger\u00e4t meldet die Aktivierung des Melders mit einem akustischen Alarm.<br \/>\nDie Lautst\u00e4rke und die Dauer des Alarms werden in der mobilen Anwendung eingestellt. <strong>Funktionen<\/strong> Anschluss f\u00fcr externe LEDs ist verf\u00fcgbar.<br \/>\nEr kann au\u00dferhalb Ihrer Wohnung oder Ihres B\u00fcros angebracht werden, um den Status des Sicherheitssystems zu \u00fcberwachen. <strong>Installation und Inbetriebnahme<\/strong> Sofort betriebsbereit, wenn Sie das Geh\u00e4use verlassen: Die Batterie ist bereits installiert, so dass Sie die Sirene nicht demontieren m\u00fcssen.   Mit einem einfachen Klick kann er mit dem Hub der mobilen Anwendung verbunden werden. Er kann in nur wenigen Minuten auf dem SmartBracket montiert werden.<\/p>\n\t\t<\/div>\n\t\t\t\t\t<\/div>\n\n\t\n<\/div>\n<div class=\"row\"  id=\"row-2009843509\">\n\n\t<div id=\"col-1661632394\" class=\"col medium-8 small-12 large-8\"  >\n\t\t\t\t<div class=\"col-inner\"  >\n\t\t\t\n\t\t\t\n<div class=\"is-divider divider clearfix\" style=\"max-width:0px;height:4px;\"><\/div>\n<div class=\"is-divider divider clearfix\" style=\"max-width:0px;height:4px;\"><\/div>\n<h2>Technische Spezifikationen<\/h2>\n<p>  Kompatibilit\u00e4t: Alle Alarmzentralen, Funkrelais Schutzart des Geh\u00e4uses: IP50 Lautst\u00e4rke: 81 bis 105 dB Alarmdauer: 3 bis 180 Sekunden Stromversorgung: 4 Batterien CR123A, 3V Temperaturbereich: -10\u00b0C bis +40\u00b0C Abmessungen: 75 x 76 x 27 mm Gewicht: 97 g<\/p>\n\t<div class=\"img has-hover x md-x lg-x y md-y lg-y\" id=\"image_1274534259\">\n\t\t\t\t\t\t\t\t<div class=\"img-inner dark\" >\n\t\t\t<img loading=\"lazy\" decoding=\"async\" width=\"1020\" height=\"552\" src=\"https:\/\/ajax-alarme.ch\/wp-content\/uploads\/2021\/02\/image-2.jpg\" class=\"attachment-large size-large\" alt=\"\" srcset=\"https:\/\/ajax-alarme.ch\/wp-content\/uploads\/2021\/02\/image-2.jpg 1024w, https:\/\/ajax-alarme.ch\/wp-content\/uploads\/2021\/02\/image-2-510x276.jpg 510w, https:\/\/ajax-alarme.ch\/wp-content\/uploads\/2021\/02\/image-2-739x400.jpg 739w, https:\/\/ajax-alarme.ch\/wp-content\/uploads\/2021\/02\/image-2-768x416.jpg 768w, https:\/\/ajax-alarme.ch\/wp-content\/uploads\/2021\/02\/image-2-600x325.jpg 600w\" sizes=\"auto, (max-width: 1020px) 100vw, 1020px\" \/>\t\t\t\t\t\t\n\t\t\t\t\t<\/div>\n\t\t\t\t\t\t\t\t\n<style>\n#image_1274534259 {\n  width: 88%;\n}\n<\/style>\n\t<\/div>\n\t\n\t\t<\/div>\n\t\t\t\t\t<\/div>\n\n\t\n\n\t<div id=\"col-2145387971\" class=\"col medium-4 small-12 large-4\"  >\n\t\t\t\t<div class=\"col-inner\"  >\n\t\t\t\n\t\t\t\n<div class=\"is-divider divider clearfix\" style=\"max-width:0px;height:4px;\"><\/div>\n\t<div class=\"img has-hover x md-x lg-x y md-y lg-y\" id=\"image_806482399\">\n\t\t\t\t\t\t\t\t<div class=\"img-inner dark\" >\n\t\t\t<img loading=\"lazy\" decoding=\"async\" width=\"443\" height=\"800\" src=\"https:\/\/ajax-alarme.ch\/wp-content\/uploads\/2021\/02\/Setuphome-sirene-443x800.jpg\" class=\"attachment-large size-large\" alt=\"\" srcset=\"https:\/\/ajax-alarme.ch\/wp-content\/uploads\/2021\/02\/Setuphome-sirene-443x800.jpg 443w, https:\/\/ajax-alarme.ch\/wp-content\/uploads\/2021\/02\/Setuphome-sirene-510x920.jpg 510w, https:\/\/ajax-alarme.ch\/wp-content\/uploads\/2021\/02\/Setuphome-sirene-222x400.jpg 222w, https:\/\/ajax-alarme.ch\/wp-content\/uploads\/2021\/02\/Setuphome-sirene-768x1385.jpg 768w, https:\/\/ajax-alarme.ch\/wp-content\/uploads\/2021\/02\/Setuphome-sirene-851x1536.jpg 851w, https:\/\/ajax-alarme.ch\/wp-content\/uploads\/2021\/02\/Setuphome-sirene-600x1082.jpg 600w, https:\/\/ajax-alarme.ch\/wp-content\/uploads\/2021\/02\/Setuphome-sirene.jpg 1102w\" sizes=\"auto, (max-width: 443px) 100vw, 443px\" \/>\t\t\t\t\t\t\n\t\t\t\t\t<\/div>\n\t\t\t\t\t\t\t\t\n<style>\n#image_806482399 {\n  width: 100%;\n}\n<\/style>\n\t<\/div>\n\t\n\t\t<\/div>\n\t\t\t\t\t<\/div>\n\n\t\n<\/div>\n","protected":false},"excerpt":{"rendered":"<div id=\"short_description_block\">\n<div id=\"short_description_content\" class=\"rte align_justify\">Die Alarmsirene mit einer Lautst\u00e4rke von bis zu 105 dB sorgt daf\u00fcr, dass Sie im Falle eines Einbruchs gewarnt werden. Das Ger\u00e4t wird mit einem Ton ausgel\u00f6st, sobald einer der Melder, aus denen Ihre Anlage besteht, durch die Anwesenheit eines Diebes aktiviert wird.<\/div>\n<\/div>\n","protected":false},"featured_media":5263,"comment_status":"closed","ping_status":"closed","template":"","meta":[],"product_brand":[],"product_cat":[144],"product_tag":[],"class_list":{"0":"post-3466","1":"product","2":"type-product","3":"status-publish","4":"has-post-thumbnail","6":"product_cat-sirenen-und-warnmittel","8":"first","9":"instock","10":"sale","11":"shipping-taxable","12":"purchasable","13":"product-type-variable"},"_links":{"self":[{"href":"https:\/\/ajax-alarme.ch\/de\/wp-json\/wp\/v2\/product\/3466","targetHints":{"allow":["GET"]}}],"collection":[{"href":"https:\/\/ajax-alarme.ch\/de\/wp-json\/wp\/v2\/product"}],"about":[{"href":"https:\/\/ajax-alarme.ch\/de\/wp-json\/wp\/v2\/types\/product"}],"replies":[{"embeddable":true,"href":"https:\/\/ajax-alarme.ch\/de\/wp-json\/wp\/v2\/comments?post=3466"}],"wp:featuredmedia":[{"embeddable":true,"href":"https:\/\/ajax-alarme.ch\/de\/wp-json\/wp\/v2\/media\/5263"}],"wp:attachment":[{"href":"https:\/\/ajax-alarme.ch\/de\/wp-json\/wp\/v2\/media?parent=3466"}],"wp:term":[{"taxonomy":"product_brand","embeddable":true,"href":"https:\/\/ajax-alarme.ch\/de\/wp-json\/wp\/v2\/product_brand?post=3466"},{"taxonomy":"product_cat","embeddable":true,"href":"https:\/\/ajax-alarme.ch\/de\/wp-json\/wp\/v2\/product_cat?post=3466"},{"taxonomy":"product_tag","embeddable":true,"href":"https:\/\/ajax-alarme.ch\/de\/wp-json\/wp\/v2\/product_tag?post=3466"}],"curies":[{"name":"wp","href":"https:\/\/api.w.org\/{rel}","templated":true}]}}