{"id":3457,"date":"2020-10-02T15:07:06","date_gmt":"2020-10-02T13:07:06","guid":{"rendered":"https:\/\/ajax-alarme.ch\/product\/wallswitch-steuerrelais-mit-messung-der-verbrauchten-energie\/"},"modified":"2024-09-13T18:36:35","modified_gmt":"2024-09-13T16:36:35","slug":"wallswitch-steuerrelais-mit-messung-der-verbrauchten-energie","status":"publish","type":"product","link":"https:\/\/ajax-alarme.ch\/de\/product\/wallswitch-steuerrelais-mit-messung-der-verbrauchten-energie\/","title":{"rendered":"WallSwitch &#8211; Steuerrelais mit Messung der verbrauchten Energie"},"content":{"rendered":"<div class=\"row\"  id=\"row-1123311247\">\n\n\t<div id=\"col-891439475\" class=\"col medium-7 small-12 large-7\"  >\n\t\t\t\t<div class=\"col-inner\"  >\n\t\t\t\n\t\t\t\n<h2><strong>Das drahtlose Kontrollrelais WallSwitch steuert und sch\u00fctzt Ihre Ger\u00e4te<\/strong><\/h2>\n<p>  Die Hauptfunktion dieses drahtlosen Kontrollrelais ist es, Ihre verschiedenen elektrischen Ger\u00e4te, die an das Netz angeschlossen sind, innerhalb einer Grenze von 13 A fernzusteuern. Ajax hat dieses Relais entwickelt, um die \u00dcberwachung und vollst\u00e4ndige Kontrolle von Haushaltsger\u00e4ten wie B\u00fcgeleisen, Heizung und Garagentoren im Haus zu gew\u00e4hrleisten. Er ist au\u00dferdem mit einem Schutzsystem gegen Spannungsspitzen und \u00dcberhitzung ausgestattet, seine ohmsche Last h\u00e4lt bis zu 3 kW aus. Dank seiner Analysef\u00e4higkeit kann er die Stromversorgung bei normaler Spannung wieder einschalten. Wie jedes von Ajax entwickelte Ger\u00e4t kann WallSwitch \u00fcber die mobile Anwendung mit nur einem Klick gesteuert werden:  <\/p>\n<ul>\n<li>Ger\u00e4te ein- oder auszuschalten.<\/li>\n<li>Den Status des Systems und des Stromnetzes abzufragen.<\/li>\n<li>eine Bewertung des Energieverbrauchs durch den in das Relais eingebauten Sensor zu erhalten.<\/li>\n<\/ul>\n\t\t<\/div>\n\t\t\t\t\t<\/div>\n\n\t\n\n\t<div id=\"col-1421495179\" class=\"col medium-5 small-12 large-5\"  >\n\t\t\t\t<div class=\"col-inner\"  >\n\t\t\t\n\t\t\t\n\t<div class=\"img has-hover x md-x lg-x y md-y lg-y\" id=\"image_965649052\">\n\t\t\t\t\t\t\t\t<div class=\"img-inner dark\" >\n\t\t\t<img loading=\"lazy\" decoding=\"async\" width=\"433\" height=\"333\" src=\"https:\/\/ajax-alarme.ch\/wp-content\/uploads\/2021\/02\/AJAX-WALL-SWITCH.jpg\" class=\"attachment-large size-large\" alt=\"\" \/>\t\t\t\t\t\t\n\t\t\t\t\t<\/div>\n\t\t\t\t\t\t\t\t\n<style>\n#image_965649052 {\n  width: 100%;\n}\n<\/style>\n\t<\/div>\n\t\n\t\t<\/div>\n\t\t\t\t\t<\/div>\n\n\t\n<\/div>\n<div class=\"row\"  id=\"row-71428647\">\n\n\t<div id=\"col-1019755893\" class=\"col medium-5 small-12 large-5\"  >\n\t\t\t\t<div class=\"col-inner\"  >\n\t\t\t\n\t\t\t\n\t<div class=\"img has-hover x md-x lg-x y md-y lg-y\" id=\"image_1507424674\">\n\t\t\t\t\t\t\t\t<div class=\"img-inner dark\" >\n\t\t\t<img loading=\"lazy\" decoding=\"async\" width=\"433\" height=\"333\" src=\"https:\/\/ajax-alarme.ch\/wp-content\/uploads\/2021\/02\/AJAX-WALL-SWITCH-2.jpg\" class=\"attachment-large size-large\" alt=\"\" \/>\t\t\t\t\t\t\n\t\t\t\t\t<\/div>\n\t\t\t\t\t\t\t\t\n<style>\n#image_1507424674 {\n  width: 100%;\n}\n<\/style>\n\t<\/div>\n\t\n\t\t<\/div>\n\t\t\t\t\t<\/div>\n\n\t\n\n\t<div id=\"col-502951620\" class=\"col medium-7 small-12 large-7\"  >\n\t\t\t\t<div class=\"col-inner\"  >\n\t\t\t\n\t\t\t\n<h2><strong>WallSwitch Ajax, ein sicheres Kontrollrelais<\/strong><\/h2>\n<p>  Die Installation dieses Miniaturrelais erfolgt einfach \u00fcber das 220V-Netzwerk, indem es z.B. hinter einer Wandsteckdose eingebaut wird. Das drahtlose Kontrollrelais WallSwitch kann nur funktionieren, wenn es mit der Zentrale Hub oder Hub Plus verbunden ist, und zwar innerhalb einer Reichweite von 1.000 Metern im freien Feld. Das Ger\u00e4t ist besonders zuverl\u00e4ssig, da es \u00fcber eine bidirektionale Funkkommunikation l\u00e4uft, die durch das sichere Jeweller-System von Ajax gesch\u00fctzt ist. Dieses geschlossene Protokoll verhindert, dass das System sabotiert oder die Wellen gest\u00f6rt werden, was eine optimale Sicherheit der Anlage und des Hauses gew\u00e4hrleistet.<\/p>\n\t\t<\/div>\n\t\t\t\t\t<\/div>\n\n\t\n<\/div>\n<h2>Technische Spezifikationen<\/h2>\n<p>  Kompatibilit\u00e4t: Alle Alarmzentralen, Funkrelais Lebensdauer des Relais: 200.000 Bet\u00e4tigungen Max. Laststrom: 13 A Zul\u00e4ssige Leistung: 3kW poue 230VAC Stromversorgung: 110-230 V +\/- 10% Kontakttyp : NO\/NC Temperatur: 0\u00b0C bis 65\u00b0C Schutzart des Geh\u00e4uses: IP20 Abmessungen: 39 x 33 x 18 mm Gewicht: 30 g<\/p>\n","protected":false},"excerpt":{"rendered":"<div id=\"short_description_block\">\n<div id=\"short_description_content\" class=\"rte align_justify\">Der WallSwitch ist ein ferngesteuertes Leistungsrelais. Mit einer Funkfernbedienung k\u00f6nnen Haushaltsger\u00e4te ferngesteuert werden. Er wird zum Ein- und Ausschalten von B\u00fcgeleisen, Garagentoren, Warmwasserbereitern und w\u00e4rmeisolierten B\u00f6den verwendet. Das Ger\u00e4t steuert die Stromversorgung \u00fcber ein Relais, das das Stromversorgungsnetz schlie\u00dft und \u00f6ffnet.<\/div>\n<p>&nbsp;<\/p>\n<\/div>\n","protected":false},"featured_media":2076,"comment_status":"closed","ping_status":"closed","template":"","meta":[],"product_brand":[],"product_cat":[146],"product_tag":[],"class_list":{"0":"post-3457","1":"product","2":"type-product","3":"status-publish","4":"has-post-thumbnail","6":"product_cat-die-accessoires","8":"first","9":"instock","10":"sale","11":"shipping-taxable","12":"purchasable","13":"product-type-simple"},"_links":{"self":[{"href":"https:\/\/ajax-alarme.ch\/de\/wp-json\/wp\/v2\/product\/3457","targetHints":{"allow":["GET"]}}],"collection":[{"href":"https:\/\/ajax-alarme.ch\/de\/wp-json\/wp\/v2\/product"}],"about":[{"href":"https:\/\/ajax-alarme.ch\/de\/wp-json\/wp\/v2\/types\/product"}],"replies":[{"embeddable":true,"href":"https:\/\/ajax-alarme.ch\/de\/wp-json\/wp\/v2\/comments?post=3457"}],"wp:featuredmedia":[{"embeddable":true,"href":"https:\/\/ajax-alarme.ch\/de\/wp-json\/wp\/v2\/media\/2076"}],"wp:attachment":[{"href":"https:\/\/ajax-alarme.ch\/de\/wp-json\/wp\/v2\/media?parent=3457"}],"wp:term":[{"taxonomy":"product_brand","embeddable":true,"href":"https:\/\/ajax-alarme.ch\/de\/wp-json\/wp\/v2\/product_brand?post=3457"},{"taxonomy":"product_cat","embeddable":true,"href":"https:\/\/ajax-alarme.ch\/de\/wp-json\/wp\/v2\/product_cat?post=3457"},{"taxonomy":"product_tag","embeddable":true,"href":"https:\/\/ajax-alarme.ch\/de\/wp-json\/wp\/v2\/product_tag?post=3457"}],"curies":[{"name":"wp","href":"https:\/\/api.w.org\/{rel}","templated":true}]}}