{"id":3450,"date":"2020-10-02T12:44:06","date_gmt":"2020-10-02T10:44:06","guid":{"rendered":"https:\/\/ajax-alarme.ch\/product\/socket-intelligente-steckdose-automatisieren-sie-ihre-beleuchtung-ganz-einfach\/"},"modified":"2024-09-13T18:36:47","modified_gmt":"2024-09-13T16:36:47","slug":"socket-intelligente-steckdose-automatisieren-sie-ihre-beleuchtung-ganz-einfach","status":"publish","type":"product","link":"https:\/\/ajax-alarme.ch\/de\/product\/socket-intelligente-steckdose-automatisieren-sie-ihre-beleuchtung-ganz-einfach\/","title":{"rendered":"Socket &#8211; Intelligente Steckdose. Automatisieren Sie Ihre Beleuchtung ganz einfach."},"content":{"rendered":"<div class=\"row\"  id=\"row-2043950727\">\n\n\t<div id=\"col-970599111\" class=\"col medium-6 small-12 large-6\"  >\n\t\t\t\t<div class=\"col-inner\"  >\n\t\t\t\n\t\t\t\n<h2><strong>Intelligente kabellose Steckdose mit Energiemonitor<\/strong><\/h2>\n<h4>1. Ger\u00e4te \u00fcber die App ein-\/ausschalten 2. \u00dcberwacht den Stromverbrauch 3. Sch\u00fctzt Ger\u00e4te vor \u00dcberlastung &amp; Kurzschl\u00fcssen<\/h4>\n<p>  Der LED-Ring auf dem Stecker leuchtet, wenn der Stecker in eine Steckdose gesteckt wird. Diese praktische und sparsame LED-Anzeige zeigt an, wie viel Energie das angeschlossene elektrische Ger\u00e4t verbraucht. Je mehr die Farbe rot wird, desto h\u00f6her ist der Stromverbrauch.<\/p>\n\t\t<\/div>\n\t\t\t\t\t<\/div>\n\n\t\n\n\t<div id=\"col-1823697374\" class=\"col medium-6 small-12 large-6\"  >\n\t\t\t\t<div class=\"col-inner\"  >\n\t\t\t\n\t\t\t\n\t<div class=\"img has-hover x md-x lg-x y md-y lg-y\" id=\"image_335625751\">\n\t\t\t\t\t\t\t\t<div class=\"img-inner dark\" >\n\t\t\t<img loading=\"lazy\" decoding=\"async\" width=\"433\" height=\"333\" src=\"https:\/\/ajax-alarme.ch\/wp-content\/uploads\/2021\/02\/AJAX-SOCKET.jpg\" class=\"attachment-large size-large\" alt=\"\" \/>\t\t\t\t\t\t\n\t\t\t\t\t<\/div>\n\t\t\t\t\t\t\t\t\n<style>\n#image_335625751 {\n  width: 100%;\n}\n<\/style>\n\t<\/div>\n\t\n\t\t<\/div>\n\t\t\t\t\t<\/div>\n\n\t\n<\/div>\n<div class=\"is-divider divider clearfix\" style=\"max-width:0px;\"><\/div>\n<div class=\"row\"  id=\"row-900479373\">\n\n\t<div id=\"col-1397757016\" class=\"col medium-6 small-12 large-6\"  >\n\t\t\t\t<div class=\"col-inner\"  >\n\t\t\t\n\t\t\t\n\t<div class=\"img has-hover x md-x lg-x y md-y lg-y\" id=\"image_972790906\">\n\t\t\t\t\t\t\t\t<div class=\"img-inner dark\" >\n\t\t\t<img loading=\"lazy\" decoding=\"async\" width=\"433\" height=\"333\" src=\"https:\/\/ajax-alarme.ch\/wp-content\/uploads\/2021\/02\/AJAX-SOCKET-2.jpg\" class=\"attachment-large size-large\" alt=\"\" \/>\t\t\t\t\t\t\n\t\t\t\t\t<\/div>\n\t\t\t\t\t\t\t\t\n<style>\n#image_972790906 {\n  width: 100%;\n}\n<\/style>\n\t<\/div>\n\t\n\t\t<\/div>\n\t\t\t\t\t<\/div>\n\n\t\n\n\t<div id=\"col-352675558\" class=\"col medium-6 small-12 large-6\"  >\n\t\t\t\t<div class=\"col-inner\"  >\n\t\t\t\n\t\t\t\n<h2><strong>Die intelligente drahtlose Steckdose macht Ihr Zuhause sicher<\/strong><\/h2>\n<p>  Keine Angst mehr. Sobald Sie das Haus verlassen, sollte das intelligente System der Steckdose gestartet werden, wodurch energieintensive und gef\u00e4hrliche Ger\u00e4te ausgeschaltet werden. Ein 100%ig sicheres Zuhause Im Falle einer Strom\u00fcberlastung oder eines Stromausfalls blockiert die intelligente Funksteckdose automatisch die Stromversorgung der Ger\u00e4te. Das System warnt dann per Benachrichtigung vor der kleinsten Unterbrechung. Seine normale Aktivit\u00e4t wird wieder aufgenommen, sobald sich die Ern\u00e4hrung normalisiert hat. Bei hohen Temperaturen \u00fcber 85\u00b0 C wird die drahtlose Verbindung automatisch unterbrochen, was einen zus\u00e4tzlichen Schutz bietet.<\/p>\n\t\t<\/div>\n\t\t\t\t\t<\/div>\n\n\t\n<\/div>\n<div class=\"is-divider divider clearfix\" style=\"max-width:0px;\"><\/div>\n<div class=\"row\"  id=\"row-278907898\">\n\n\t<div id=\"col-2018287486\" class=\"col medium-6 small-12 large-6\"  >\n\t\t\t\t<div class=\"col-inner\"  >\n\t\t\t\n\t\t\t\n<h2><strong>Eine kompakte und langlebige intelligente Steckdose<\/strong><\/h2>\n<p>  Diese Socket-Steckdose wurde speziell f\u00fcr die einfache Installation auf einer Mehrfachsteckdose entwickelt. Durch seine kompakte Form blockiert er keine benachbarten Steckdosen. Die Verwendung dieser Funksteckdose ist mit EU-Steckdosen und Erweiterungsbl\u00f6cken kompatibel. Er ist zuverl\u00e4ssig und qualitativ hochwertig und wurde auf die Wahl seiner Materialien und seine Haltbarkeit getestet, um alle elektrischen Sicherheitsstandards zu erf\u00fcllen.<\/p>\n\t\t<\/div>\n\t\t\t\t\t<\/div>\n\n\t\n\n\t<div id=\"col-1069451599\" class=\"col medium-6 small-12 large-6\"  >\n\t\t\t\t<div class=\"col-inner\"  >\n\t\t\t\n\t\t\t\n\t<div class=\"img has-hover x md-x lg-x y md-y lg-y\" id=\"image_56889829\">\n\t\t\t\t\t\t\t\t<div class=\"img-inner dark\" >\n\t\t\t<img loading=\"lazy\" decoding=\"async\" width=\"600\" height=\"342\" src=\"https:\/\/ajax-alarme.ch\/wp-content\/uploads\/2021\/02\/blow.gif\" class=\"attachment-large size-large\" alt=\"\" \/>\t\t\t\t\t\t\n\t\t\t\t\t<\/div>\n\t\t\t\t\t\t\t\t\n<style>\n#image_56889829 {\n  width: 100%;\n}\n<\/style>\n\t<\/div>\n\t\n\t\t<\/div>\n\t\t\t\t\t<\/div>\n\n\t\n<\/div>\n<div class=\"is-divider divider clearfix\" style=\"max-width:0px;\"><\/div>\n<div class=\"row\"  id=\"row-667693567\">\n\n\t<div id=\"col-96773648\" class=\"col medium-6 small-12 large-6\"  >\n\t\t\t\t<div class=\"col-inner\"  >\n\t\t\t\n\t\t\t\n\t<div class=\"img has-hover x md-x lg-x y md-y lg-y\" id=\"image_917098637\">\n\t\t\t\t\t\t\t\t<div class=\"img-inner dark\" >\n\t\t\t<img loading=\"lazy\" decoding=\"async\" width=\"433\" height=\"333\" src=\"https:\/\/ajax-alarme.ch\/wp-content\/uploads\/2021\/02\/AJAX-SOCKET-3-1.jpg\" class=\"attachment-large size-large\" alt=\"\" \/>\t\t\t\t\t\t\n\t\t\t\t\t<\/div>\n\t\t\t\t\t\t\t\t\n<style>\n#image_917098637 {\n  width: 100%;\n}\n<\/style>\n\t<\/div>\n\t\n\t\t<\/div>\n\t\t\t\t\t<\/div>\n\n\t\n\n\t<div id=\"col-30921591\" class=\"col medium-6 small-12 large-6\"  >\n\t\t\t\t<div class=\"col-inner\"  >\n\t\t\t\n\t\t\t\n<h2 id=\"product_condition\">Technische Spezifikation<\/h2>\n<p>  Kompatibilit\u00e4t: Alle Alarmzentralen, Funkrelais Typ: Drahtlos Lebensdauer des Relais: 200.000 Bet\u00e4tigungen Externe Versorgungsspannung: 110 &#8211; 230 V Spannungsschutz f\u00fcr 230 Netz: Ja, 184 &#8211; 253 V Max. Ladestrom: 11 A Stromschutz : Ja, 11 A Max. W\u00e4rmeschutz: Ja, +85\u00b0C Energieverbrauchskontrolle: Strom, Spannung, Energieverbrauch Max. Ausgangsleistung: 2,5 kW Temperatur: 0\u00b0C bis +40\u00b0C Geh\u00e4useschutzart: IP20 Abmessungen: 65.5 x 45 x 45 mm Gewicht: 58 g Info: Erfordert einen Adapter CH &#8211; EU (nicht im Lieferumfang enthalten).<\/p>\n\t\t<\/div>\n\t\t\t\t\t<\/div>\n\n\t\n<\/div>\n","protected":false},"excerpt":{"rendered":"<div id=\"short_description_block\">\n<div id=\"short_description_content\" class=\"rte align_justify\">Die intelligente Steckdose ist eine EU-Steckdose, mit der Sie die angeschlossenen Ger\u00e4te steuern k\u00f6nnen, sei es \u00fcber ein APP-Handy oder einen PC. Mit der intelligenten Steckdose k\u00f6nnen Sie auch den Energieverbrauch \u00fcberwachen und steuern. Diese Steckdose hat einen W\u00e4rme-, Strom- und Spannungsschutz. Erfordert einen Adapter EU &#8211; CH (nicht im Lieferumfang enthalten).<\/div>\n<\/div>\n","protected":false},"featured_media":2220,"comment_status":"closed","ping_status":"closed","template":"","meta":[],"product_brand":[],"product_cat":[146],"product_tag":[],"class_list":{"0":"post-3450","1":"product","2":"type-product","3":"status-publish","4":"has-post-thumbnail","6":"product_cat-die-accessoires","8":"first","9":"instock","10":"sale","11":"shipping-taxable","12":"purchasable","13":"product-type-variable","14":"has-default-attributes"},"_links":{"self":[{"href":"https:\/\/ajax-alarme.ch\/de\/wp-json\/wp\/v2\/product\/3450","targetHints":{"allow":["GET"]}}],"collection":[{"href":"https:\/\/ajax-alarme.ch\/de\/wp-json\/wp\/v2\/product"}],"about":[{"href":"https:\/\/ajax-alarme.ch\/de\/wp-json\/wp\/v2\/types\/product"}],"replies":[{"embeddable":true,"href":"https:\/\/ajax-alarme.ch\/de\/wp-json\/wp\/v2\/comments?post=3450"}],"wp:featuredmedia":[{"embeddable":true,"href":"https:\/\/ajax-alarme.ch\/de\/wp-json\/wp\/v2\/media\/2220"}],"wp:attachment":[{"href":"https:\/\/ajax-alarme.ch\/de\/wp-json\/wp\/v2\/media?parent=3450"}],"wp:term":[{"taxonomy":"product_brand","embeddable":true,"href":"https:\/\/ajax-alarme.ch\/de\/wp-json\/wp\/v2\/product_brand?post=3450"},{"taxonomy":"product_cat","embeddable":true,"href":"https:\/\/ajax-alarme.ch\/de\/wp-json\/wp\/v2\/product_cat?post=3450"},{"taxonomy":"product_tag","embeddable":true,"href":"https:\/\/ajax-alarme.ch\/de\/wp-json\/wp\/v2\/product_tag?post=3450"}],"curies":[{"name":"wp","href":"https:\/\/api.w.org\/{rel}","templated":true}]}}