{"id":3417,"date":"2020-10-02T15:51:55","date_gmt":"2020-10-02T13:51:55","guid":{"rendered":"https:\/\/ajax-alarme.ch\/product\/schutzkappe-fuer-aussenmelder\/"},"modified":"2024-09-13T18:36:35","modified_gmt":"2024-09-13T16:36:35","slug":"schutzkappe-fuer-aussenmelder","status":"publish","type":"product","link":"https:\/\/ajax-alarme.ch\/de\/product\/schutzkappe-fuer-aussenmelder\/","title":{"rendered":"Schutzkappe f\u00fcr Au\u00dfenmelder"},"content":{"rendered":"<div class=\"row\"  id=\"row-1985523750\">\n\n\t<div id=\"col-345303798\" class=\"col medium-3 small-12 large-3\"  >\n\t\t\t\t<div class=\"col-inner\"  >\n\t\t\t\n\t\t\t\n\t\t<\/div>\n\t\t\t\t\t<\/div>\n\n\t\n\n\t<div id=\"col-795317449\" class=\"col medium-6 small-12 large-6\"  >\n\t\t\t\t<div class=\"col-inner\"  >\n\t\t\t\n\t\t\t\n\t<div class=\"img has-hover x md-x lg-x y md-y lg-y\" id=\"image_1127963596\">\n\t\t\t\t\t\t\t\t<div class=\"img-inner dark\" >\n\t\t\t<img loading=\"lazy\" decoding=\"async\" width=\"1020\" height=\"536\" src=\"https:\/\/ajax-alarme.ch\/wp-content\/uploads\/2021\/02\/casquette.jpg\" class=\"attachment-large size-large\" alt=\"\" srcset=\"https:\/\/ajax-alarme.ch\/wp-content\/uploads\/2021\/02\/casquette.jpg 1200w, https:\/\/ajax-alarme.ch\/wp-content\/uploads\/2021\/02\/casquette-510x268.jpg 510w, https:\/\/ajax-alarme.ch\/wp-content\/uploads\/2021\/02\/casquette-762x400.jpg 762w, https:\/\/ajax-alarme.ch\/wp-content\/uploads\/2021\/02\/casquette-768x403.jpg 768w, https:\/\/ajax-alarme.ch\/wp-content\/uploads\/2021\/02\/casquette-600x315.jpg 600w\" sizes=\"auto, (max-width: 1020px) 100vw, 1020px\" \/>\t\t\t\t\t\t\n\t\t\t\t\t<\/div>\n\t\t\t\t\t\t\t\t\n<style>\n#image_1127963596 {\n  width: 100%;\n}\n<\/style>\n\t<\/div>\n\t\n\t\t<\/div>\n\t\t\t\t\t<\/div>\n\n\t\n\n\t<div id=\"col-2069113070\" class=\"col medium-3 small-12 large-3\"  >\n\t\t\t\t<div class=\"col-inner\"  >\n\t\t\t\n\t\t\t\n\t\t<\/div>\n\t\t\t\t\t<\/div>\n\n\t\n<\/div>\n<h2><strong>Der Schneesturm wird kein Problem mehr sein<\/strong><\/h2>\n<p>  Neben Eindringlingen kann auch Schnee den normalen Betrieb des Melders beeintr\u00e4chtigen. Sie kann an Anti-Masking-Sensoren haften bleiben, deren Sichtfelder blockieren und einen Fehlalarm ausl\u00f6sen. Die Kapuze sch\u00fctzt den MotionProtect Outdoor bei Schneefall.  <\/p>\n<h2><strong>Zuverl\u00e4ssiger Betrieb &#8211; auch bei Regen<\/strong><\/h2>\n<p>  Die Anti-Maskierungssensoren reagieren auf Spr\u00fchfarbe. Allerdings k\u00f6nnen starke und lang anhaltende Regenf\u00e4lle zu St\u00f6rungen f\u00fchren. Die Kapuze sch\u00fctzt den MotionProtect Outdoor w\u00e4hrend eines Gewitters, wodurch St\u00f6rungen durch Fehlalarme vermieden werden.  <\/p>\n<h2><strong>Kein Auseinandernehmen n\u00f6tig<\/strong><\/h2>\n<p>  Die Kapuze kann an MotionProtect Outdoor angebracht werden, ohne dass der Melder aus der Halterung entfernt werden muss. Das Zubeh\u00f6r wird mit allem geliefert, was Sie f\u00fcr die Installation ben\u00f6tigen.  <\/p>\n<h2><strong>MotionProtect Outdoor<\/strong><\/h2>\n<p>  MotionProtect Outdoor erkennt, wenn jemand unbefugt in den gesicherten Bereich eindringt. Der Melder sch\u00fctzt den Au\u00dfenbereich von H\u00e4usern, Lagereinrichtungen, Lieferzonen und Sperrgebieten. Dank des digitalen LISA-Algorithmus ignoriert der MotionProtect Outdoor Haustiere und windgepeitschte \u00c4ste.  <\/p>\n<h2><strong>Technische Spezifikationen<\/strong><\/h2>\n<p>  Klassifizierung: Abdeckung f\u00fcr MotionProtect Outdoor Montagemethode: Klebeband mit doppelter Verriegelung Betriebstemperatur: Von -25\u00b0\u0421 bis +60\u00b0\u0421 Betriebsfeuchtigkeit: Bis zu 100% Abmessungen: 110 \u00d7 96 \u00d7 90 mm Gewicht: 71 g<\/p>\n","protected":false},"excerpt":{"rendered":"<p id=\"product_condition\">Mit der Schutzhaube f\u00fcr Au\u00dfenbewegungsmelder k\u00f6nnen Sie den Melder vor Witterungseinfl\u00fcssen sch\u00fctzen. Ein Schneesturm oder starker, lang anhaltender Regen kann die Funktion des Melders beeintr\u00e4chtigen. Dank der Abdeckung vermeidet der Melder St\u00f6rungen, die zu Fehlalarmen f\u00fchren.<\/p>\n","protected":false},"featured_media":2238,"comment_status":"closed","ping_status":"closed","template":"","meta":[],"product_brand":[],"product_cat":[146],"product_tag":[],"class_list":{"0":"post-3417","1":"product","2":"type-product","3":"status-publish","4":"has-post-thumbnail","6":"product_cat-die-accessoires","8":"first","9":"instock","10":"sale","11":"shipping-taxable","12":"purchasable","13":"product-type-simple"},"_links":{"self":[{"href":"https:\/\/ajax-alarme.ch\/de\/wp-json\/wp\/v2\/product\/3417","targetHints":{"allow":["GET"]}}],"collection":[{"href":"https:\/\/ajax-alarme.ch\/de\/wp-json\/wp\/v2\/product"}],"about":[{"href":"https:\/\/ajax-alarme.ch\/de\/wp-json\/wp\/v2\/types\/product"}],"replies":[{"embeddable":true,"href":"https:\/\/ajax-alarme.ch\/de\/wp-json\/wp\/v2\/comments?post=3417"}],"wp:featuredmedia":[{"embeddable":true,"href":"https:\/\/ajax-alarme.ch\/de\/wp-json\/wp\/v2\/media\/2238"}],"wp:attachment":[{"href":"https:\/\/ajax-alarme.ch\/de\/wp-json\/wp\/v2\/media?parent=3417"}],"wp:term":[{"taxonomy":"product_brand","embeddable":true,"href":"https:\/\/ajax-alarme.ch\/de\/wp-json\/wp\/v2\/product_brand?post=3417"},{"taxonomy":"product_cat","embeddable":true,"href":"https:\/\/ajax-alarme.ch\/de\/wp-json\/wp\/v2\/product_cat?post=3417"},{"taxonomy":"product_tag","embeddable":true,"href":"https:\/\/ajax-alarme.ch\/de\/wp-json\/wp\/v2\/product_tag?post=3417"}],"curies":[{"name":"wp","href":"https:\/\/api.w.org\/{rel}","templated":true}]}}