{"id":3414,"date":"2020-10-02T15:21:06","date_gmt":"2020-10-02T13:21:06","guid":{"rendered":"https:\/\/ajax-alarme.ch\/product\/relay-steuerrelais-fuer-tore-garagen-etc\/"},"modified":"2024-09-13T18:36:35","modified_gmt":"2024-09-13T16:36:35","slug":"relay-steuerrelais-fuer-tore-garagen-etc","status":"publish","type":"product","link":"https:\/\/ajax-alarme.ch\/de\/product\/relay-steuerrelais-fuer-tore-garagen-etc\/","title":{"rendered":"Relay &#8211; Steuerrelais f\u00fcr Tore, Garagen, etc&#8230;"},"content":{"rendered":"<div class=\"row\"  id=\"row-672064908\">\n\n\t<div id=\"col-15155504\" class=\"col medium-7 small-12 large-7\"  >\n\t\t\t\t<div class=\"col-inner\"  >\n\t\t\t\n\t\t\t\n<h2><strong>Das Niederspannungs-Kontrollrelais: Eine Kommunikation \u00fcber Radiowellen<\/strong><\/h2>\n<p>  Die Funktion dieses Niederspannungs-Steuerrelais beruht auf seiner Verbindung mit der Zentraleinheit Hub oder Hub Plus und dem sicheren Ajax-System. Relay und seine Einstellungen werden \u00fcber die mobile Ajax-Applikation aktiviert. Die \u00dcberwachung des Kontrollrelais und des Systems im Allgemeinen l\u00e4sst sich \u00fcber die App visualisieren. Auch das Aktivieren und Deaktivieren von ferngesteuerten Ger\u00e4ten, die mit dem Relais verbunden sind, erfolgt \u00fcber diese Anwendung mit nur wenigen Klicks. Die Daten\u00fcbertragung ist dank des AES-Algorithmus vor Hackerangriffen und Interferenzversuchen gesch\u00fctzt.<\/p>\n\t\t<\/div>\n\t\t\t\t\t<\/div>\n\n\t\n\n\t<div id=\"col-2106673070\" class=\"col medium-5 small-12 large-5\"  >\n\t\t\t\t<div class=\"col-inner\"  >\n\t\t\t\n\t\t\t\n\t<div class=\"img has-hover x md-x lg-x y md-y lg-y\" id=\"image_450418098\">\n\t\t\t\t\t\t\t\t<div class=\"img-inner dark\" >\n\t\t\t<img loading=\"lazy\" decoding=\"async\" width=\"433\" height=\"333\" src=\"https:\/\/ajax-alarme.ch\/wp-content\/uploads\/2021\/02\/AJAX-RELAIS-WIRELESS-2.jpg\" class=\"attachment-large size-large\" alt=\"\" \/>\t\t\t\t\t\t\n\t\t\t\t\t<\/div>\n\t\t\t\t\t\t\t\t\n<style>\n#image_450418098 {\n  width: 100%;\n}\n<\/style>\n\t<\/div>\n\t\n\t\t<\/div>\n\t\t\t\t\t<\/div>\n\n\t\n<\/div>\n<div class=\"is-divider divider clearfix\" ><\/div>\n<h2><strong>Relais de contr\u00f4le basse tension sans fil &#8211; Relay Ajax<\/strong><\/h2>\n<p>Ce relais de contr\u00f4le sert \u00e0 activer et d\u00e9sactiver l&#8217;alimentation des \u00e9quipements \u00e9lectriques basse tension de 7 \u00e0 24 V DC. Serrures \u00e9lectriques, portes, stores, modems sont donc commandables \u00e0 distance via un smartphone.<\/p>\n<p>La particularit\u00e9 de ce relais est de ne pas \u00eatre en contact sec avec les appareils. De forme compacte, il vient s&#8217;installer dans un tableau \u00e9lectrique ou une bo\u00eete de jonction, sa fonction d&#8217;impulsion lui permet aussi de jouer le r\u00f4le d&#8217;un bouton.<\/p>\n<p>Pour une s\u00e9curisation compl\u00e8te du dispositif, Relay est \u00e9quip\u00e9 d&#8217;un syst\u00e8me de protection qui en cas de surchauffe ou de surtension s&#8217;\u00e9teint automatiquement.<\/p>\n<div class=\"is-divider divider clearfix\" ><\/div>\n<div class=\"row\"  id=\"row-1275820595\">\n\n\t<div id=\"col-536306407\" class=\"col medium-6 small-12 large-6\"  >\n\t\t\t\t<div class=\"col-inner\"  >\n\t\t\t\n\t\t\t\n\t<div class=\"img has-hover x md-x lg-x y md-y lg-y\" id=\"image_2001814716\">\n\t\t\t\t\t\t\t\t<div class=\"img-inner dark\" >\n\t\t\t<img loading=\"lazy\" decoding=\"async\" width=\"433\" height=\"333\" src=\"https:\/\/ajax-alarme.ch\/wp-content\/uploads\/2021\/02\/AJAX-RELAIS-WIRELESS.jpg\" class=\"attachment-large size-large\" alt=\"\" \/>\t\t\t\t\t\t\n\t\t\t\t\t<\/div>\n\t\t\t\t\t\t\t\t\n<style>\n#image_2001814716 {\n  width: 100%;\n}\n<\/style>\n\t<\/div>\n\t\n\t\t<\/div>\n\t\t\t\t\t<\/div>\n\n\t\n\n\t<div id=\"col-912475558\" class=\"col medium-6 small-12 large-6\"  >\n\t\t\t\t<div class=\"col-inner\"  >\n\t\t\t\n\t\t\t\n<h2><strong>Technische Spezifikationen<\/strong><\/h2>\n<p>  Kompatibilit\u00e4t: Alle Alarmzentralen, Funkrelais Typ: Drahtlos Lebensdauer des Relais: 200.000 Bet\u00e4tigungen Spannungsschutz: min 6,5 V, max 36,5 V Max. Laststrom: 5 A bei 36 V DC, 13 A bei 230 V AC Stromversorgung: 7 &#8211; 24 V DC Signalart: Impuls oder Bistabil Kontaktart : NO\/NC Impulsdauer: 0,5 s bis 255 s Temperatur: 0\u00b0C bis 65\u00b0C Schutzart: IP20 Abmessungen: 39 x 33 x 18 mm Gewicht: 25 g<\/p>\n\t\t<\/div>\n\t\t\t\t\t<\/div>\n\n\t\n<\/div>\n","protected":false},"excerpt":{"rendered":"<div id=\"short_description_block\">\n<div id=\"short_description_content\" class=\"rte align_justify\">Das Relais ist eine Funkkanalsteuerung f\u00fcr Schwachstromanlagen. Damit lassen sich elektrische Schl\u00f6sser, Tore, Rolll\u00e4den, Jalousien usw. in Ihr Alarmsystem integrieren. Das Ger\u00e4t steuert die Stromversorgung \u00fcber ein Relais, das den potenzialfreien Kontakt schlie\u00dft und \u00f6ffnet.<\/div>\n<p>&nbsp;<\/p>\n<\/div>\n","protected":false},"featured_media":2082,"comment_status":"closed","ping_status":"closed","template":"","meta":[],"product_brand":[],"product_cat":[146],"product_tag":[],"class_list":{"0":"post-3414","1":"product","2":"type-product","3":"status-publish","4":"has-post-thumbnail","6":"product_cat-die-accessoires","8":"first","9":"instock","10":"sale","11":"shipping-taxable","12":"purchasable","13":"product-type-simple"},"_links":{"self":[{"href":"https:\/\/ajax-alarme.ch\/de\/wp-json\/wp\/v2\/product\/3414","targetHints":{"allow":["GET"]}}],"collection":[{"href":"https:\/\/ajax-alarme.ch\/de\/wp-json\/wp\/v2\/product"}],"about":[{"href":"https:\/\/ajax-alarme.ch\/de\/wp-json\/wp\/v2\/types\/product"}],"replies":[{"embeddable":true,"href":"https:\/\/ajax-alarme.ch\/de\/wp-json\/wp\/v2\/comments?post=3414"}],"wp:featuredmedia":[{"embeddable":true,"href":"https:\/\/ajax-alarme.ch\/de\/wp-json\/wp\/v2\/media\/2082"}],"wp:attachment":[{"href":"https:\/\/ajax-alarme.ch\/de\/wp-json\/wp\/v2\/media?parent=3414"}],"wp:term":[{"taxonomy":"product_brand","embeddable":true,"href":"https:\/\/ajax-alarme.ch\/de\/wp-json\/wp\/v2\/product_brand?post=3414"},{"taxonomy":"product_cat","embeddable":true,"href":"https:\/\/ajax-alarme.ch\/de\/wp-json\/wp\/v2\/product_cat?post=3414"},{"taxonomy":"product_tag","embeddable":true,"href":"https:\/\/ajax-alarme.ch\/de\/wp-json\/wp\/v2\/product_tag?post=3414"}],"curies":[{"name":"wp","href":"https:\/\/api.w.org\/{rel}","templated":true}]}}