{"id":3412,"date":"2020-10-02T10:56:55","date_gmt":"2020-10-02T08:56:55","guid":{"rendered":"https:\/\/ajax-alarme.ch\/product\/motionprotect-plus-bewegungsmelder-mw-fuer-raue-umgebungen\/"},"modified":"2024-09-13T18:38:11","modified_gmt":"2024-09-13T16:38:11","slug":"motionprotect-plus-bewegungsmelder-mw-fuer-raue-umgebungen","status":"publish","type":"product","link":"https:\/\/ajax-alarme.ch\/de\/product\/motionprotect-plus-bewegungsmelder-mw-fuer-raue-umgebungen\/","title":{"rendered":"MotionProtect Plus &#8211; Bewegungsmelder &amp; MW. F\u00fcr raue Umgebungen."},"content":{"rendered":"<div class=\"row\"  id=\"row-526127222\">\n\n\t<div id=\"col-890317168\" class=\"col medium-6 small-12 large-6\"  >\n\t\t\t\t<div class=\"col-inner\"  >\n\t\t\t\n\t\t\t\n<div class=\"is-divider divider clearfix\" style=\"max-width:0px;\"><\/div>\n<h2><strong>Bewegungsmelder mit doppelter Technologie.<\/strong><\/h2>\n<p>  MotionProtect Plus ist eine Kombination aus zwei furchterregenden Technologien, die jede verd\u00e4chtige Bewegung in ihrem \u00dcberwachungsbereich erkennen k\u00f6nnen. Die Infraroterkennung mit ihrem W\u00e4rmesensor reagiert auf eine Bewegung, deren Temperatur sich der eines Menschen n\u00e4hert. Haustiere, die nicht schwerer als 20 kg und nicht gr\u00f6\u00dfer als 50 cm sind, werden von der Einrichtung toleriert.<\/p>\n\t\t<\/div>\n\t\t\t\t\t<\/div>\n\n\t\n\n\t<div id=\"col-1394215267\" class=\"col medium-6 small-12 large-6\"  >\n\t\t\t\t<div class=\"col-inner\"  >\n\t\t\t\n\t\t\t\n\t<div class=\"img has-hover x md-x lg-x y md-y lg-y\" id=\"image_975134341\">\n\t\t\t\t\t\t\t\t<div class=\"img-inner dark\" >\n\t\t\t<img loading=\"lazy\" decoding=\"async\" width=\"1020\" height=\"552\" src=\"https:\/\/ajax-alarme.ch\/wp-content\/uploads\/2021\/02\/motionprotect.jpg\" class=\"attachment-large size-large\" alt=\"\" srcset=\"https:\/\/ajax-alarme.ch\/wp-content\/uploads\/2021\/02\/motionprotect.jpg 1024w, https:\/\/ajax-alarme.ch\/wp-content\/uploads\/2021\/02\/motionprotect-510x276.jpg 510w, https:\/\/ajax-alarme.ch\/wp-content\/uploads\/2021\/02\/motionprotect-739x400.jpg 739w, https:\/\/ajax-alarme.ch\/wp-content\/uploads\/2021\/02\/motionprotect-768x416.jpg 768w, https:\/\/ajax-alarme.ch\/wp-content\/uploads\/2021\/02\/motionprotect-600x325.jpg 600w\" sizes=\"auto, (max-width: 1020px) 100vw, 1020px\" \/>\t\t\t\t\t\t\n\t\t\t\t\t<\/div>\n\t\t\t\t\t\t\t\t\n<style>\n#image_975134341 {\n  width: 100%;\n}\n<\/style>\n\t<\/div>\n\t\n\t\t<\/div>\n\t\t\t\t\t<\/div>\n\n\t\n<\/div>\n<div class=\"is-divider divider clearfix\" style=\"max-width:0px;\"><\/div>\n<div class=\"row\"  id=\"row-1841814554\">\n\n\t<div id=\"col-185640316\" class=\"col medium-6 small-12 large-6\"  >\n\t\t\t\t<div class=\"col-inner\"  >\n\t\t\t\n\t\t\t\n<div class=\"is-divider divider clearfix\" style=\"max-width:0px;\"><\/div>\n\t<div class=\"img has-hover x md-x lg-x y md-y lg-y\" id=\"image_1933562514\">\n\t\t\t\t\t\t\t\t<div class=\"img-inner dark\" >\n\t\t\t<img loading=\"lazy\" decoding=\"async\" width=\"1020\" height=\"762\" src=\"https:\/\/ajax-alarme.ch\/wp-content\/uploads\/2021\/02\/motionposition-1071x800.jpg\" class=\"attachment-large size-large\" alt=\"\" srcset=\"https:\/\/ajax-alarme.ch\/wp-content\/uploads\/2021\/02\/motionposition-1071x800.jpg 1071w, https:\/\/ajax-alarme.ch\/wp-content\/uploads\/2021\/02\/motionposition-510x381.jpg 510w, https:\/\/ajax-alarme.ch\/wp-content\/uploads\/2021\/02\/motionposition-536x400.jpg 536w, https:\/\/ajax-alarme.ch\/wp-content\/uploads\/2021\/02\/motionposition-768x573.jpg 768w, https:\/\/ajax-alarme.ch\/wp-content\/uploads\/2021\/02\/motionposition-600x448.jpg 600w, https:\/\/ajax-alarme.ch\/wp-content\/uploads\/2021\/02\/motionposition.jpg 1200w\" sizes=\"auto, (max-width: 1020px) 100vw, 1020px\" \/>\t\t\t\t\t\t\n\t\t\t\t\t<\/div>\n\t\t\t\t\t\t\t\t\n<style>\n#image_1933562514 {\n  width: 100%;\n}\n<\/style>\n\t<\/div>\n\t\n\t\t<\/div>\n\t\t\t\t\t<\/div>\n\n\t\n\n\t<div id=\"col-510941487\" class=\"col medium-6 small-12 large-6\"  >\n\t\t\t\t<div class=\"col-inner\"  >\n\t\t\t\n\t\t\t\n<div class=\"is-divider divider clearfix\" style=\"max-width:0px;\"><\/div>\n<h2><strong>Mikrowellen, die Vorteile<\/strong><\/h2>\n<p>  Die Mikrowellenerkennung funktioniert dann wie ein Radar und scannt die Gefahrenzone mit Radiofrequenzen, um ein Eindringen zu best\u00e4tigen. Dieser drahtlose Bewegungsmelder wurde speziell entwickelt, um Fehlalarme aufgrund von Luftstr\u00f6men, Kaminen, Klimaanlagen und blendender Beleuchtung im Raum zu analysieren und zu ignorieren. Erkennt die Anwesenheit von Menschen durch die Temperaturdifferenz zur thermischen Hintergrundstrahlung. Der Mikrowellensensor verhindert Fehlalarme, die durch komplexe Interferenzen verursacht werden, wie z. B. Heizungen, Kamine, Zugluft oder andere Umgebungen, die f\u00fcr Standard-Infrarotsensoren schwierig sind.<\/p>\n\t\t<\/div>\n\t\t\t\t\t<\/div>\n\n\t\n<\/div>\n<div class=\"is-divider divider clearfix\" style=\"max-width:0px;\"><\/div>\n<div class=\"row\"  id=\"row-270154245\">\n\n\t<div id=\"col-28401514\" class=\"col medium-6 small-12 large-6\"  >\n\t\t\t\t<div class=\"col-inner\"  >\n\t\t\t\n\t\t\t\n<h2>Technische Spezifikationen<\/h2>\n<p>  Kompatibilit\u00e4t: Alle Alarmzentralen, Funkrelais, ocBridge, uartbridge Immunit\u00e4t: F\u00fcr Tiere unter 20 kg Bewegungserkennungswinkel: Horizontal 88,5\u00b0 \/ Vertikal 80\u00b0 Maximale Bewegungserkennungsdistanz: 12 m Bruch-Erkennungswinkel: 180\u00b0 Maximale Bruch-Erkennungsdistanz: 9 m Immunit\u00e4t gegen Haustiere: Ja, bis zu 20 kg \/ bis zu 50 cm Stromversorgung: CR123A Temperatur: -10\u00b0C bis +40\u00b0C Abmessungen: 110 x 65 x 50 mm Gewicht: 92 g<\/p>\n\t\t<\/div>\n\t\t\t\t\t<\/div>\n\n\t\n\n\t<div id=\"col-2074757572\" class=\"col medium-6 small-12 large-6\"  >\n\t\t\t\t<div class=\"col-inner\"  >\n\t\t\t\n\t\t\t\n<div class=\"is-divider divider clearfix\" style=\"max-width:0px;\"><\/div>\n\t<div class=\"img has-hover x md-x lg-x y md-y lg-y\" id=\"image_772802703\">\n\t\t\t\t\t\t\t\t<div class=\"img-inner dark\" >\n\t\t\t<img loading=\"lazy\" decoding=\"async\" width=\"875\" height=\"500\" src=\"https:\/\/ajax-alarme.ch\/wp-content\/uploads\/2021\/02\/position.jpg\" class=\"attachment-large size-large\" alt=\"\" srcset=\"https:\/\/ajax-alarme.ch\/wp-content\/uploads\/2021\/02\/position.jpg 875w, https:\/\/ajax-alarme.ch\/wp-content\/uploads\/2021\/02\/position-510x291.jpg 510w, https:\/\/ajax-alarme.ch\/wp-content\/uploads\/2021\/02\/position-700x400.jpg 700w, https:\/\/ajax-alarme.ch\/wp-content\/uploads\/2021\/02\/position-768x439.jpg 768w, https:\/\/ajax-alarme.ch\/wp-content\/uploads\/2021\/02\/position-600x343.jpg 600w\" sizes=\"auto, (max-width: 875px) 100vw, 875px\" \/>\t\t\t\t\t\t\n\t\t\t\t\t<\/div>\n\t\t\t\t\t\t\t\t\n<style>\n#image_772802703 {\n  width: 100%;\n}\n<\/style>\n\t<\/div>\n\t\n\t\t<\/div>\n\t\t\t\t\t<\/div>\n\n\t\n<\/div>\n","protected":false},"excerpt":{"rendered":"<p id=\"product_manufacturer\">Erkennt die Anwesenheit von Menschen durch die Temperaturdifferenz zur thermischen Hintergrundstrahlung. Der Mikrowellensensor verhindert Fehlalarme, die durch komplexe St\u00f6rungen verursacht werden.<\/p>\n","protected":false},"featured_media":5259,"comment_status":"closed","ping_status":"closed","template":"","meta":[],"product_brand":[],"product_cat":[140],"product_tag":[],"class_list":{"0":"post-3412","1":"product","2":"type-product","3":"status-publish","4":"has-post-thumbnail","6":"product_cat-bewegungsmelder","8":"first","9":"instock","10":"sale","11":"shipping-taxable","12":"purchasable","13":"product-type-variable"},"_links":{"self":[{"href":"https:\/\/ajax-alarme.ch\/de\/wp-json\/wp\/v2\/product\/3412","targetHints":{"allow":["GET"]}}],"collection":[{"href":"https:\/\/ajax-alarme.ch\/de\/wp-json\/wp\/v2\/product"}],"about":[{"href":"https:\/\/ajax-alarme.ch\/de\/wp-json\/wp\/v2\/types\/product"}],"replies":[{"embeddable":true,"href":"https:\/\/ajax-alarme.ch\/de\/wp-json\/wp\/v2\/comments?post=3412"}],"wp:featuredmedia":[{"embeddable":true,"href":"https:\/\/ajax-alarme.ch\/de\/wp-json\/wp\/v2\/media\/5259"}],"wp:attachment":[{"href":"https:\/\/ajax-alarme.ch\/de\/wp-json\/wp\/v2\/media?parent=3412"}],"wp:term":[{"taxonomy":"product_brand","embeddable":true,"href":"https:\/\/ajax-alarme.ch\/de\/wp-json\/wp\/v2\/product_brand?post=3412"},{"taxonomy":"product_cat","embeddable":true,"href":"https:\/\/ajax-alarme.ch\/de\/wp-json\/wp\/v2\/product_cat?post=3412"},{"taxonomy":"product_tag","embeddable":true,"href":"https:\/\/ajax-alarme.ch\/de\/wp-json\/wp\/v2\/product_tag?post=3412"}],"curies":[{"name":"wp","href":"https:\/\/api.w.org\/{rel}","templated":true}]}}