{"id":3391,"date":"2020-10-02T10:39:07","date_gmt":"2020-10-02T08:39:07","guid":{"rendered":"https:\/\/ajax-alarme.ch\/product\/motionprotect-einfacher-infrarot-bewegungsmelder\/"},"modified":"2024-09-13T18:38:26","modified_gmt":"2024-09-13T16:38:26","slug":"motionprotect-einfacher-infrarot-bewegungsmelder","status":"publish","type":"product","link":"https:\/\/ajax-alarme.ch\/de\/product\/motionprotect-einfacher-infrarot-bewegungsmelder\/","title":{"rendered":"MotionProtect &#8211; Einfacher Infrarot-Bewegungsmelder"},"content":{"rendered":"<div class=\"row\"  id=\"row-175608854\">\n\n\t<div id=\"col-1443886320\" class=\"col medium-6 small-12 large-6\"  >\n\t\t\t\t<div class=\"col-inner\"  >\n\t\t\t\n\t\t\t\n<h2><strong>MotionProtect Ajax &#8211; ein tierfreundlicher Bewegungsmelder<\/strong><\/h2>\n<p>  Der MotionProtect ist speziell f\u00fcr den Einsatz in Innenr\u00e4umen geeignet und kann einen Bereich mit einem Radius von 12 Metern \u00fcberwachen. Mit seinem auf Infrarottechnologie basierenden Ger\u00e4t kann er verd\u00e4chtige Bewegungen erkennen, die mit einem Menschen in Verbindung stehen. Seine Erkennung ist in der Empfindlichkeit einstellbar, wodurch Fehlalarme vermieden werden und Haustiere unter 20 kg in seinem gesch\u00fctzten Bereich erlaubt sind. Bei einem Einbruch wird die Alarmzentrale durch die sofortige Reaktion von MotionProtect benachrichtigt, so dass sowohl die Bewohner als auch das Eigentum des Hauses gesch\u00fctzt sind.<\/p>\n\t\t<\/div>\n\t\t\t\t\t<\/div>\n\n\t\n\n\t<div id=\"col-1468649827\" class=\"col medium-6 small-12 large-6\"  >\n\t\t\t\t<div class=\"col-inner\"  >\n\t\t\t\n\t\t\t\n\t<div class=\"img has-hover x md-x lg-x y md-y lg-y\" id=\"image_1967081452\">\n\t\t\t\t\t\t\t\t<div class=\"img-inner dark\" >\n\t\t\t<img loading=\"lazy\" decoding=\"async\" width=\"433\" height=\"333\" src=\"https:\/\/ajax-alarme.ch\/wp-content\/uploads\/2021\/02\/AJAX-COMBI-PROTECT.jpg\" class=\"attachment-large size-large\" alt=\"\" \/>\t\t\t\t\t\t\n\t\t\t\t\t<\/div>\n\t\t\t\t\t\t\t\t\n<style>\n#image_1967081452 {\n  width: 100%;\n}\n<\/style>\n\t<\/div>\n\t\n\t\t<\/div>\n\t\t\t\t\t<\/div>\n\n\t\n<\/div>\n<div class=\"is-divider divider clearfix\" style=\"max-width:0px;height:60px;\"><\/div>\n<div class=\"row\"  id=\"row-1382619458\">\n\n\t<div id=\"col-1926458231\" class=\"col medium-6 small-12 large-6\"  >\n\t\t\t\t<div class=\"col-inner\"  >\n\t\t\t\n\t\t\t\n\t<div class=\"img has-hover x md-x lg-x y md-y lg-y\" id=\"image_1889419603\">\n\t\t\t\t\t\t\t\t<div class=\"img-inner dark\" >\n\t\t\t<img loading=\"lazy\" decoding=\"async\" width=\"433\" height=\"333\" src=\"https:\/\/ajax-alarme.ch\/wp-content\/uploads\/2021\/02\/AJAX-COMBI-PROTECT-3.jpg\" class=\"attachment-large size-large\" alt=\"\" \/>\t\t\t\t\t\t\n\t\t\t\t\t<\/div>\n\t\t\t\t\t\t\t\t\n<style>\n#image_1889419603 {\n  width: 100%;\n}\n<\/style>\n\t<\/div>\n\t\n<div class=\"is-divider divider clearfix\" style=\"max-width:0px;\"><\/div>\n\t<div class=\"img has-hover x md-x lg-x y md-y lg-y\" id=\"image_2093342325\">\n\t\t\t\t\t\t\t\t<div class=\"img-inner dark\" style=\"margin:0px 0px 0px 68px;\">\n\t\t\t<img loading=\"lazy\" decoding=\"async\" width=\"655\" height=\"800\" src=\"https:\/\/ajax-alarme.ch\/wp-content\/uploads\/2021\/02\/AJAX-MotionProtect-example-03-655x800.png\" class=\"attachment-large size-large\" alt=\"\" srcset=\"https:\/\/ajax-alarme.ch\/wp-content\/uploads\/2021\/02\/AJAX-MotionProtect-example-03-655x800.png 655w, https:\/\/ajax-alarme.ch\/wp-content\/uploads\/2021\/02\/AJAX-MotionProtect-example-03-510x623.png 510w, https:\/\/ajax-alarme.ch\/wp-content\/uploads\/2021\/02\/AJAX-MotionProtect-example-03-327x400.png 327w, https:\/\/ajax-alarme.ch\/wp-content\/uploads\/2021\/02\/AJAX-MotionProtect-example-03-600x733.png 600w, https:\/\/ajax-alarme.ch\/wp-content\/uploads\/2021\/02\/AJAX-MotionProtect-example-03.png 765w\" sizes=\"auto, (max-width: 655px) 100vw, 655px\" \/>\t\t\t\t\t\t\n\t\t\t\t\t<\/div>\n\t\t\t\t\t\t\t\t\n<style>\n#image_2093342325 {\n  width: 84%;\n}\n<\/style>\n\t<\/div>\n\t\n\t\t<\/div>\n\t\t\t\t\t<\/div>\n\n\t\n\n\t<div id=\"col-324618305\" class=\"col medium-6 small-12 large-6\"  >\n\t\t\t\t<div class=\"col-inner\"  >\n\t\t\t\n\t\t\t\n<h2><strong>Funktionsprinzip<\/strong><\/h2>\n<p>  Erkennt die Anwesenheit von Menschen aufgrund von Temperaturunterschieden zur Hintergrundstrahlung. Der Mikrowellensensor verhindert Fehlalarme, die durch komplexe Interferenzen verursacht werden.  <\/p>\n<h2><strong>Funktionen<\/strong><\/h2>\n<p>  F\u00fcr den Betrieb in Bereichen mit Kaminen und Klimaanlagen konzipiert. Erkennt und ignoriert Zugluft, das Verschieben von Vorh\u00e4ngen und Jalousien, sowie Flimmern, Blendung und Reflexion.  <\/p>\n<h2><strong>Installation und Konfiguration<\/strong><\/h2>\n<p>  Sofort einsatzbereit. Der Akku ist bereits im Inneren eingebaut. Sie m\u00fcssen den Detektor nicht auseinandernehmen. Mit dem SmartBracket k\u00f6nnen Sie ihn in wenigen Minuten aufh\u00e4ngen.  <\/p>\n<h2><strong>Haustiere?<\/strong><\/h2>\n<p>  Mit diesem Ajax-Alarmsystem k\u00f6nnen Sie beruhigt nach Hause gehen, auch wenn Sie Haustiere haben. Der SmartDetect-Algorithmus des Systems verhindert Fehlalarme von Tieren, die weniger als 20 kg wiegen und 50 cm hoch sind. Fehlalarme werden durch die Verwendung einer optischen Komponente von FresnelTech ausgeschlossen. Dadurch wird die Anzahl der Fehlalarme minimiert, sodass Sie besser \u00fcber die Situation informiert sind. Eine Erfassungsreichweite von 12 Metern und eine einstellbare Steuerung der Melderreaktion sorgen f\u00fcr eine optimale Abdeckung. Die \u00dcberpr\u00fcfung kann alle 12 bis 300 Sekunden durchgef\u00fchrt werden (von Ihnen einstellbar).<\/p>\n\t\t<\/div>\n\t\t\t\t\t<\/div>\n\n\t\n<\/div>\n<div class=\"is-divider divider clearfix\" style=\"max-width:0px;height:30px;\"><\/div>\n<div class=\"row\"  id=\"row-2056539835\">\n\n\t<div id=\"col-990211490\" class=\"col medium-6 small-12 large-6\"  >\n\t\t\t\t<div class=\"col-inner\"  >\n\t\t\t\n\t\t\t\n<h2>Technische Spezifikationen<\/h2>\n<p>  Kompatibilit\u00e4t: Alle Alarmzentralen, Funkrelais, ocBridge, uartbridge Erfassungssystem: PIR Bewegungserkennungswinkel: Horizontal 88,5\u00b0 \/ Vertikal 80\u00b0 Max. Bewegungserkennungsentfernung: 12 m Immunit\u00e4t gegen Haustiere: Ja, bis zu 20 kg \/ bis zu 50 cm Stromversorgung: CR123A Temperatur: -10\u00b0C bis +40\u00b0C Abmessungen: 110 x 65 x 50 mm Gewicht: 86 g<\/p>\n\t\t<\/div>\n\t\t\t\t\t<\/div>\n\n\t\n\n\t<div id=\"col-3289202\" class=\"col medium-6 small-12 large-6\"  >\n\t\t\t\t<div class=\"col-inner\"  >\n\t\t\t\n\t\t\t\n\t<div class=\"img has-hover x md-x lg-x y md-y lg-y\" id=\"image_2015257448\">\n\t\t\t\t\t\t\t\t<div class=\"img-inner dark\" >\n\t\t\t<img loading=\"lazy\" decoding=\"async\" width=\"700\" height=\"466\" src=\"https:\/\/ajax-alarme.ch\/wp-content\/uploads\/2021\/02\/Ajax-8.jpg\" class=\"attachment-large size-large\" alt=\"\" srcset=\"https:\/\/ajax-alarme.ch\/wp-content\/uploads\/2021\/02\/Ajax-8.jpg 700w, https:\/\/ajax-alarme.ch\/wp-content\/uploads\/2021\/02\/Ajax-8-510x340.jpg 510w, https:\/\/ajax-alarme.ch\/wp-content\/uploads\/2021\/02\/Ajax-8-601x400.jpg 601w, https:\/\/ajax-alarme.ch\/wp-content\/uploads\/2021\/02\/Ajax-8-600x399.jpg 600w\" sizes=\"auto, (max-width: 700px) 100vw, 700px\" \/>\t\t\t\t\t\t\n\t\t\t\t\t<\/div>\n\t\t\t\t\t\t\t\t\n<style>\n#image_2015257448 {\n  width: 100%;\n}\n<\/style>\n\t<\/div>\n\t\n\t\t<\/div>\n\t\t\t\t\t<\/div>\n\n\t\n<\/div>\n","protected":false},"excerpt":{"rendered":"<p id=\"product_condition\">Dieses Ger\u00e4t ist ein drahtloser Bewegungsmelder. Das Ger\u00e4t erkennt die Anwesenheit von Personen \u00fcber den IR-Pegel mithilfe eines PIR-Sensors in einem Bereich von bis zu 12 m.<\/p>\n","protected":false},"featured_media":5259,"comment_status":"closed","ping_status":"closed","template":"","meta":[],"product_brand":[],"product_cat":[140],"product_tag":[],"class_list":{"0":"post-3391","1":"product","2":"type-product","3":"status-publish","4":"has-post-thumbnail","6":"product_cat-bewegungsmelder","8":"first","9":"instock","10":"sale","11":"shipping-taxable","12":"purchasable","13":"product-type-variable"},"_links":{"self":[{"href":"https:\/\/ajax-alarme.ch\/de\/wp-json\/wp\/v2\/product\/3391","targetHints":{"allow":["GET"]}}],"collection":[{"href":"https:\/\/ajax-alarme.ch\/de\/wp-json\/wp\/v2\/product"}],"about":[{"href":"https:\/\/ajax-alarme.ch\/de\/wp-json\/wp\/v2\/types\/product"}],"replies":[{"embeddable":true,"href":"https:\/\/ajax-alarme.ch\/de\/wp-json\/wp\/v2\/comments?post=3391"}],"wp:featuredmedia":[{"embeddable":true,"href":"https:\/\/ajax-alarme.ch\/de\/wp-json\/wp\/v2\/media\/5259"}],"wp:attachment":[{"href":"https:\/\/ajax-alarme.ch\/de\/wp-json\/wp\/v2\/media?parent=3391"}],"wp:term":[{"taxonomy":"product_brand","embeddable":true,"href":"https:\/\/ajax-alarme.ch\/de\/wp-json\/wp\/v2\/product_brand?post=3391"},{"taxonomy":"product_cat","embeddable":true,"href":"https:\/\/ajax-alarme.ch\/de\/wp-json\/wp\/v2\/product_cat?post=3391"},{"taxonomy":"product_tag","embeddable":true,"href":"https:\/\/ajax-alarme.ch\/de\/wp-json\/wp\/v2\/product_tag?post=3391"}],"curies":[{"name":"wp","href":"https:\/\/api.w.org\/{rel}","templated":true}]}}