{"id":3380,"date":"2020-10-02T11:19:31","date_gmt":"2020-10-02T09:19:31","guid":{"rendered":"https:\/\/ajax-alarme.ch\/product\/spacecontrol-fernbedienung\/"},"modified":"2024-09-13T18:36:00","modified_gmt":"2024-09-13T16:36:00","slug":"spacecontrol-fernbedienung","status":"publish","type":"product","link":"https:\/\/ajax-alarme.ch\/de\/product\/spacecontrol-fernbedienung\/","title":{"rendered":"SpaceControl &#8211; Fernbedienung"},"content":{"rendered":"<div class=\"row\"  id=\"row-306112559\">\n\n\t<div id=\"col-1529643296\" class=\"col medium-6 small-12 large-6\"  >\n\t\t\t\t<div class=\"col-inner\"  >\n\t\t\t\n\t\t\t\n<h2><strong>Multifunktionale SpaceControl-Fernbedienung<\/strong><\/h2>\n<p>  Die Fernbedienung SpaceControl Ajax konzentriert die wichtigsten Sicherheitsmodi der Alarmzentrale auf 4 Tasten:  <\/p>\n<ul>\n<li>Systembewaffnung<\/li>\n<li>System entsch\u00e4rfen<\/li>\n<li>Nachtmodus<\/li>\n<li>Panikmodus<\/li>\n<li>4 Best\u00e4tigungs-LEDs<\/li>\n<\/ul>\n\t\t<\/div>\n\t\t\t\t\t<\/div>\n\n\t\n\n\t<div id=\"col-937169731\" class=\"col medium-6 small-12 large-6\"  >\n\t\t\t\t<div class=\"col-inner\"  >\n\t\t\t\n\t\t\t\n\t<div class=\"img has-hover x md-x lg-x y md-y lg-y\" id=\"image_909161679\">\n\t\t\t\t\t\t\t\t<div class=\"img-inner dark\" >\n\t\t\t<img loading=\"lazy\" decoding=\"async\" width=\"993\" height=\"544\" src=\"https:\/\/ajax-alarme.ch\/wp-content\/uploads\/2021\/02\/spacect.jpg\" class=\"attachment-large size-large\" alt=\"\" srcset=\"https:\/\/ajax-alarme.ch\/wp-content\/uploads\/2021\/02\/spacect.jpg 993w, https:\/\/ajax-alarme.ch\/wp-content\/uploads\/2021\/02\/spacect-510x279.jpg 510w, https:\/\/ajax-alarme.ch\/wp-content\/uploads\/2021\/02\/spacect-730x400.jpg 730w, https:\/\/ajax-alarme.ch\/wp-content\/uploads\/2021\/02\/spacect-768x421.jpg 768w, https:\/\/ajax-alarme.ch\/wp-content\/uploads\/2021\/02\/spacect-600x329.jpg 600w\" sizes=\"auto, (max-width: 993px) 100vw, 993px\" \/>\t\t\t\t\t\t\n\t\t\t\t\t<\/div>\n\t\t\t\t\t\t\t\t\n<style>\n#image_909161679 {\n  width: 100%;\n}\n<\/style>\n\t<\/div>\n\t\n\t\t<\/div>\n\t\t\t\t\t<\/div>\n\n\t\n<\/div>\n<div class=\"is-divider divider clearfix\" style=\"max-width:0px;\"><\/div>\n<div class=\"row\"  id=\"row-1496166629\">\n\n\t<div id=\"col-1102719991\" class=\"col medium-6 small-12 large-6\"  >\n\t\t\t\t<div class=\"col-inner\"  >\n\t\t\t\n\t\t\t\n\t<div class=\"img has-hover x md-x lg-x y md-y lg-y\" id=\"image_1556591218\">\n\t\t\t\t\t\t\t\t<div class=\"img-inner dark\" >\n\t\t\t<img loading=\"lazy\" decoding=\"async\" width=\"720\" height=\"390\" src=\"https:\/\/ajax-alarme.ch\/wp-content\/uploads\/2021\/02\/spacecontroeblack.jpg\" class=\"attachment-large size-large\" alt=\"\" srcset=\"https:\/\/ajax-alarme.ch\/wp-content\/uploads\/2021\/02\/spacecontroeblack.jpg 720w, https:\/\/ajax-alarme.ch\/wp-content\/uploads\/2021\/02\/spacecontroeblack-510x276.jpg 510w, https:\/\/ajax-alarme.ch\/wp-content\/uploads\/2021\/02\/spacecontroeblack-600x325.jpg 600w\" sizes=\"auto, (max-width: 720px) 100vw, 720px\" \/>\t\t\t\t\t\t\n\t\t\t\t\t<\/div>\n\t\t\t\t\t\t\t\t\n<style>\n#image_1556591218 {\n  width: 100%;\n}\n<\/style>\n\t<\/div>\n\t\n\t\t<\/div>\n\t\t\t\t\t<\/div>\n\n\t\n\n\t<div id=\"col-757025383\" class=\"col medium-6 small-12 large-6\"  >\n\t\t\t\t<div class=\"col-inner\"  >\n\t\t\t\n\t\t\t\n<div class=\"is-divider divider clearfix\" style=\"max-width:0px;\"><\/div>  SpaceControl: Eine kompakte, vernetzte Fernbedienung Diese SpaceControl-Fernbedienung funktioniert nur mit einer Zentrale, einem Ajax-Alarm oder einem Drittalarm \u00fcber das Ajax-Integrationsmodul. Die Verbindung der Fernbedienung mit der Zentrale l\u00e4uft \u00fcber das Ajax-Sicherheitssystem.<\/p>\n\t\t<\/div>\n\t\t\t\t\t<\/div>\n\n\t\n<\/div>\n<div class=\"is-divider divider clearfix\" style=\"max-width:0px;\"><\/div>\n<div class=\"row\"  id=\"row-856610030\">\n\n\t<div id=\"col-1233778718\" class=\"col medium-6 small-12 large-6\"  >\n\t\t\t\t<div class=\"col-inner\"  >\n\t\t\t\n\t\t\t\n<h2>Technische Spezifikationen<\/h2>\n<p>  Kompatibilit\u00e4t: Alle Alarmzentralen, Funkrelais, ocBridge, uartBridge Typ: Drahtlos Anzahl der Tasten: 4 Stromversorgung: CR2032 Temperatur: -25\u00b0C bis +50\u00b0C Abmessungen: 65 x 37 x 10 mm Gewicht: 13 g<\/p>\n\t\t<\/div>\n\t\t\t\t\t<\/div>\n\n\t\n\n\t<div id=\"col-1497200367\" class=\"col medium-6 small-12 large-6\"  >\n\t\t\t\t<div class=\"col-inner\"  >\n\t\t\t\n\t\t\t\n<div class=\"is-divider divider clearfix\" style=\"max-width:0px;\"><\/div>\n<div class=\"is-divider divider clearfix\" style=\"max-width:0px;\"><\/div>\n\t<div class=\"img has-hover x md-x lg-x y md-y lg-y\" id=\"image_984975460\">\n\t\t\t\t\t\t\t\t<div class=\"img-inner dark\" >\n\t\t\t<img loading=\"lazy\" decoding=\"async\" width=\"1020\" height=\"269\" src=\"https:\/\/ajax-alarme.ch\/wp-content\/uploads\/2021\/02\/appajax.jpg\" class=\"attachment-large size-large\" alt=\"\" srcset=\"https:\/\/ajax-alarme.ch\/wp-content\/uploads\/2021\/02\/appajax.jpg 1164w, https:\/\/ajax-alarme.ch\/wp-content\/uploads\/2021\/02\/appajax-510x135.jpg 510w, https:\/\/ajax-alarme.ch\/wp-content\/uploads\/2021\/02\/appajax-800x211.jpg 800w, https:\/\/ajax-alarme.ch\/wp-content\/uploads\/2021\/02\/appajax-768x203.jpg 768w, https:\/\/ajax-alarme.ch\/wp-content\/uploads\/2021\/02\/appajax-600x158.jpg 600w\" sizes=\"auto, (max-width: 1020px) 100vw, 1020px\" \/>\t\t\t\t\t\t\n\t\t\t\t\t<\/div>\n\t\t\t\t\t\t\t\t\n<style>\n#image_984975460 {\n  width: 100%;\n}\n<\/style>\n\t<\/div>\n\t\n\t\t<\/div>\n\t\t\t\t\t<\/div>\n\n\t\n<\/div>\n","protected":false},"excerpt":{"rendered":"<div id=\"short_description_block\">\n<div id=\"short_description_content\" class=\"rte align_justify\">Mit dieser Fernbedienung k\u00f6nnen Sie Ihr Alarmsystem mithilfe der vier verf\u00fcgbaren Tasten steuern. Sie verf\u00fcgt \u00fcber eine Paniktaste, mit der Sie Alarme an Ihre Familie und\/oder eine Notrufzentrale senden k\u00f6nnen.<\/div>\n<\/div>\n","protected":false},"featured_media":5255,"comment_status":"closed","ping_status":"closed","template":"","meta":[],"product_brand":[],"product_cat":[135],"product_tag":[],"class_list":{"0":"post-3380","1":"product","2":"type-product","3":"status-publish","4":"has-post-thumbnail","6":"product_cat-tastaturen-und-fernbedienungen","8":"first","9":"instock","10":"sale","11":"shipping-taxable","12":"purchasable","13":"product-type-variable"},"_links":{"self":[{"href":"https:\/\/ajax-alarme.ch\/de\/wp-json\/wp\/v2\/product\/3380","targetHints":{"allow":["GET"]}}],"collection":[{"href":"https:\/\/ajax-alarme.ch\/de\/wp-json\/wp\/v2\/product"}],"about":[{"href":"https:\/\/ajax-alarme.ch\/de\/wp-json\/wp\/v2\/types\/product"}],"replies":[{"embeddable":true,"href":"https:\/\/ajax-alarme.ch\/de\/wp-json\/wp\/v2\/comments?post=3380"}],"wp:featuredmedia":[{"embeddable":true,"href":"https:\/\/ajax-alarme.ch\/de\/wp-json\/wp\/v2\/media\/5255"}],"wp:attachment":[{"href":"https:\/\/ajax-alarme.ch\/de\/wp-json\/wp\/v2\/media?parent=3380"}],"wp:term":[{"taxonomy":"product_brand","embeddable":true,"href":"https:\/\/ajax-alarme.ch\/de\/wp-json\/wp\/v2\/product_brand?post=3380"},{"taxonomy":"product_cat","embeddable":true,"href":"https:\/\/ajax-alarme.ch\/de\/wp-json\/wp\/v2\/product_cat?post=3380"},{"taxonomy":"product_tag","embeddable":true,"href":"https:\/\/ajax-alarme.ch\/de\/wp-json\/wp\/v2\/product_tag?post=3380"}],"curies":[{"name":"wp","href":"https:\/\/api.w.org\/{rel}","templated":true}]}}