{"id":3366,"date":"2020-10-02T12:40:27","date_gmt":"2020-10-02T10:40:27","guid":{"rendered":"https:\/\/ajax-alarme.ch\/product\/button-intelligente-taste-on-off-alarm-sos-funktion\/"},"modified":"2024-09-13T18:36:47","modified_gmt":"2024-09-13T16:36:47","slug":"button-intelligente-taste-on-off-alarm-sos-funktion","status":"publish","type":"product","link":"https:\/\/ajax-alarme.ch\/de\/product\/button-intelligente-taste-on-off-alarm-sos-funktion\/","title":{"rendered":"Button &#8211; Intelligente Taste: ON-OFF Alarm &amp; SOS Funktion"},"content":{"rendered":"<div class=\"row\"  id=\"row-1862274347\">\n\n\t<div id=\"col-2065496425\" class=\"col medium-6 small-12 large-6\"  >\n\t\t\t\t<div class=\"col-inner\"  >\n\t\t\t\n\t\t\t\n\t<div class=\"img has-hover x md-x lg-x y md-y lg-y\" id=\"image_1026121227\">\n\t\t\t\t\t\t\t\t<div class=\"img-inner dark\" >\n\t\t\t<img loading=\"lazy\" decoding=\"async\" width=\"600\" height=\"375\" src=\"https:\/\/ajax-alarme.ch\/wp-content\/uploads\/2021\/02\/agression.gif\" class=\"attachment-large size-large\" alt=\"\" \/>\t\t\t\t\t\t\n\t\t\t\t\t<\/div>\n\t\t\t\t\t\t\t\t\n<style>\n#image_1026121227 {\n  width: 100%;\n}\n<\/style>\n\t<\/div>\n\t\n\t\t<\/div>\n\t\t\t\t\t<\/div>\n\n\t\n\n\t<div id=\"col-607070003\" class=\"col medium-6 small-12 large-6\"  >\n\t\t\t\t<div class=\"col-inner\"  >\n\t\t\t\n\t\t\t\n<h2><strong>Notfallknopf &#8211; Verbundener Alarm Ajax<\/strong><\/h2>\n<p>  Dieser Notrufknopf l\u00f6st das Alarmsystem mit einem Druck aus und kann so konfiguriert werden, dass Fehlalarme vermieden werden. Die Bet\u00e4tigung der Taste f\u00fchrt zu Push-Benachrichtigungen oder einem Sicherheitszentrum oder schaltet die Alarmsirene ein.<\/p>\n\t\t<\/div>\n\t\t\t\t\t<\/div>\n\n\t\n<\/div>\n<div class=\"is-divider divider clearfix\" style=\"max-width:0px;\"><\/div>\n<div class=\"row\"  id=\"row-1340111910\">\n\n\t<div id=\"col-785096633\" class=\"col medium-6 small-12 large-6\"  >\n\t\t\t\t<div class=\"col-inner\"  >\n\t\t\t\n\t\t\t\n<h2><strong>Vermeidet Aggressionen<\/strong><\/h2>\n<p>  Wenn ein Dieb darum bittet, Geld in eine Tasche zu stecken. Der Kassierer \u00f6ffnet gehorsam die Kasse mit einem Panikknopf. Seine Finger dr\u00fccken unauff\u00e4llig auf den Knopf, um einen stillen Alarm zu aktivieren. Diskrete Alarmbenachrichtigungen werden sofort gesendet.<\/p>\n\t\t<\/div>\n\t\t\t\t\t<\/div>\n\n\t\n\n\t<div id=\"col-1961687350\" class=\"col medium-6 small-12 large-6\"  >\n\t\t\t\t<div class=\"col-inner\"  >\n\t\t\t\n\t\t\t\n\t<div class=\"img has-hover x md-x lg-x y md-y lg-y\" id=\"image_1254433882\">\n\t\t\t\t\t\t\t\t<div class=\"img-inner dark\" >\n\t\t\t<img loading=\"lazy\" decoding=\"async\" width=\"600\" height=\"375\" src=\"https:\/\/ajax-alarme.ch\/wp-content\/uploads\/2021\/02\/caisse.gif\" class=\"attachment-large size-large\" alt=\"\" \/>\t\t\t\t\t\t\n\t\t\t\t\t<\/div>\n\t\t\t\t\t\t\t\t\n<style>\n#image_1254433882 {\n  width: 100%;\n}\n<\/style>\n\t<\/div>\n\t\n\t\t<\/div>\n\t\t\t\t\t<\/div>\n\n\t\n<\/div>\n<div class=\"is-divider divider clearfix\" style=\"max-width:0px;\"><\/div>\n<div class=\"row\"  id=\"row-1374432183\">\n\n\t<div id=\"col-512945449\" class=\"col medium-6 small-12 large-6\"  >\n\t\t\t\t<div class=\"col-inner\"  >\n\t\t\t\n\t\t\t\n\t<div class=\"img has-hover x md-x lg-x y md-y lg-y\" id=\"image_106051933\">\n\t\t\t\t\t\t\t\t<div class=\"img-inner dark\" >\n\t\t\t<img loading=\"lazy\" decoding=\"async\" width=\"992\" height=\"620\" src=\"https:\/\/ajax-alarme.ch\/wp-content\/uploads\/2021\/02\/medicbutton.jpg\" class=\"attachment-large size-large\" alt=\"\" srcset=\"https:\/\/ajax-alarme.ch\/wp-content\/uploads\/2021\/02\/medicbutton.jpg 992w, https:\/\/ajax-alarme.ch\/wp-content\/uploads\/2021\/02\/medicbutton-510x319.jpg 510w, https:\/\/ajax-alarme.ch\/wp-content\/uploads\/2021\/02\/medicbutton-640x400.jpg 640w, https:\/\/ajax-alarme.ch\/wp-content\/uploads\/2021\/02\/medicbutton-768x480.jpg 768w, https:\/\/ajax-alarme.ch\/wp-content\/uploads\/2021\/02\/medicbutton-600x375.jpg 600w\" sizes=\"auto, (max-width: 992px) 100vw, 992px\" \/>\t\t\t\t\t\t\n\t\t\t\t\t<\/div>\n\t\t\t\t\t\t\t\t\n<style>\n#image_106051933 {\n  width: 100%;\n}\n<\/style>\n\t<\/div>\n\t\n\t\t<\/div>\n\t\t\t\t\t<\/div>\n\n\t\n\n\t<div id=\"col-246667694\" class=\"col medium-6 small-12 large-6\"  >\n\t\t\t\t<div class=\"col-inner\"  >\n\t\t\t\n\t\t\t\n<h2><strong>Alarmknopf f\u00fcr Personen <\/strong><b>\u00e4ltere Menschen<\/b><\/h2>\n<p>  Der Knopf wird um den Hals getragen, bleibt verf\u00fcgbar und wird im Falle eines Sturzes oder in kritischen Situationen f\u00fcr den \u00e4lteren Menschen n\u00fctzlich sein. Die Taste erm\u00f6glicht es, einen schnellen Alarm zu erzeugen und Benachrichtigungen an Angeh\u00f6rige oder die Notrufzentrale zu senden.<\/p>\n\t\t<\/div>\n\t\t\t\t\t<\/div>\n\n\t\n<\/div>\n<div class=\"is-divider divider clearfix\" style=\"max-width:0px;\"><\/div>\n<div class=\"row\"  id=\"row-236462807\">\n\n\t<div id=\"col-938433670\" class=\"col medium-6 small-12 large-6\"  >\n\t\t\t\t<div class=\"col-inner\"  >\n\t\t\t\n\t\t\t\n<h2>Technische Spezifikationen<\/h2>\n<p>  Kompatibilit\u00e4t: Alle Alarmzentralen, Funkrelais Alarmtyp einstellbar :  <\/p>\n<ul>\n<li>Eindringen<\/li>\n<li><span style=\"color: #555555;\">Feuer<\/span><\/li>\n<li><span style=\"color: #555555;\">Medizinische Hilfe<\/span><\/li>\n<li><span style=\"color: #555555;\">Panik-Knopf<\/span><\/li>\n<li><span style=\"color: #555555;\">Gasleck<\/span><\/li>\n<\/ul>\n<p>  Stromversorgung: CR2032 Temperatur: -10\u00b0C bis +40\u00b0C Schutzart: IP55 Abmessungen: 47 x 35 13 mm Gewicht: 16 g  <\/p>\n<div id=\"short_description_block\">\n<div id=\"short_description_content\" class=\"rte align_justify\"><\/div>\n<\/div>\n\t\t<\/div>\n\t\t\t\t\t<\/div>\n\n\t\n\n\t<div id=\"col-997445172\" class=\"col medium-6 small-12 large-6\"  >\n\t\t\t\t<div class=\"col-inner\"  >\n\t\t\t\n\t\t\t\n<div class=\"is-divider divider clearfix\" style=\"max-width:0px;\"><\/div>\n\t<div class=\"img has-hover x md-x lg-x y md-y lg-y\" id=\"image_1560406751\">\n\t\t\t\t\t\t\t\t<div class=\"img-inner dark\" >\n\t\t\t<img loading=\"lazy\" decoding=\"async\" width=\"400\" height=\"400\" src=\"https:\/\/ajax-alarme.ch\/wp-content\/uploads\/2021\/02\/Button.jpg\" class=\"attachment-large size-large\" alt=\"\" srcset=\"https:\/\/ajax-alarme.ch\/wp-content\/uploads\/2021\/02\/Button.jpg 400w, https:\/\/ajax-alarme.ch\/wp-content\/uploads\/2021\/02\/Button-247x247.jpg 247w, https:\/\/ajax-alarme.ch\/wp-content\/uploads\/2021\/02\/Button-100x100.jpg 100w, https:\/\/ajax-alarme.ch\/wp-content\/uploads\/2021\/02\/Button-280x280.jpg 280w, https:\/\/ajax-alarme.ch\/wp-content\/uploads\/2021\/02\/Button-300x300.jpg 300w\" sizes=\"auto, (max-width: 400px) 100vw, 400px\" \/>\t\t\t\t\t\t\n\t\t\t\t\t<\/div>\n\t\t\t\t\t\t\t\t\n<style>\n#image_1560406751 {\n  width: 72%;\n}\n<\/style>\n\t<\/div>\n\t\n\t\t<\/div>\n\t\t\t\t\t<\/div>\n\n\t\n<\/div>\n","protected":false},"excerpt":{"rendered":"<div id=\"short_description_block\">\n<div id=\"short_description_content\" class=\"rte align_justify\">Diese intelligente Taste erm\u00f6glicht es Ihnen, sie f\u00fcr verschiedene Zwecke zu programmieren, z. B. um die Beleuchtung zu steuern, elektrische Ger\u00e4te einzuschalten usw. Er kann als Panikknopf, medizinischer Alarm, Gasaustritt und Feueralarm verwendet werden.<\/div>\n<\/div>\n","protected":false},"featured_media":2346,"comment_status":"closed","ping_status":"closed","template":"","meta":[],"product_brand":[],"product_cat":[146],"product_tag":[],"class_list":{"0":"post-3366","1":"product","2":"type-product","3":"status-publish","4":"has-post-thumbnail","6":"product_cat-die-accessoires","8":"first","9":"instock","10":"sale","11":"shipping-taxable","12":"purchasable","13":"product-type-variable","14":"has-default-attributes"},"_links":{"self":[{"href":"https:\/\/ajax-alarme.ch\/de\/wp-json\/wp\/v2\/product\/3366","targetHints":{"allow":["GET"]}}],"collection":[{"href":"https:\/\/ajax-alarme.ch\/de\/wp-json\/wp\/v2\/product"}],"about":[{"href":"https:\/\/ajax-alarme.ch\/de\/wp-json\/wp\/v2\/types\/product"}],"replies":[{"embeddable":true,"href":"https:\/\/ajax-alarme.ch\/de\/wp-json\/wp\/v2\/comments?post=3366"}],"wp:featuredmedia":[{"embeddable":true,"href":"https:\/\/ajax-alarme.ch\/de\/wp-json\/wp\/v2\/media\/2346"}],"wp:attachment":[{"href":"https:\/\/ajax-alarme.ch\/de\/wp-json\/wp\/v2\/media?parent=3366"}],"wp:term":[{"taxonomy":"product_brand","embeddable":true,"href":"https:\/\/ajax-alarme.ch\/de\/wp-json\/wp\/v2\/product_brand?post=3366"},{"taxonomy":"product_cat","embeddable":true,"href":"https:\/\/ajax-alarme.ch\/de\/wp-json\/wp\/v2\/product_cat?post=3366"},{"taxonomy":"product_tag","embeddable":true,"href":"https:\/\/ajax-alarme.ch\/de\/wp-json\/wp\/v2\/product_tag?post=3366"}],"curies":[{"name":"wp","href":"https:\/\/api.w.org\/{rel}","templated":true}]}}