{"id":3363,"date":"2020-10-02T10:24:41","date_gmt":"2020-10-02T08:24:41","guid":{"rendered":"https:\/\/ajax-alarme.ch\/product\/streetsiren-leistungsstarke-drahtlose-innen-oder-aussensirene-bis-zu-113db\/"},"modified":"2024-09-13T18:38:34","modified_gmt":"2024-09-13T16:38:34","slug":"streetsiren-leistungsstarke-drahtlose-innen-oder-aussensirene-bis-zu-113db","status":"publish","type":"product","link":"https:\/\/ajax-alarme.ch\/de\/product\/streetsiren-leistungsstarke-drahtlose-innen-oder-aussensirene-bis-zu-113db\/","title":{"rendered":"StreetSiren &#8211; Leistungsstarke drahtlose Innen- oder Au\u00dfensirene, bis zu 113dB"},"content":{"rendered":"<div class=\"row\"  id=\"row-1227812858\">\n\n\t<div id=\"col-599236377\" class=\"col medium-6 small-12 large-6\"  >\n\t\t\t\t<div class=\"col-inner\"  >\n\t\t\t\n\t\t\t\n<h2><strong>Leistungsstarke drahtlose Sirene f\u00fcr den Innen- oder Au\u00dfenbereich. Bis zu 113dB.<\/strong><\/h2>\n<p>  Die StreetSiren Drahtlos-Sirene ist eine effektive L\u00f6sung, um Ihr Haus vor Einbrechern zu sch\u00fctzen, wenn sie im Freien installiert wird. Sie besteht aus einem anpassbaren, akustischen Funkalarmsystem mit bis zu 113 dB in Verbindung mit einem Lichtsignal rund um das Geh\u00e4use. Diese Alarme erm\u00f6glichen es, vor Gefahren zu warnen, aber auch den Ort des n\u00e4chtlichen Eindringens schnell und visuell zu erkennen. Diese drahtlose Au\u00dfensirene geh\u00f6rt zu den Sicherheitssystemen der neuen Generation und vervollst\u00e4ndigt Ihre Alarmanlage f\u00fcr einen perfekten Schutz.<\/p>\n\t\t<\/div>\n\t\t\t\t\t<\/div>\n\n\t\n\n\t<div id=\"col-801263266\" class=\"col medium-6 small-12 large-6\"  >\n\t\t\t\t<div class=\"col-inner\"  >\n\t\t\t\n\t\t\t\n\t<div class=\"img has-hover x md-x lg-x y md-y lg-y\" id=\"image_1588288952\">\n\t\t\t\t\t\t\t\t<div class=\"img-inner dark\" >\n\t\t\t<img loading=\"lazy\" decoding=\"async\" width=\"433\" height=\"333\" src=\"https:\/\/ajax-alarme.ch\/wp-content\/uploads\/2021\/02\/AJAX-STREET-SIREN.jpg\" class=\"attachment-large size-large\" alt=\"\" \/>\t\t\t\t\t\t\n\t\t\t\t\t<\/div>\n\t\t\t\t\t\t\t\t\n<style>\n#image_1588288952 {\n  width: 100%;\n}\n<\/style>\n\t<\/div>\n\t\n\t\t<\/div>\n\t\t\t\t\t<\/div>\n\n\t\n<\/div>\n<div class=\"is-divider divider clearfix\" style=\"max-width:0px;height:23px;\"><\/div>\n<div class=\"row\"  id=\"row-970618873\">\n\n\t<div id=\"col-1577097740\" class=\"col medium-6 small-12 large-6\"  >\n\t\t\t\t<div class=\"col-inner\"  >\n\t\t\t\n\t\t\t\n\t<div class=\"img has-hover x md-x lg-x y md-y lg-y\" id=\"image_1925912849\">\n\t\t\t\t\t\t\t\t<div class=\"img-inner dark\" >\n\t\t\t<img loading=\"lazy\" decoding=\"async\" width=\"433\" height=\"333\" src=\"https:\/\/ajax-alarme.ch\/wp-content\/uploads\/2021\/02\/AJAX-STREET-SIREN-3.jpg\" class=\"attachment-large size-large\" alt=\"\" \/>\t\t\t\t\t\t\n\t\t\t\t\t<\/div>\n\t\t\t\t\t\t\t\t\n<style>\n#image_1925912849 {\n  width: 100%;\n}\n<\/style>\n\t<\/div>\n\t\n\t\t<\/div>\n\t\t\t\t\t<\/div>\n\n\t\n\n\t<div id=\"col-778092595\" class=\"col medium-6 small-12 large-6\"  >\n\t\t\t\t<div class=\"col-inner\"  >\n\t\t\t\n\t\t\t\n<h2><strong>Eine drahtlose Sirene, die Technologie und Sicherheit vereint<\/strong><\/h2>\n<p>  Diese drahtlose Au\u00dfensirene kann nur mit dem Ajax Hub oder Hub plus Control Panel interagieren. Die neue Jeweller-Technologie bietet ihm eine bidirektionale Kommunikation zwischen den Ger\u00e4ten mit einer m\u00f6glichen Reichweite von bis zu 1500 m. Seine Funktionsweise basiert auf mehreren Funkfrequenzen, die verhindern, dass das System gest\u00f6rt oder sabotiert wird. Die Sirene gilt als unverwundbar und l\u00f6st Alarm aus, sobald ein Versuch unternommen wird, sie herauszurei\u00dfen oder zu vandalisieren. Die Steuerung der Sirene erfolgt einfach \u00fcber die mobile Ajax-Anwendung. Mit nur einem Klick haben Sie Zugang zu allen Einstellungen des Systems.<\/p>\n\t\t<\/div>\n\t\t\t\t\t<\/div>\n\n\t\n<\/div>\n<div class=\"is-divider divider clearfix\" style=\"max-width:0px;height:23px;\"><\/div>\n<div class=\"row\"  id=\"row-1830008511\">\n\n\t<div id=\"col-1895263705\" class=\"col medium-7 small-12 large-7\"  >\n\t\t\t\t<div class=\"col-inner\"  >\n\t\t\t\n\t\t\t\n<h2>Technische Spezifikationen<\/h2>\n<p>  Kompatibilit\u00e4t: Alle Alarmzentralen, Funkrelais Schutzart des Geh\u00e4uses: IP54 Lautst\u00e4rke: 81 bis 113 dB Alarmdauer: 3 bis 180 Sekunden Stromversorgung: 4 Batterien CR123A, 3V Temperaturbereich: -25\u00b0C bis +50\u00b0C Abmessungen: 200 x 200 x 51 mm Gewicht: 528 g<\/p>\n\t\t<\/div>\n\t\t\t\t\t<\/div>\n\n\t\n\n\t<div id=\"col-658868774\" class=\"col medium-5 small-12 large-5\"  >\n\t\t\t\t<div class=\"col-inner\"  >\n\t\t\t\n\t\t\t\n\t<div class=\"img has-hover x md-x lg-x y md-y lg-y\" id=\"image_1884632941\">\n\t\t\t\t\t\t\t\t<div class=\"img-inner dark\" >\n\t\t\t<img loading=\"lazy\" decoding=\"async\" width=\"731\" height=\"657\" src=\"https:\/\/ajax-alarme.ch\/wp-content\/uploads\/2021\/02\/ajax-siren.png\" class=\"attachment-large size-large\" alt=\"\" srcset=\"https:\/\/ajax-alarme.ch\/wp-content\/uploads\/2021\/02\/ajax-siren.png 731w, https:\/\/ajax-alarme.ch\/wp-content\/uploads\/2021\/02\/ajax-siren-510x458.png 510w, https:\/\/ajax-alarme.ch\/wp-content\/uploads\/2021\/02\/ajax-siren-445x400.png 445w, https:\/\/ajax-alarme.ch\/wp-content\/uploads\/2021\/02\/ajax-siren-600x539.png 600w\" sizes=\"auto, (max-width: 731px) 100vw, 731px\" \/>\t\t\t\t\t\t\n\t\t\t\t\t<\/div>\n\t\t\t\t\t\t\t\t\n<style>\n#image_1884632941 {\n  width: 100%;\n}\n<\/style>\n\t<\/div>\n\t\n\t\t<\/div>\n\t\t\t\t\t<\/div>\n\n\t\n<\/div>\n","protected":false},"excerpt":{"rendered":"<div id=\"short_description_block\">\n<div id=\"short_description_content\" class=\"rte align_justify\">Die Max Alarmsirene mit einer Lautst\u00e4rke von bis zu 113 dB sorgt daf\u00fcr, dass Sie bei einem Einbruch gewarnt werden. Das Ger\u00e4t wird mit einem Ton und einer visuellen Anzeige (dank der eingebauten LEDs) ausgel\u00f6st, sobald einer der Melder, aus denen Ihre Anlage besteht, durch die Anwesenheit eines Diebes aktiviert wird.<\/div>\n<\/div>\n<p id=\"availability_statut\">\n","protected":false},"featured_media":5271,"comment_status":"closed","ping_status":"closed","template":"","meta":[],"product_brand":[],"product_cat":[144],"product_tag":[],"class_list":{"0":"post-3363","1":"product","2":"type-product","3":"status-publish","4":"has-post-thumbnail","6":"product_cat-sirenen-und-warnmittel","8":"first","9":"instock","10":"sale","11":"shipping-taxable","12":"purchasable","13":"product-type-variable"},"_links":{"self":[{"href":"https:\/\/ajax-alarme.ch\/de\/wp-json\/wp\/v2\/product\/3363","targetHints":{"allow":["GET"]}}],"collection":[{"href":"https:\/\/ajax-alarme.ch\/de\/wp-json\/wp\/v2\/product"}],"about":[{"href":"https:\/\/ajax-alarme.ch\/de\/wp-json\/wp\/v2\/types\/product"}],"replies":[{"embeddable":true,"href":"https:\/\/ajax-alarme.ch\/de\/wp-json\/wp\/v2\/comments?post=3363"}],"wp:featuredmedia":[{"embeddable":true,"href":"https:\/\/ajax-alarme.ch\/de\/wp-json\/wp\/v2\/media\/5271"}],"wp:attachment":[{"href":"https:\/\/ajax-alarme.ch\/de\/wp-json\/wp\/v2\/media?parent=3363"}],"wp:term":[{"taxonomy":"product_brand","embeddable":true,"href":"https:\/\/ajax-alarme.ch\/de\/wp-json\/wp\/v2\/product_brand?post=3363"},{"taxonomy":"product_cat","embeddable":true,"href":"https:\/\/ajax-alarme.ch\/de\/wp-json\/wp\/v2\/product_cat?post=3363"},{"taxonomy":"product_tag","embeddable":true,"href":"https:\/\/ajax-alarme.ch\/de\/wp-json\/wp\/v2\/product_tag?post=3363"}],"curies":[{"name":"wp","href":"https:\/\/api.w.org\/{rel}","templated":true}]}}