{"id":3361,"date":"2020-10-02T15:50:16","date_gmt":"2020-10-02T13:50:16","guid":{"rendered":"https:\/\/ajax-alarme.ch\/product\/motionprotect-outdoor-bewegungsmelder-fuer-den-aussenbereich-wasserdicht\/"},"modified":"2024-09-13T18:36:31","modified_gmt":"2024-09-13T16:36:31","slug":"motionprotect-outdoor-bewegungsmelder-fuer-den-aussenbereich-wasserdicht","status":"publish","type":"product","link":"https:\/\/ajax-alarme.ch\/de\/product\/motionprotect-outdoor-bewegungsmelder-fuer-den-aussenbereich-wasserdicht\/","title":{"rendered":"MotionProtect Outdoor &#8211; Bewegungsmelder f\u00fcr den Au\u00dfenbereich, wasserdicht."},"content":{"rendered":"<h1><strong>AJAX MotionProtect Outdoor<\/strong><\/h1>\n<p>  Die fr\u00fchzeitige Erkennung von Bewegungen wird durch die Verwendung dieses AJAX MotionProtect Outdoor Bewegungsmelders speziell f\u00fcr die Installation im Freien erreicht. Mit diesem Melder k\u00f6nnen Sie ungebetene G\u00e4ste erkennen, bevor sie ein Fenster oder eine T\u00fcr aufgehebelt haben und bereits mit Ihnen im Haus sind. Mit anderen Worten: MotionProtect Outdoor verhindert echte Einbr\u00fcche, da die Sirene ert\u00f6nt, bevor sich der Einbrecher Ihrem Haus n\u00e4hern kann.  <\/p>\n<h2><img loading=\"lazy\" decoding=\"async\" class=\"size-medium wp-image-769 alignright\" src=\"https:\/\/ajax-alarme.ch\/wp-content\/uploads\/2020\/10\/ajax-motioprotect-outdoor-313x400.jpg\" alt=\"\" width=\"313\" height=\"400\" srcset=\"https:\/\/ajax-alarme.ch\/wp-content\/uploads\/2020\/10\/ajax-motioprotect-outdoor-313x400.jpg 313w, https:\/\/ajax-alarme.ch\/wp-content\/uploads\/2020\/10\/ajax-motioprotect-outdoor-510x653.jpg 510w, https:\/\/ajax-alarme.ch\/wp-content\/uploads\/2020\/10\/ajax-motioprotect-outdoor-625x800.jpg 625w, https:\/\/ajax-alarme.ch\/wp-content\/uploads\/2020\/10\/ajax-motioprotect-outdoor-768x983.jpg 768w, https:\/\/ajax-alarme.ch\/wp-content\/uploads\/2020\/10\/ajax-motioprotect-outdoor-600x768.jpg 600w, https:\/\/ajax-alarme.ch\/wp-content\/uploads\/2020\/10\/ajax-motioprotect-outdoor.jpg 800w\" sizes=\"auto, (max-width: 313px) 100vw, 313px\" \/><\/h2>\n<h3><strong>Erkennt einen Eindringling, der sich Ihrem Haus n\u00e4hert.<\/strong><\/h3>\n<p>  AJAX MotionProtect Outdoor ist ein drahtloser Bewegungsmelder f\u00fcr den Au\u00dfenbereich mit Schutz vor Maskierung und falscher Aktivierung. Es ist mit dem AJAX-Sicherheitssystem unter Verwendung des Sicherheitsprotokolls des Juweliers verbunden und hat eine Reichweite von bis zu 1700 Metern, wenn keine Hindernisse vorhanden sind. Der Melder kann bis zu 5 Jahre lang mit vorinstallierten Batterien oder einer externen Stromquelle betrieben werden.  <\/p>\n<h3><strong>Wo soll der Melder angebracht werden?<\/strong><\/h3>\n<p>  Installieren Sie den MotionProtect Outdoor in Ihrem Garten oder Ihrer Einfahrt in einer H\u00f6he zwischen 80 und 130 Zentimetern, wobei 1 Meter die ideale H\u00f6he ist. Auf diese Weise erhalten Sie nur Benachrichtigungen von tats\u00e4chlichen Besuchern, nicht von Hunden, Katzen oder Pflanzen, die sich im Wind bewegen.  <\/p>\n<h3><strong>Methode der Erkennung<\/strong><\/h3>\n<p>  Wenn das System eingeschaltet ist, empf\u00e4ngt der Melder kontinuierlich Signale von zwei PIR-Sensoren. Wenn eine Bewegung erkannt wird, sendet AJAX MotionProtect Outdoor das Signal sofort an den Hub, der den Alarm ausl\u00f6st. Dieses Signal wird durch eine blinkende gr\u00fcne LED angezeigt. Das Signal wird nur dann an den Hub gesendet, wenn die beiden W\u00e4rmesensoren des Melders identische Bewegungssignale erfassen.  <\/p>\n<h3><strong>Die beste Position von AJAX MotionProtect Outdoor<\/strong><\/h3>\n<p>  Um die Position des Detektors zu bestimmen, k\u00f6nnen Sie einen Signaltest durchf\u00fchren, um festzustellen, ob das an den Konzentrator gesendete Signal stark genug ist, damit der Konzentrator alles aufzeichnen kann. Dank der Technologie der Juweliere sollte dies f\u00fcr die meisten Haushalte kein Problem sein, auch nicht f\u00fcr die gr\u00f6\u00dften. Dank der Pr\u00fcfung des Erfassungsbereichs k\u00f6nnen Sie problemlos in dem zu sch\u00fctzenden Bereich spazieren gehen. Die Lampe des Melders ist w\u00e4hrend des Erkennungstests st\u00e4ndig eingeschaltet. Sobald eine Bewegung erkannt wird, schaltet sie sich aus, um Sie wissen zu lassen, dass Sie gesehen wurden.  <\/p>\n<h2><strong>Haustiere akzeptiert<\/strong><\/h2>\n<p>  Der AJAX MotionProtect Outdoor erzeugt keinen Alarm, wenn die beiden Sensoren nicht das Gleiche wahrnehmen. Tiere wie V\u00f6gel, Katzen und Hunde im Garten k\u00f6nnen niemals den Alarm ausl\u00f6sen.  <img loading=\"lazy\" decoding=\"async\" class=\"size-full wp-image-770 alignright\" src=\"https:\/\/ajax-alarme.ch\/wp-content\/uploads\/2020\/10\/motionprotect-outdoor-diervriendelijk-2.png\" alt=\"\" width=\"500\" height=\"223\"><\/p>\n<h3><strong>Erfassungsreichweite von MotionProtect Outdoor<\/strong><\/h3>\n<p>  Mit diesem Schalter stellen Sie den Strahlungswinkel des unteren Sensors ein. Dieser Sensor bestimmt, in welchem Umfang der Melder die Anwesenheit von Personen \u00fcberpr\u00fcft. <img loading=\"lazy\" decoding=\"async\" class=\"alignnone size-full wp-image-771\" src=\"https:\/\/ajax-alarme.ch\/wp-content\/uploads\/2020\/10\/motionprotect-outdoor-detectie-afstand.jpg\" alt=\"\" width=\"500\" height=\"369\"> Je nach Position des Schalters auf der R\u00fcckseite des Melders liegt der<strong>Erfassungsradius<\/strong> des unteren Sensors zwischen 3 und 15 Metern. Der obere Sensor strahlt immer geradeaus. In einem gro\u00dfen Garten ist es daher ratsam, den Schalter auf 15 Meter einzustellen.  <img loading=\"lazy\" decoding=\"async\" class=\"size-full wp-image-772 alignright\" src=\"https:\/\/ajax-alarme.ch\/wp-content\/uploads\/2020\/10\/ajax-motionprotect-outdoor-instel-mogelijkheden.jpg\" alt=\"\" width=\"500\" height=\"281\"><\/p>\n<h3><strong>H\u00f6he der Installation<\/strong><\/h3>\n<p>  Der MotionProtect Outdoor-Melder sollte in einer H\u00f6he zwischen 80 cm und 130 cm montiert werden. F\u00fcr eine optimale Erfassung empfehlen wir eine H\u00f6he von 100 cm. Bringen Sie den Melder so an, dass der obere Sensor des Melders parallel zum Boden verl\u00e4uft. Bei unebenem Boden wird die Montageh\u00f6he vom h\u00f6chsten Punkt des vom Melder \u00fcberwachten Bereichs aus gemessen. <img loading=\"lazy\" decoding=\"async\" class=\"alignnone size-medium wp-image-773\" src=\"https:\/\/ajax-alarme.ch\/wp-content\/uploads\/2020\/10\/motionprotect-outdoor-installatiehoogte-487x400.png\" alt=\"\" width=\"487\" height=\"400\" srcset=\"https:\/\/ajax-alarme.ch\/wp-content\/uploads\/2020\/10\/motionprotect-outdoor-installatiehoogte-487x400.png 487w, https:\/\/ajax-alarme.ch\/wp-content\/uploads\/2020\/10\/motionprotect-outdoor-installatiehoogte.png 500w\" sizes=\"auto, (max-width: 487px) 100vw, 487px\" \/><strong>Erfassungsmuster<\/strong> Das Erfassungsmuster sieht dann wie folgt aus, ein 90-Grad-Winkel \u00fcber eine Entfernung von bis zu 15 Metern. Selbstverst\u00e4ndlich ist es auch m\u00f6glich, den Detektor in einer Ecke zu montieren.  <img loading=\"lazy\" decoding=\"async\" class=\"size-full wp-image-774 alignright\" src=\"https:\/\/ajax-alarme.ch\/wp-content\/uploads\/2020\/10\/ajax-motionprotect-outdoor-detectie-bereik.png\" alt=\"\" width=\"260\" height=\"300\"><\/p>\n<h3><strong>Intelligenter LISA-Algorithmus zur Vermeidung von Fehlalarmen<\/strong><\/h3>\n<p>  Erkennt Personen pr\u00e4zise: LISA macht MotionProtect Outdoor zu einer hervorragenden Barriere f\u00fcr Eindringlinge. Der digitale Algorithmus identifiziert pr\u00e4zise die Bewegungen einer Person und ignoriert dabei Tiere, die Bewegung von \u00c4sten und Pflanzen sowie V\u00f6gel und Insekten, die auf dem Detektor landen.  <\/p>\n<h3><strong>Ignoriert alle unwichtigen Ereignisse<\/strong><\/h3>\n<p>  LISA analysiert die \u00c4hnlichkeit der Signale von zwei Sensoren in zwei Schritten. Wenn die Signale im ersten Schritt \u00e4hnlich erscheinen, die festgestellte \u00c4hnlichkeit aber nicht ausreicht, um einen Alarm auszul\u00f6sen, wird der Vergleich der Spektralkomponenten eingeleitet. Er sorgt daf\u00fcr, dass B\u00e4ume, die im Sichtfeld des Detektors schwanken, ignoriert werden. Der Detektor ignoriert Str\u00e4ucher bis zu einer H\u00f6he von 80 cm und B\u00e4ume, deren Kronen nur den oberen Strahl durchqueren.  <\/p>\n<h3><strong>Installationsbeispiel f\u00fcr ein Einfamilienhaus<\/strong><\/h3>\n<p>  Auf diese Weise haben Sie keine ungesicherten Stellen in Ihrem Garten. Das Bild unten zeigt, wie Sie mit 4 St\u00fcck MotionProtect Outdoor und 4 St\u00fcck MotionProtect Curtain eine gute Sicherheit schaffen k\u00f6nnen.  <img loading=\"lazy\" decoding=\"async\" class=\"size-full wp-image-775 alignright\" src=\"https:\/\/ajax-alarme.ch\/wp-content\/uploads\/2020\/10\/ajax-motionprotect-outdoor-tuin-montage-positie.jpg\" alt=\"\" width=\"500\" height=\"320\"><\/p>\n<h2>Technische Spezifikationen<\/h2>\n<p>  Kompatibilit\u00e4t: Alle Alarmzentralen, Funkrelais Typ: Drahtlos Empfohlene H\u00f6he: 0,8 &#8211; 1,3 m Erfassungsbereich: 90\u00b0 Erfassungssystem: Zwei PIR-Sensoren Empfindlichkeit: 3 Stufen Immunit\u00e4t gegen Haustiere: Ja, Tiere kleiner als 80 cm Anti-Masking-System: Ja Stromversorgung: 2 x CR123A Batterien Temperatur: -25\u00b0C bis +60\u00b0C Schutzart: IP55 Abmessungen: 183 x 70 x 65 mm Gewicht: 322 g<\/p>\n","protected":false},"excerpt":{"rendered":"<p id=\"product_condition\">Mit diesem Bewegungsmelder f\u00fcr den Au\u00dfenbereich k\u00f6nnen Sie Bewegungen auf einer Fl\u00e4che von bis zu 175 m\u00b2 erkennen. Dieser intelligente Bewegungsmelder erkennt einen Eindringling, ignoriert aber Tiere dank eines digitalen Algorithmus. Dieses System erm\u00f6glicht es Ihnen, vor einem Einbruch benachrichtigt zu werden.<\/p>\n","protected":false},"featured_media":2883,"comment_status":"closed","ping_status":"closed","template":"","meta":[],"product_brand":[],"product_cat":[142],"product_tag":[],"class_list":{"0":"post-3361","1":"product","2":"type-product","3":"status-publish","4":"has-post-thumbnail","6":"product_cat-detektoren-im-ausenbereich","8":"first","9":"instock","10":"sale","11":"shipping-taxable","12":"purchasable","13":"product-type-simple"},"_links":{"self":[{"href":"https:\/\/ajax-alarme.ch\/de\/wp-json\/wp\/v2\/product\/3361","targetHints":{"allow":["GET"]}}],"collection":[{"href":"https:\/\/ajax-alarme.ch\/de\/wp-json\/wp\/v2\/product"}],"about":[{"href":"https:\/\/ajax-alarme.ch\/de\/wp-json\/wp\/v2\/types\/product"}],"replies":[{"embeddable":true,"href":"https:\/\/ajax-alarme.ch\/de\/wp-json\/wp\/v2\/comments?post=3361"}],"wp:featuredmedia":[{"embeddable":true,"href":"https:\/\/ajax-alarme.ch\/de\/wp-json\/wp\/v2\/media\/2883"}],"wp:attachment":[{"href":"https:\/\/ajax-alarme.ch\/de\/wp-json\/wp\/v2\/media?parent=3361"}],"wp:term":[{"taxonomy":"product_brand","embeddable":true,"href":"https:\/\/ajax-alarme.ch\/de\/wp-json\/wp\/v2\/product_brand?post=3361"},{"taxonomy":"product_cat","embeddable":true,"href":"https:\/\/ajax-alarme.ch\/de\/wp-json\/wp\/v2\/product_cat?post=3361"},{"taxonomy":"product_tag","embeddable":true,"href":"https:\/\/ajax-alarme.ch\/de\/wp-json\/wp\/v2\/product_tag?post=3361"}],"curies":[{"name":"wp","href":"https:\/\/api.w.org\/{rel}","templated":true}]}}