{"id":3359,"date":"2020-10-02T11:04:15","date_gmt":"2020-10-02T09:04:15","guid":{"rendered":"https:\/\/ajax-alarme.ch\/product\/motionprotect-curtain-bewegungsmelder-mit-schmalem-lichtstrahl-innen\/"},"modified":"2024-09-13T18:36:00","modified_gmt":"2024-09-13T16:36:00","slug":"motionprotect-curtain-bewegungsmelder-mit-schmalem-lichtstrahl-innen","status":"publish","type":"product","link":"https:\/\/ajax-alarme.ch\/de\/product\/motionprotect-curtain-bewegungsmelder-mit-schmalem-lichtstrahl-innen\/","title":{"rendered":"MotionProtect Curtain &#8211; Bewegungsmelder mit schmalem Lichtstrahl. Innen"},"content":{"rendered":"<div class=\"row\"  id=\"row-30293030\">\n\n\t<div id=\"col-1971645611\" class=\"col medium-6 small-12 large-6\"  >\n\t\t\t\t<div class=\"col-inner\"  >\n\t\t\t\n\t\t\t\n<div class=\"is-divider divider clearfix\" style=\"max-width:0px;\"><\/div>\n<h2><strong>Drahtloser Bewegungsmelder im Vorhangprinzip mit engem Sichtwinkel.<\/strong><\/h2>\n<p>  Mit dem MotionProtect Curtain-Melder k\u00f6nnen Sie die Umgebung Ihres Hauses sch\u00fctzen und sich frei im Haus bewegen. Wenn es einen Eindringling gibt, l\u00f6st das System den Alarm aus und ruft die Sicherheitsfirma an. Bei der Installation im Freien kann die Gefahr von Fehlalarmen bei diesem Sensor hoch sein.<\/p>\n\t\t<\/div>\n\t\t\t\t\t<\/div>\n\n\t\n\n\t<div id=\"col-696425929\" class=\"col medium-6 small-12 large-6\"  >\n\t\t\t\t<div class=\"col-inner\"  >\n\t\t\t\n\t\t\t\n\t<div class=\"img has-hover x md-x lg-x y md-y lg-y\" id=\"image_177935302\">\n\t\t\t\t\t\t\t\t<div class=\"img-inner dark\" >\n\t\t\t<img loading=\"lazy\" decoding=\"async\" width=\"960\" height=\"544\" src=\"https:\/\/ajax-alarme.ch\/wp-content\/uploads\/2021\/02\/curtainapp.jpg\" class=\"attachment-large size-large\" alt=\"\" srcset=\"https:\/\/ajax-alarme.ch\/wp-content\/uploads\/2021\/02\/curtainapp.jpg 960w, https:\/\/ajax-alarme.ch\/wp-content\/uploads\/2021\/02\/curtainapp-510x289.jpg 510w, https:\/\/ajax-alarme.ch\/wp-content\/uploads\/2021\/02\/curtainapp-706x400.jpg 706w, https:\/\/ajax-alarme.ch\/wp-content\/uploads\/2021\/02\/curtainapp-768x435.jpg 768w, https:\/\/ajax-alarme.ch\/wp-content\/uploads\/2021\/02\/curtainapp-600x340.jpg 600w\" sizes=\"auto, (max-width: 960px) 100vw, 960px\" \/>\t\t\t\t\t\t\n\t\t\t\t\t<\/div>\n\t\t\t\t\t\t\t\t\n<style>\n#image_177935302 {\n  width: 100%;\n}\n<\/style>\n\t<\/div>\n\t\n\t\t<\/div>\n\t\t\t\t\t<\/div>\n\n\t\n<\/div>\n<div class=\"is-divider divider clearfix\" style=\"max-width:0px;\"><\/div>\n<div class=\"row\"  id=\"row-1598945270\">\n\n\t<div id=\"col-1585730485\" class=\"col medium-6 small-12 large-6\"  >\n\t\t\t\t<div class=\"col-inner\"  >\n\t\t\t\n\t\t\t\n\t<div class=\"img has-hover x md-x lg-x y md-y lg-y\" id=\"image_189617307\">\n\t\t\t\t\t\t\t\t<div class=\"img-inner dark\" >\n\t\t\t<img loading=\"lazy\" decoding=\"async\" width=\"960\" height=\"544\" src=\"https:\/\/ajax-alarme.ch\/wp-content\/uploads\/2021\/02\/curtaingarage.jpg\" class=\"attachment-large size-large\" alt=\"\" srcset=\"https:\/\/ajax-alarme.ch\/wp-content\/uploads\/2021\/02\/curtaingarage.jpg 960w, https:\/\/ajax-alarme.ch\/wp-content\/uploads\/2021\/02\/curtaingarage-510x289.jpg 510w, https:\/\/ajax-alarme.ch\/wp-content\/uploads\/2021\/02\/curtaingarage-706x400.jpg 706w, https:\/\/ajax-alarme.ch\/wp-content\/uploads\/2021\/02\/curtaingarage-768x435.jpg 768w, https:\/\/ajax-alarme.ch\/wp-content\/uploads\/2021\/02\/curtaingarage-600x340.jpg 600w\" sizes=\"auto, (max-width: 960px) 100vw, 960px\" \/>\t\t\t\t\t\t\n\t\t\t\t\t<\/div>\n\t\t\t\t\t\t\t\t\n<style>\n#image_189617307 {\n  width: 100%;\n}\n<\/style>\n\t<\/div>\n\t\n\t\t<\/div>\n\t\t\t\t\t<\/div>\n\n\t\n\n\t<div id=\"col-2115240441\" class=\"col medium-6 small-12 large-6\"  >\n\t\t\t\t<div class=\"col-inner\"  >\n\t\t\t\n\t\t\t\n<div class=\"is-divider divider clearfix\" style=\"max-width:0px;\"><\/div>\n<h2><strong>In einer Garage<\/strong><\/h2>\n<p>  Einbrecher k\u00f6nnen nicht unbemerkt am Garagentor vorbeigehen, wenn der MotionProtect-Vorhang aktiv ist. Der Detektor funktioniert auch dann noch, wenn die Temperatur auf -10 \u00b0 C sinkt.<\/p>\n\t\t<\/div>\n\t\t\t\t\t<\/div>\n\n\t\n<\/div>\n<div class=\"is-divider divider clearfix\" style=\"max-width:0px;\"><\/div>\n<div class=\"row\"  id=\"row-587485462\">\n\n\t<div id=\"col-69978261\" class=\"col medium-6 small-12 large-6\"  >\n\t\t\t\t<div class=\"col-inner\"  >\n\t\t\t\n\t\t\t\n<div class=\"is-divider divider clearfix\" style=\"max-width:0px;\"><\/div>\n<h2><strong>In einer Wohnung, in der Tiere leben<\/strong><\/h2>\n<p>  Bei korrekter Installation sch\u00fctzt der MotionProtect-Vorhang Ihr Eigentum und ignoriert Tiere, selbst wenn es sich um einen Bernhardiner handelt. Dadurch k\u00f6nnen Sie von einer hervorragenden Bewegungserkennung profitieren, ohne dass Ihr Haustier Fehlalarme erzeugt.<\/p>\n\t\t<\/div>\n\t\t\t\t\t<\/div>\n\n\t\n\n\t<div id=\"col-11020894\" class=\"col medium-6 small-12 large-6\"  >\n\t\t\t\t<div class=\"col-inner\"  >\n\t\t\t\n\t\t\t\n\t<div class=\"img has-hover x md-x lg-x y md-y lg-y\" id=\"image_805187793\">\n\t\t\t\t\t\t\t\t<div class=\"img-inner dark\" >\n\t\t\t<img loading=\"lazy\" decoding=\"async\" width=\"960\" height=\"544\" src=\"https:\/\/ajax-alarme.ch\/wp-content\/uploads\/2021\/02\/curtainapp.jpg\" class=\"attachment-large size-large\" alt=\"\" srcset=\"https:\/\/ajax-alarme.ch\/wp-content\/uploads\/2021\/02\/curtainapp.jpg 960w, https:\/\/ajax-alarme.ch\/wp-content\/uploads\/2021\/02\/curtainapp-510x289.jpg 510w, https:\/\/ajax-alarme.ch\/wp-content\/uploads\/2021\/02\/curtainapp-706x400.jpg 706w, https:\/\/ajax-alarme.ch\/wp-content\/uploads\/2021\/02\/curtainapp-768x435.jpg 768w, https:\/\/ajax-alarme.ch\/wp-content\/uploads\/2021\/02\/curtainapp-600x340.jpg 600w\" sizes=\"auto, (max-width: 960px) 100vw, 960px\" \/>\t\t\t\t\t\t\n\t\t\t\t\t<\/div>\n\t\t\t\t\t\t\t\t\n<style>\n#image_805187793 {\n  width: 100%;\n}\n<\/style>\n\t<\/div>\n\t\n\t\t<\/div>\n\t\t\t\t\t<\/div>\n\n\t\n<\/div>\n<div class=\"is-divider divider clearfix\" style=\"max-width:0px;\"><\/div>\n<div class=\"row\"  id=\"row-1354075380\">\n\n\t<div id=\"col-335949566\" class=\"col medium-6 small-12 large-6\"  >\n\t\t\t\t<div class=\"col-inner\"  >\n\t\t\t\n\t\t\t\n\t<div class=\"img has-hover x md-x lg-x y md-y lg-y\" id=\"image_1279539779\">\n\t\t\t\t\t\t\t\t<div class=\"img-inner dark\" >\n\t\t\t<img loading=\"lazy\" decoding=\"async\" width=\"960\" height=\"544\" src=\"https:\/\/ajax-alarme.ch\/wp-content\/uploads\/2021\/02\/chienmaison.jpg\" class=\"attachment-large size-large\" alt=\"\" srcset=\"https:\/\/ajax-alarme.ch\/wp-content\/uploads\/2021\/02\/chienmaison.jpg 960w, https:\/\/ajax-alarme.ch\/wp-content\/uploads\/2021\/02\/chienmaison-510x289.jpg 510w, https:\/\/ajax-alarme.ch\/wp-content\/uploads\/2021\/02\/chienmaison-706x400.jpg 706w, https:\/\/ajax-alarme.ch\/wp-content\/uploads\/2021\/02\/chienmaison-768x435.jpg 768w, https:\/\/ajax-alarme.ch\/wp-content\/uploads\/2021\/02\/chienmaison-600x340.jpg 600w\" sizes=\"auto, (max-width: 960px) 100vw, 960px\" \/>\t\t\t\t\t\t\n\t\t\t\t\t<\/div>\n\t\t\t\t\t\t\t\t\n<style>\n#image_1279539779 {\n  width: 100%;\n}\n<\/style>\n\t<\/div>\n\t\n\t\t<\/div>\n\t\t\t\t\t<\/div>\n\n\t\n\n\t<div id=\"col-1197064118\" class=\"col medium-6 small-12 large-6\"  >\n\t\t\t\t<div class=\"col-inner\"  >\n\t\t\t\n\t\t\t\n<div class=\"is-divider divider clearfix\" style=\"max-width:0px;\"><\/div>\n<h2><strong>In einer Wohnung, in der Tiere leben<\/strong><\/h2>\n<p>  Bei korrekter Installation sch\u00fctzt der MotionProtect-Vorhang Ihr Eigentum und ignoriert Tiere, selbst wenn es sich um einen Bernhardiner handelt. Dadurch k\u00f6nnen Sie von einer hervorragenden Bewegungserkennung profitieren, ohne dass Ihr Haustier Fehlalarme erzeugt.<\/p>\n\t\t<\/div>\n\t\t\t\t\t<\/div>\n\n\t\n<\/div>\n<div class=\"is-divider divider clearfix\" style=\"max-width:0px;\"><\/div>\n<div class=\"row\"  id=\"row-138284217\">\n\n\t<div id=\"col-182609022\" class=\"col medium-6 small-12 large-6\"  >\n\t\t\t\t<div class=\"col-inner\"  >\n\t\t\t\n\t\t\t\n<div class=\"is-divider divider clearfix\" style=\"max-width:0px;height:54px;\"><\/div>\n<h2><strong>Ignoriert schwierige nat\u00fcrliche Bedingungen.<\/strong><\/h2>\n<p>  Schnee, Regen oder starke Winde haben keinen Einfluss auf die Genauigkeit des Detektors. Das Geh\u00e4use des Melders ist staub- und wasserdicht und kann sowohl im Freien als auch in geschlossenen R\u00e4umen installiert werden.  <\/p>\n<ul>\n<li>Betriebstemperaturen von -10 \u00b0 \u0421 bis + 40 \u00b0 \u0421<\/li>\n<li>Schutzart des K\u00f6rpers IP54<\/li>\n<\/ul>\n\t\t<\/div>\n\t\t\t\t\t<\/div>\n\n\t\n\n\t<div id=\"col-1240942056\" class=\"col medium-6 small-12 large-6\"  >\n\t\t\t\t<div class=\"col-inner\"  >\n\t\t\t\n\t\t\t\n\t<div class=\"img has-hover x md-x lg-x y md-y lg-y\" id=\"image_1902302671\">\n\t\t\t\t\t\t\t\t<div class=\"img-inner dark\" >\n\t\t\t<img loading=\"lazy\" decoding=\"async\" width=\"390\" height=\"444\" src=\"https:\/\/ajax-alarme.ch\/wp-content\/uploads\/2021\/02\/etanchecurtain.png\" class=\"attachment-large size-large\" alt=\"\" srcset=\"https:\/\/ajax-alarme.ch\/wp-content\/uploads\/2021\/02\/etanchecurtain.png 390w, https:\/\/ajax-alarme.ch\/wp-content\/uploads\/2021\/02\/etanchecurtain-351x400.png 351w\" sizes=\"auto, (max-width: 390px) 100vw, 390px\" \/>\t\t\t\t\t\t\n\t\t\t\t\t<\/div>\n\t\t\t\t\t\t\t\t\n<style>\n#image_1902302671 {\n  width: 100%;\n}\n<\/style>\n\t<\/div>\n\t\n\t\t<\/div>\n\t\t\t\t\t<\/div>\n\n\t\n<\/div>\n<div class=\"row\"  id=\"row-757326158\">\n\n\t<div id=\"col-82929253\" class=\"col medium-6 small-12 large-6\"  >\n\t\t\t\t<div class=\"col-inner\"  >\n\t\t\t\n\t\t\t\n\t<div class=\"img has-hover x md-x lg-x y md-y lg-y\" id=\"image_606630645\">\n\t\t\t\t\t\t\t\t<div class=\"img-inner dark\" >\n\t\t\t<img loading=\"lazy\" decoding=\"async\" width=\"600\" height=\"480\" src=\"https:\/\/ajax-alarme.ch\/wp-content\/uploads\/2021\/02\/caracteristique.gif\" class=\"attachment-large size-large\" alt=\"\" \/>\t\t\t\t\t\t\n\t\t\t\t\t<\/div>\n\t\t\t\t\t\t\t\t\n<style>\n#image_606630645 {\n  width: 100%;\n}\n<\/style>\n\t<\/div>\n\t\n\t\t<\/div>\n\t\t\t\t\t<\/div>\n\n\t\n\n\t<div id=\"col-798145429\" class=\"col medium-6 small-12 large-6\"  >\n\t\t\t\t<div class=\"col-inner\"  >\n\t\t\t\n\t\t\t\n<div class=\"is-divider divider clearfix\" style=\"max-width:0px;\"><\/div>\n<h2>Technische Spezifikationen<\/h2>\n<p>  Kompatibilit\u00e4t: Alle Alarmzentralen, Funkrelais Erfassungsreichweite: 6 bis 15 m Erfassungssystem: Zwei PIR-Sensoren Erfassungswinkel: Horizontal 6\u00b0 \/ Vertikal 90\u00b0 Empfohlene Montageh\u00f6he: 2,4 m Schutzart: IP54 Netzteil: CR123A Temperaturbereich: -10\u00b0C bis +40\u00b0C Abmessungen: 134 x 44 x 34 mm Gewicht: 118 g<\/p>\n\t\t<\/div>\n\t\t\t\t\t<\/div>\n\n\t\n<\/div>\n","protected":false},"excerpt":{"rendered":"<p id=\"product_condition\">Mit diesem engstrahlenden Bewegungsmelder kann ein Zugang wie ein Fenster in Form eines Vorhangs gesichert werden. Sie k\u00f6nnen die Umgebung Ihres Hauses sch\u00fctzen und sich darin frei bewegen.<\/p>\n","protected":false},"featured_media":2454,"comment_status":"closed","ping_status":"closed","template":"","meta":[],"product_brand":[],"product_cat":[140],"product_tag":[],"class_list":{"0":"post-3359","1":"product","2":"type-product","3":"status-publish","4":"has-post-thumbnail","6":"product_cat-bewegungsmelder","8":"first","9":"instock","10":"sale","11":"shipping-taxable","12":"purchasable","13":"product-type-variable"},"_links":{"self":[{"href":"https:\/\/ajax-alarme.ch\/de\/wp-json\/wp\/v2\/product\/3359","targetHints":{"allow":["GET"]}}],"collection":[{"href":"https:\/\/ajax-alarme.ch\/de\/wp-json\/wp\/v2\/product"}],"about":[{"href":"https:\/\/ajax-alarme.ch\/de\/wp-json\/wp\/v2\/types\/product"}],"replies":[{"embeddable":true,"href":"https:\/\/ajax-alarme.ch\/de\/wp-json\/wp\/v2\/comments?post=3359"}],"wp:featuredmedia":[{"embeddable":true,"href":"https:\/\/ajax-alarme.ch\/de\/wp-json\/wp\/v2\/media\/2454"}],"wp:attachment":[{"href":"https:\/\/ajax-alarme.ch\/de\/wp-json\/wp\/v2\/media?parent=3359"}],"wp:term":[{"taxonomy":"product_brand","embeddable":true,"href":"https:\/\/ajax-alarme.ch\/de\/wp-json\/wp\/v2\/product_brand?post=3359"},{"taxonomy":"product_cat","embeddable":true,"href":"https:\/\/ajax-alarme.ch\/de\/wp-json\/wp\/v2\/product_cat?post=3359"},{"taxonomy":"product_tag","embeddable":true,"href":"https:\/\/ajax-alarme.ch\/de\/wp-json\/wp\/v2\/product_tag?post=3359"}],"curies":[{"name":"wp","href":"https:\/\/api.w.org\/{rel}","templated":true}]}}