{"id":3318,"date":"2020-10-02T10:17:33","date_gmt":"2020-10-02T08:17:33","guid":{"rendered":"https:\/\/ajax-alarme.ch\/product\/keypad-beruehrungsempfindliche-steuertastatur\/"},"modified":"2024-09-13T18:35:18","modified_gmt":"2024-09-13T16:35:18","slug":"keypad-beruehrungsempfindliche-steuertastatur","status":"publish","type":"product","link":"https:\/\/ajax-alarme.ch\/de\/product\/keypad-beruehrungsempfindliche-steuertastatur\/","title":{"rendered":"KeyPad &#8211; Ber\u00fchrungsempfindliche Steuertastatur"},"content":{"rendered":"<div class=\"row\"  id=\"row-95177259\">\n\n\t<div id=\"col-1112688330\" class=\"col medium-6 small-12 large-6\"  >\n\t\t\t\t<div class=\"col-inner\"  >\n\t\t\t\n\t\t\t\n<h2><strong>Drahtlose Steuertastatur<\/strong><\/h2>\n<p>  Das KeyPad ist ein drahtloses Keyboard, mit dem Sie die Alarmzentrale mit nur einem Knopfdruck oder einem Zugangscode aktivieren oder deaktivieren k\u00f6nnen. Die sichere Aktivierung des Systems kann je nach dem zu \u00fcberwachenden Bereich vollst\u00e4ndig oder teilweise erfolgen. Ebenso wie bei einem Einbruch in Anwesenheit der Eigent\u00fcmer verf\u00fcgt die Tastatur \u00fcber eine Panikfunktion, um die Alarmzentrale sofort zu benachrichtigen. Auch der Nachtmodus ist bei diesem Ger\u00e4t verf\u00fcgbar. F\u00fcr einen optimalen Schutz hat Ajax diese Tastatur mit einem Sperrverfahren gegen zuf\u00e4llige Codeeingaben ausgestattet. Die Integrit\u00e4t der Funkkan\u00e4le zwischen KeyPad und anderen Ger\u00e4ten wird \u00fcber die Jeweller-Technologie von Ajax gesch\u00fctzt. Sie bietet eine sichere bidirektionale Kommunikation und ist immun gegen Interferenzen oder Wellenst\u00f6rungen.<\/p>\n\t\t<\/div>\n\t\t\t\t\t<\/div>\n\n\t\n\n\t<div id=\"col-727071582\" class=\"col medium-6 small-12 large-6\"  >\n\t\t\t\t<div class=\"col-inner\"  >\n\t\t\t\n\t\t\t\n<div class=\"is-divider divider clearfix\" style=\"max-width:0px;height:41px;\"><\/div>\n\t<div class=\"img has-hover x md-x lg-x y md-y lg-y\" id=\"image_92605002\">\n\t\t\t\t\t\t\t\t<div class=\"img-inner dark\" >\n\t\t\t<img loading=\"lazy\" decoding=\"async\" width=\"700\" height=\"700\" src=\"https:\/\/ajax-alarme.ch\/wp-content\/uploads\/2021\/02\/ajax_keypad_3_.jpg\" class=\"attachment-large size-large\" alt=\"\" srcset=\"https:\/\/ajax-alarme.ch\/wp-content\/uploads\/2021\/02\/ajax_keypad_3_.jpg 700w, https:\/\/ajax-alarme.ch\/wp-content\/uploads\/2021\/02\/ajax_keypad_3_-247x247.jpg 247w, https:\/\/ajax-alarme.ch\/wp-content\/uploads\/2021\/02\/ajax_keypad_3_-100x100.jpg 100w, https:\/\/ajax-alarme.ch\/wp-content\/uploads\/2021\/02\/ajax_keypad_3_-510x510.jpg 510w, https:\/\/ajax-alarme.ch\/wp-content\/uploads\/2021\/02\/ajax_keypad_3_-400x400.jpg 400w, https:\/\/ajax-alarme.ch\/wp-content\/uploads\/2021\/02\/ajax_keypad_3_-280x280.jpg 280w, https:\/\/ajax-alarme.ch\/wp-content\/uploads\/2021\/02\/ajax_keypad_3_-300x300.jpg 300w, https:\/\/ajax-alarme.ch\/wp-content\/uploads\/2021\/02\/ajax_keypad_3_-600x600.jpg 600w\" sizes=\"auto, (max-width: 700px) 100vw, 700px\" \/>\t\t\t\t\t\t\n\t\t\t\t\t<\/div>\n\t\t\t\t\t\t\t\t\n<style>\n#image_92605002 {\n  width: 100%;\n}\n<\/style>\n\t<\/div>\n\t\n\t\t<\/div>\n\t\t\t\t\t<\/div>\n\n\t\n<\/div>\n<div class=\"is-divider divider clearfix\" style=\"max-width:0px;height:41px;\"><\/div>\n<div class=\"row\"  id=\"row-1078462872\">\n\n\t<div id=\"col-105578233\" class=\"col medium-3 small-12 large-3\"  >\n\t\t\t\t<div class=\"col-inner\"  >\n\t\t\t\n\t\t\t\n<div class=\"is-divider divider clearfix\" style=\"max-width:0px;height:0px;\"><\/div>\n\t<div class=\"img has-hover x md-x lg-x y md-y lg-y\" id=\"image_2008484335\">\n\t\t\t\t\t\t\t\t<div class=\"img-inner dark\" >\n\t\t\t<img loading=\"lazy\" decoding=\"async\" width=\"281\" height=\"500\" src=\"https:\/\/ajax-alarme.ch\/wp-content\/uploads\/2021\/02\/keypad.gif\" class=\"attachment-large size-large\" alt=\"\" \/>\t\t\t\t\t\t\n\t\t\t\t\t<\/div>\n\t\t\t\t\t\t\t\t\n<style>\n#image_2008484335 {\n  width: 81%;\n}\n<\/style>\n\t<\/div>\n\t\n\t\t<\/div>\n\t\t\t\t\t<\/div>\n\n\t\n\n\t<div id=\"col-1721499829\" class=\"col medium-9 small-12 large-9\"  >\n\t\t\t\t<div class=\"col-inner\"  >\n\t\t\t\n\t\t\t\n<h2><strong>Das Keyboard Keypad funktioniert kabellos und im verbundenen Modus.<\/strong><\/h2>\n<p>  Diese KeyPad-Tastatur von Ajax funktioniert v\u00f6llig drahtlos, ohne \u00dcbertragungs- oder Stromkabel. Die vier bereits vorinstallierten Batterien sorgen f\u00fcr eine Laufzeit von bis zu zwei Jahren. Sie wird in Ihrem Haus angebracht, am besten im Eingangsbereich, damit Sie schnell auf die Alarmanlage zugreifen k\u00f6nnen. Die Bedienung dieser Tastatur ist dank der ber\u00fchrungsempfindlichen und beleuchteten Tasten einfach und erm\u00f6glicht bei Tag und Nacht eine schnelle visuelle Erkennung des Systemstatus. Keypad funktioniert nur mit der Ajax-Alarmzentrale. Die Verbindung zwischen KeyPad und der Hub- oder Hub PLus-Zentrale erfolgt ganz einfach mit einem Klick \u00fcber die mobile Ajax-Anwendung. Diese Anwendung bietet dem Nutzer Zugang zu den Einstellungen des Ger\u00e4ts und informiert ihn \u00fcber die \u00dcberwachung und die Benachrichtigungen des Systems.<\/p>\n\t\t<\/div>\n\t\t\t\t\t<\/div>\n\n\t\n<\/div>\n<div class=\"is-divider divider clearfix\" style=\"max-width:0px;height:41px;\"><\/div>\n\t<div class=\"img has-hover x md-x lg-x y md-y lg-y\" id=\"image_1108466777\">\n\t\t\t\t\t\t\t\t<div class=\"img-inner dark\" >\n\t\t\t<img loading=\"lazy\" decoding=\"async\" width=\"1020\" height=\"651\" src=\"https:\/\/ajax-alarme.ch\/wp-content\/uploads\/2021\/02\/KeyPad-1-1-1253x800.jpg\" class=\"attachment-large size-large\" alt=\"\" srcset=\"https:\/\/ajax-alarme.ch\/wp-content\/uploads\/2021\/02\/KeyPad-1-1-1253x800.jpg 1253w, https:\/\/ajax-alarme.ch\/wp-content\/uploads\/2021\/02\/KeyPad-1-1-scaled-510x326.jpg 510w, https:\/\/ajax-alarme.ch\/wp-content\/uploads\/2021\/02\/KeyPad-1-1-627x400.jpg 627w, https:\/\/ajax-alarme.ch\/wp-content\/uploads\/2021\/02\/KeyPad-1-1-768x490.jpg 768w, https:\/\/ajax-alarme.ch\/wp-content\/uploads\/2021\/02\/KeyPad-1-1-1536x980.jpg 1536w, https:\/\/ajax-alarme.ch\/wp-content\/uploads\/2021\/02\/KeyPad-1-1-2048x1307.jpg 2048w, https:\/\/ajax-alarme.ch\/wp-content\/uploads\/2021\/02\/KeyPad-1-1-600x383.jpg 600w\" sizes=\"auto, (max-width: 1020px) 100vw, 1020px\" \/>\t\t\t\t\t\t\n\t\t\t\t\t<\/div>\n\t\t\t\t\t\t\t\t\n<style>\n#image_1108466777 {\n  width: 100%;\n}\n<\/style>\n\t<\/div>\n\t\n<div class=\"is-divider divider clearfix\" style=\"max-width:0px;height:41px;\"><\/div>\n<div class=\"row\"  id=\"row-1259232128\">\n\n\t<div id=\"col-1264892488\" class=\"col medium-7 small-12 large-7\"  >\n\t\t\t\t<div class=\"col-inner\"  >\n\t\t\t\n\t\t\t\n<h2>Technische Spezifikationen<\/h2>\n<p>  Kompatibilit\u00e4t: Alle Alarmzentralen, Funkrelais Typ: Drahtlos, ber\u00fchrungssensitiv Anzahl der Tasten: 15 Zwangscode : Ja Badge-Leser: Nein Passwortschutz: Ja Visuelle Statusanzeige: Ja Stromversorgung: 4 x AAA Temperaturbereich: -10\u00b0C bis +40\u00b0C Abmessungen: 150 x 103 x 14 mm Gewicht: 197 g  <\/p>\n<div id=\"short_description_block\">\n<div id=\"short_description_content\" class=\"rte align_justify\"><\/div>\n<\/div>\n\t\t<\/div>\n\t\t\t\t\t<\/div>\n\n\t\n\n\t<div id=\"col-535794301\" class=\"col medium-5 small-12 large-5\"  >\n\t\t\t\t<div class=\"col-inner\"  >\n\t\t\t\n\t\t\t\n\t<div class=\"img has-hover x md-x lg-x y md-y lg-y\" id=\"image_688501725\">\n\t\t\t\t\t\t\t\t<div class=\"img-inner dark\" style=\"margin:0px 0px 0px 0;\">\n\t\t\t<img loading=\"lazy\" decoding=\"async\" width=\"460\" height=\"800\" src=\"https:\/\/ajax-alarme.ch\/wp-content\/uploads\/2021\/02\/notif-460x800.png\" class=\"attachment-large size-large\" alt=\"\" srcset=\"https:\/\/ajax-alarme.ch\/wp-content\/uploads\/2021\/02\/notif-460x800.png 460w, https:\/\/ajax-alarme.ch\/wp-content\/uploads\/2021\/02\/notif-510x886.png 510w, https:\/\/ajax-alarme.ch\/wp-content\/uploads\/2021\/02\/notif-230x400.png 230w, https:\/\/ajax-alarme.ch\/wp-content\/uploads\/2021\/02\/notif-768x1335.png 768w, https:\/\/ajax-alarme.ch\/wp-content\/uploads\/2021\/02\/notif-884x1536.png 884w, https:\/\/ajax-alarme.ch\/wp-content\/uploads\/2021\/02\/notif-600x1043.png 600w, https:\/\/ajax-alarme.ch\/wp-content\/uploads\/2021\/02\/notif.png 1152w\" sizes=\"auto, (max-width: 460px) 100vw, 460px\" \/>\t\t\t\t\t\t\n\t\t\t\t\t<\/div>\n\t\t\t\t\t\t\t\t\n<style>\n#image_688501725 {\n  width: 97%;\n}\n<\/style>\n\t<\/div>\n\t\n\t\t<\/div>\n\t\t\t\t\t<\/div>\n\n\t\n<\/div>\n","protected":false},"excerpt":{"rendered":"<p id=\"product_manufacturer\">Die Tastatur kann zum Aktivieren oder Deaktivieren von Sicherheitsmodi verwendet werden. Sie wird im Raum in der N\u00e4he der Eingangst\u00fcr montiert, um einen schnellen Zugriff auf die Tastatur zu erm\u00f6glichen.<\/p>\n","protected":false},"featured_media":5235,"comment_status":"closed","ping_status":"closed","template":"","meta":[],"product_brand":[],"product_cat":[135],"product_tag":[],"class_list":{"0":"post-3318","1":"product","2":"type-product","3":"status-publish","4":"has-post-thumbnail","6":"product_cat-tastaturen-und-fernbedienungen","8":"first","9":"instock","10":"sale","11":"shipping-taxable","12":"purchasable","13":"product-type-variable"},"_links":{"self":[{"href":"https:\/\/ajax-alarme.ch\/de\/wp-json\/wp\/v2\/product\/3318","targetHints":{"allow":["GET"]}}],"collection":[{"href":"https:\/\/ajax-alarme.ch\/de\/wp-json\/wp\/v2\/product"}],"about":[{"href":"https:\/\/ajax-alarme.ch\/de\/wp-json\/wp\/v2\/types\/product"}],"replies":[{"embeddable":true,"href":"https:\/\/ajax-alarme.ch\/de\/wp-json\/wp\/v2\/comments?post=3318"}],"wp:featuredmedia":[{"embeddable":true,"href":"https:\/\/ajax-alarme.ch\/de\/wp-json\/wp\/v2\/media\/5235"}],"wp:attachment":[{"href":"https:\/\/ajax-alarme.ch\/de\/wp-json\/wp\/v2\/media?parent=3318"}],"wp:term":[{"taxonomy":"product_brand","embeddable":true,"href":"https:\/\/ajax-alarme.ch\/de\/wp-json\/wp\/v2\/product_brand?post=3318"},{"taxonomy":"product_cat","embeddable":true,"href":"https:\/\/ajax-alarme.ch\/de\/wp-json\/wp\/v2\/product_cat?post=3318"},{"taxonomy":"product_tag","embeddable":true,"href":"https:\/\/ajax-alarme.ch\/de\/wp-json\/wp\/v2\/product_tag?post=3318"}],"curies":[{"name":"wp","href":"https:\/\/api.w.org\/{rel}","templated":true}]}}