{"id":3351,"date":"2021-03-06T10:11:57","date_gmt":"2021-03-06T09:11:57","guid":{"rendered":"https:\/\/ajax-alarme.ch\/installationsservice\/"},"modified":"2024-01-25T17:27:36","modified_gmt":"2024-01-25T16:27:36","slug":"installationsservice","status":"publish","type":"page","link":"https:\/\/ajax-alarme.ch\/de\/installationsservice\/","title":{"rendered":"Installationsservice"},"content":{"rendered":"\n<div class=\"row\"  id=\"row-977819247\">\n\n\n\t<div id=\"col-1613780235\" class=\"col small-12 large-12\"  >\n\t\t\t\t<div class=\"col-inner\"  >\n\t\t\t\n\t\t\t\n\n<h1 style=\"text-align: center;\">VOR-ORT-INSTALLATIONSSERVICE<\/h1>\n\n\t\t<\/div>\n\t\t\t\t\t<\/div>\n\n\t\n\n<\/div>\n<div class=\"is-divider divider clearfix\" style=\"max-width:0px;height:40px;\"><\/div>\n\n<div class=\"row\"  id=\"row-1566867597\">\n\n\n\t<div id=\"col-1672939177\" class=\"col medium-7 small-12 large-7\"  >\n\t\t\t\t<div class=\"col-inner\"  >\n\t\t\t\n\t\t\t\n\n<h2><strong>Wir installieren Ihre Alarmanlage bei Ihnen zu Hause.<\/strong><\/h2>\n<p>Unser spezialisierter Techniker wird die Installation und Programmierung Ihres Sicherheitssystems \u00fcbernehmen, und zwar direkt am Ort der Installation.<\/p>\n<p><strong>Service inbegriffen:<\/strong><\/p>\n<ul>\n<li>Vorbereitung des Materials in unserer Werkstatt<\/li>\n<li>Aktualisierung aller Ger\u00e4te<\/li>\n<li>Installation des HUB<\/li>\n<li>Installation von Detektoren<\/li>\n<li>Programmierung des Systems<\/li>\n<li>Inbetriebnahme und Tests<\/li>\n<li>Schulung f\u00fcr den Nutzer<\/li>\n<\/ul>\n<p><span style=\"font-size: 75%;\">Die Anreise des Technikers und seiner Ausr\u00fcstung wird mit CHF 1.&#8211; pro Kilometer ab Etoy\/VD berechnet. Es wird nur die Hinfahrt berechnet. Zahlung in bar erforderlich, auf Rechnung, bei Ankunft des Technikers. Bei mehr als 10 Ger\u00e4ten wird f\u00fcr jedes weitere Einsetzen eines Ger\u00e4ts CHF 21.&#8211; inkl. MwSt. berechnet. Unsere Techniker sind langj\u00e4hrige, vertrauensw\u00fcrdige Mitarbeiter mit einem tadellosen Ruf.<\/span><\/p>\n<p>Garantie auf Hardware: 24 Monate (ohne Leistungen)<\/p>\n\n\t\t<\/div>\n\t\t\t\t\t<\/div>\n\n\t\n\n\t<div id=\"col-1637496731\" class=\"col medium-5 small-12 large-5\"  >\n\t\t\t\t<div class=\"col-inner\"  >\n\t\t\t\n\t\t\t\n\n\t<div class=\"img has-hover x md-x lg-x y md-y lg-y\" id=\"image_1042106079\">\n\t\t\t\t\t\t\t\t<div class=\"img-inner dark\" >\n\t\t\t<img loading=\"lazy\" decoding=\"async\" width=\"533\" height=\"800\" src=\"https:\/\/ajax-alarme.ch\/wp-content\/uploads\/2021\/02\/setupajax.jpg\" class=\"attachment-large size-large\" alt=\"\" srcset=\"https:\/\/ajax-alarme.ch\/wp-content\/uploads\/2021\/02\/setupajax.jpg 533w, https:\/\/ajax-alarme.ch\/wp-content\/uploads\/2021\/02\/setupajax-510x765.jpg 510w, https:\/\/ajax-alarme.ch\/wp-content\/uploads\/2021\/02\/setupajax-267x400.jpg 267w\" sizes=\"auto, (max-width: 533px) 100vw, 533px\" \/>\t\t\t\t\t\t\n\t\t\t\t\t<\/div>\n\t\t\t\t\t\t\t\t\n<style>\n#image_1042106079 {\n  width: 100%;\n}\n<\/style>\n\t<\/div>\n\t\n\n\n\t\t<\/div>\n\t\t\t\t\t<\/div>\n\n\t\n\n<\/div>\n<div class=\"is-divider divider clearfix\" style=\"max-width:0px;height:19px;\"><\/div>\n\n<div class=\"row\"  id=\"row-1692615789\">\n\n\n\t<div id=\"col-1664037462\" class=\"col medium-6 small-12 large-6\"  >\n\t\t\t\t<div class=\"col-inner\"  >\n\t\t\t\n\t\t\t\n\n\t<div class=\"img has-hover x md-x lg-x y md-y lg-y\" id=\"image_730918188\">\n\t\t\t\t\t\t\t\t<div class=\"img-inner dark\" >\n\t\t\t<img loading=\"lazy\" decoding=\"async\" width=\"800\" height=\"534\" src=\"https:\/\/ajax-alarme.ch\/wp-content\/uploads\/2021\/02\/dreamstime_s_188188713.jpg\" class=\"attachment-large size-large\" alt=\"\" srcset=\"https:\/\/ajax-alarme.ch\/wp-content\/uploads\/2021\/02\/dreamstime_s_188188713.jpg 800w, https:\/\/ajax-alarme.ch\/wp-content\/uploads\/2021\/02\/dreamstime_s_188188713-510x340.jpg 510w, https:\/\/ajax-alarme.ch\/wp-content\/uploads\/2021\/02\/dreamstime_s_188188713-599x400.jpg 599w, https:\/\/ajax-alarme.ch\/wp-content\/uploads\/2021\/02\/dreamstime_s_188188713-768x513.jpg 768w, https:\/\/ajax-alarme.ch\/wp-content\/uploads\/2021\/02\/dreamstime_s_188188713-600x401.jpg 600w\" sizes=\"auto, (max-width: 800px) 100vw, 800px\" \/>\t\t\t\t\t\t\n\t\t\t\t\t<\/div>\n\t\t\t\t\t\t\t\t\n<style>\n#image_730918188 {\n  width: 100%;\n}\n<\/style>\n\t<\/div>\n\t\n\n\n\t\t<\/div>\n\t\t\t\t\t<\/div>\n\n\t\n\n\t<div id=\"col-1212794532\" class=\"col medium-6 small-12 large-6\"  >\n\t\t\t\t<div class=\"col-inner\"  >\n\t\t\t\n\t\t\t\n\n<div class=\"is-divider divider clearfix\" style=\"max-width:0px;height:19px;\"><\/div>\n\n<p>Wir halten uns an die Gesundheitsempfehlungen.<\/p>\n<ul>\n<li>Einweg-Schutzmaske<\/li>\n<li>Schutzbrille<\/li>\n<li>Einweg-Schutzhandschuhe<\/li>\n<li>Desinfektionen der H\u00e4nde<\/li>\n<li>Desinfektion von Werkzeugen<\/li>\n<\/ul>\n\n\t\t<\/div>\n\t\t\t\t\t<\/div>\n\n\t\n\n<\/div>\n<div class=\"is-divider divider clearfix\" style=\"max-width:0px;height:19px;\"><\/div>\n\n<a data-animate=\"bounceInUp\" href=\"https:\/\/ajax-alarme.ch\/shop\/\" class=\"button primary is-outline is-xxlarge expand\"  style=\"border-radius:25px;\">\n\t<i class=\"icon-shopping-basket\" aria-hidden=\"true\" ><\/i>\t<span>LA BOUTIQUE<\/span>\n\t<\/a>\n\n\n<div class=\"is-divider divider clearfix\" style=\"max-width:0px;height:19px;\"><\/div>\n\n\t<div class=\"img has-hover x md-x lg-x y md-y lg-y\" id=\"image_121053268\">\n\t\t\t\t\t\t\t\t<div class=\"img-inner dark\" >\n\t\t\t<img loading=\"lazy\" decoding=\"async\" width=\"800\" height=\"533\" src=\"https:\/\/ajax-alarme.ch\/wp-content\/uploads\/2021\/02\/dreamstime_s_149400356.jpg\" class=\"attachment-large size-large\" alt=\"\" srcset=\"https:\/\/ajax-alarme.ch\/wp-content\/uploads\/2021\/02\/dreamstime_s_149400356.jpg 800w, https:\/\/ajax-alarme.ch\/wp-content\/uploads\/2021\/02\/dreamstime_s_149400356-510x340.jpg 510w, https:\/\/ajax-alarme.ch\/wp-content\/uploads\/2021\/02\/dreamstime_s_149400356-600x400.jpg 600w, https:\/\/ajax-alarme.ch\/wp-content\/uploads\/2021\/02\/dreamstime_s_149400356-768x512.jpg 768w\" sizes=\"auto, (max-width: 800px) 100vw, 800px\" \/>\t\t\t\t\t\t\n\t\t\t\t\t<\/div>\n\t\t\t\t\t\t\t\t\n<style>\n#image_121053268 {\n  width: 100%;\n}\n<\/style>\n\t<\/div>\n\t\n\n<div class=\"is-divider divider clearfix\" style=\"max-width:0px;height:19px;\"><\/div>\n\n<div class=\"row\"  id=\"row-633523617\">\n\n\n\t<div id=\"col-1004029775\" class=\"col small-12 large-12\"  >\n\t\t\t\t<div class=\"col-inner\"  >\n\t\t\t\n\t\t\t\n\n<a data-animate=\"bounceInUp\" href=\"https:\/\/ajax-alarme.ch\/shop\/\" class=\"button primary is-outline is-xxlarge expand\"  style=\"border-radius:25px;\">\n\t<i class=\"icon-shopping-basket\" aria-hidden=\"true\" ><\/i>\t<span>LA BOUTIQUE<\/span>\n\t<\/a>\n\n\n\n\t\t<\/div>\n\t\t\t\t\t<\/div>\n\n\t\n\n<\/div>\n<div class=\"row\"  id=\"row-557153057\">\n\n\n\t<div id=\"col-977805598\" class=\"col small-12 large-12\"  >\n\t\t\t\t<div class=\"col-inner\"  >\n\t\t\t\n\t\t\t\n\n\n\t\t<\/div>\n\t\t\t\t\t<\/div>\n\n\t\n\n<\/div>\n\n","protected":false},"excerpt":{"rendered":"","protected":false},"author":3,"featured_media":0,"parent":0,"menu_order":0,"comment_status":"closed","ping_status":"closed","template":"","meta":{"footnotes":""},"class_list":["post-3351","page","type-page","status-publish","hentry"],"_links":{"self":[{"href":"https:\/\/ajax-alarme.ch\/de\/wp-json\/wp\/v2\/pages\/3351","targetHints":{"allow":["GET"]}}],"collection":[{"href":"https:\/\/ajax-alarme.ch\/de\/wp-json\/wp\/v2\/pages"}],"about":[{"href":"https:\/\/ajax-alarme.ch\/de\/wp-json\/wp\/v2\/types\/page"}],"author":[{"embeddable":true,"href":"https:\/\/ajax-alarme.ch\/de\/wp-json\/wp\/v2\/users\/3"}],"replies":[{"embeddable":true,"href":"https:\/\/ajax-alarme.ch\/de\/wp-json\/wp\/v2\/comments?post=3351"}],"version-history":[{"count":5,"href":"https:\/\/ajax-alarme.ch\/de\/wp-json\/wp\/v2\/pages\/3351\/revisions"}],"predecessor-version":[{"id":3838,"href":"https:\/\/ajax-alarme.ch\/de\/wp-json\/wp\/v2\/pages\/3351\/revisions\/3838"}],"wp:attachment":[{"href":"https:\/\/ajax-alarme.ch\/de\/wp-json\/wp\/v2\/media?parent=3351"}],"curies":[{"name":"wp","href":"https:\/\/api.w.org\/{rel}","templated":true}]}}