{"id":3154,"date":"2020-11-26T22:34:20","date_gmt":"2020-11-26T21:34:20","guid":{"rendered":"https:\/\/ajax-alarme.ch\/allgemeine-bedingungen\/"},"modified":"2024-01-25T17:27:31","modified_gmt":"2024-01-25T16:27:31","slug":"allgemeine-bedingungen","status":"publish","type":"page","link":"https:\/\/ajax-alarme.ch\/de\/allgemeine-bedingungen\/","title":{"rendered":"Allgemeine Bedingungen"},"content":{"rendered":"\n<p><b>Pr\u00e4ambel<br\/><\/b>Diese Allgemeinen Gesch\u00e4ftsbedingungen ber\u00fccksichtigen alle Produkte, die von &#8222;VisioTech SA&#8220; verkauft werden.<\/p>\n<p>VISIOTECH SA ist auf den einfachen Verkauf oder den Verkauf mit Installation von Sicherheitssystemen ausgerichtet.<\/p>\n<p>Es gelten die Verkaufsbedingungen zum Zeitpunkt des Kaufs. Die vorliegenden &#8222;Allgemeinen Gesch\u00e4ftsbedingungen&#8220; gelten f\u00fcr Handels- und Rechtsgesch\u00e4fte, die sich auf die von VISIOTECH SA vertriebenen Produkte beziehen.<\/p>\n<p><b>Gegenstand<br\/><\/b>Zweck dieser Allgemeinen Gesch\u00e4ftsbedingungen ist es, die Bedingungen festzulegen, unter denen VISIOTECH SA ihren Kunden ihre Produkte anbietet und verkauft. Diese allgemeinen Verkaufsbedingungen haben Vorrang vor allen anderen Bedingungen, die in einem anderen Dokument enthalten sind, es sei denn, es wurde vorher ausdr\u00fccklich und schriftlich davon abgewichen. Die vorliegenden Allgemeinen Gesch\u00e4ftsbedingungen enthalten wichtige Bestimmungen, die insbesondere die Garantie sowie die von VISIOTECH SA angebotenen Dienstleistungen betreffen. Die Kundin\/der Kunde wird aufgefordert, diese Bedingungen sehr sorgf\u00e4ltig zu lesen.<\/p>\n<p><b>Preis<\/b><br\/>Die Preise sind in Schweizer Franken angegeben. Die Angebote des Verk\u00e4ufers sind widerruflich (mit R\u00fcckerstattung von 100% der vom Verk\u00e4ufer stornierten Bestellung).<\/p>\n<p><b>Verf\u00fcgbarkeit<\/b> <br\/>Unsere Lieferverpflichtung ist null und nichtig, wenn unsere eigenen Lieferanten ausfallen oder die Lieferfristen nicht einhalten. Sollte ein Produkt nicht verf\u00fcgbar sein, werden wir Sie so schnell wie m\u00f6glich informieren und eine R\u00fcckerstattung des nicht verf\u00fcgbaren Artikels bleibt m\u00f6glich.<\/p>\n<p><b>Zahlungsmodalit\u00e4ten.<\/b><br\/>Zahlungsmethoden: Zahlung per Kreditkarte.<\/p>\n<p><b>Lieferung und Transport<\/b><br\/>Der Versand der verf\u00fcgbaren Artikel erfolgt per Post innerhalb von etwa 5 bis 14 Tagen.<\/p>\n<p><b>R\u00fcckgabe oder Umtausch von Waren<\/b><br\/>Artikel k\u00f6nnen nur mit vorheriger Zustimmung von VisioTech zur\u00fcckgegeben werden. Der Antrag auf R\u00fcckgabe sollte ausschlie\u00dflich per E-Mail gestellt werden. Die Artikel m\u00fcssen unversehrt und vollst\u00e4ndig (einschlie\u00dflich Verpackung, Gebrauchsanweisung, Schrauben, Ger\u00e4t usw.) und in ihrer Originalverpackung zur\u00fcckgeschickt werden, ohne dass die Verpackung ge\u00f6ffnet wurde. Zusammen mit dem Original-Lieferschein und einer Kopie der E-Mail mit der Genehmigung zur R\u00fccksendung. Es gibt keine direkte R\u00fcckerstattung, Sie erhalten eine Gutschrift f\u00fcr einen zuk\u00fcnftigen Kauf.<\/p>\n<p>Das R\u00fcckgaberecht gilt nur innerhalb von maximal sieben Tagen nach Erhalt des bestellten Materials. Die mit der R\u00fccksendung verbundenen Portokosten sind von Ihnen zu tragen.<\/p>\n<p>Bei R\u00fcckgabe von Material, das die oben genannten Anforderungen nicht erf\u00fcllt, behalten wir uns das Recht vor, den Wert der Gutschrift von 50 auf 100% zu senken. (siehe Informationsseite zu unserem R\u00fcckgaberecht).<\/p>\n<p><b>Gesetzliche Garantie<\/b><br\/>Garantieanspr\u00fcche bestehen nur in dem unten angegebenen Umfang. Eine Haftung f\u00fcr Anspr\u00fcche, die \u00fcber die nachfolgenden Bestimmungen hinausgehen, ist ausdr\u00fccklich ausgeschlossen, insbesondere f\u00fcr Schadensersatzanspr\u00fcche aufgrund von Sch\u00e4den, die direkt oder indirekt durch die Ware oder deren Verwendung verursacht wurden.<br\/>Der Verk\u00e4ufer beh\u00e4lt sich vor, von Abbildungen, Gewichten und Ma\u00dftabellen oder anderen derartigen Angaben, die zum Zeitpunkt des Angebots gemacht wurden, abzuweichen, sofern sich eine solche Abweichung bei der Ausf\u00fchrung des Auftrags als angebracht erweist und die Verwendung der gelieferten Gegenst\u00e4nde durch den Besteller dadurch nicht beeintr\u00e4chtigt wird.<br\/>Die Inanspruchnahme der nachfolgend genannten Garantie f\u00fcr die gelieferte Ware setzt voraus, dass der K\u00e4ufer alle Gebrauchs- und Installationsanweisungen befolgt und seinen Zahlungsverpflichtungen nachkommt.<br\/>Der Verk\u00e4ufer haftet f\u00fcr jeden Mangel, der w\u00e4hrend der Gew\u00e4hrleistungsfrist aufgetreten ist, sofern nachgewiesen werden kann, dass der Mangel auf schlechtes Material oder fehlerhafte Herstellung zur\u00fcckzuf\u00fchren ist. Die Gew\u00e4hrleistungsfrist betr\u00e4gt 24 Monate. Er entsteht an dem Tag, an dem die Ware an den K\u00e4ufer geliefert wird. Der K\u00e4ufer muss den gelieferten Gegenstand innerhalb von acht Werktagen nach Erhalt pr\u00fcfen und muss, wenn er M\u00e4ngel entdeckt, diese dem Verk\u00e4ufer unverz\u00fcglich schriftlich und begr\u00fcndet mitteilen. Sollten sie sp\u00e4ter solche M\u00e4ngel aufweisen, muss der K\u00e4ufer den Verk\u00e4ufer sofort schriftlich und begr\u00fcndet dar\u00fcber informieren, sonst gilt der gelieferte Gegenstand als genehmigt.<br\/>Die Gew\u00e4hrleistungspflicht ist ausgeschlossen bei \u00c4nderungen oder Reparaturarbeiten, die ohne schriftliche Zustimmung des Verk\u00e4ufers durchgef\u00fchrt werden, sowie bei Nichtbeachtung der Gebrauchsanweisung des Verk\u00e4ufers, es sei denn, es handelt sich um Ma\u00dfnahmen, die sich aus der Verpflichtung des K\u00e4ufers ergeben, den Schaden so gering wie m\u00f6glich zu halten.<\/p>\n<p><b>Montage und Inbetriebnahme vor Ort.<br\/><\/b>Wenn Sie sich f\u00fcr eine Montage vor Ort entscheiden: Das Datum der Installation wird nach unseren M\u00f6glichkeiten festgelegt. Das Material wird gem\u00e4\u00df den Empfehlungen des Herstellers installiert. Alle folgenden Ger\u00e4te werden mit Schrauben oder selbstklebendem Klebeband (je nach Bedarf) befestigt, au\u00dfer: Hub, Rex, Sirene. Die Transportkosten des Technikers sind bis zu einem Radius von 30km von Etoy\/VD inbegriffen, eventuell notwendige Kilometer werden zus\u00e4tzlich mit CHF 1.20 pro gefahrenen Kilometer berechnet, diese Kosten sind bei der Installation in bar zu begleichen.  <\/p>\n<p>Als Zusatzleistungen werden alle technischen Eingriffe vor Ort oder per Fernwartung deklariert, mit Ausnahme der anf\u00e4nglichen Installationsleistungen. Als Zusatzleistungen werden auch etwaige Leistungen anerkannt, die der Kunde w\u00e4hrend der Garantiezeit der Hardware oder im Falle einer St\u00f6rung der Hardware anfordert.<\/p>\n<p>Technischer <strong>Support:<br\/><\/strong>Wir bieten keinen direkten technischen Support f\u00fcr AJAX-Produkte an, aber: Technischer Support ist direkt bei AJAX unter folgender Adresse erh\u00e4ltlich: https:\/\/ajax.systems\/fr\/support-request\/<\/p>\n<p><strong>Preise f\u00fcr Zusatzleistungen:<br\/><\/strong>a) Der Stundensatz f\u00fcr Serviceleistungen au\u00dferhalb der Garantiezeit betr\u00e4gt CHF 140 pro Stunde ohne Mehrwertsteuer. (Wird in 15-Minuten-Schritten berechnet).<\/p>\n<p>b) Einmalige Pauschale f\u00fcr die Er\u00f6ffnung des Dossiers und die Beteiligung an den Transportkosten von wird bei jeder Intervention, die einen Einsatz vor Ort erfordert, hinzugef\u00fcgt. Dieser Pauschalbetrag wird in Rechnung gestellt: CHF 120.- ohne MwSt.<\/p>\n<p>c) Die f\u00fcr die Anreise zum Kunden erforderliche Fahrzeit wird mit CHF 140-\/Stunde zzgl. MwSt. berechnet.<\/p>\n<p>d) Die Reisekosten zum Kunden werden mit CHF 1.20 exkl. MwSt. pro gefahrenem Kilometer berechnet.<\/p>\n<p><b>Schutz der Daten<\/b><br\/>Alle personenbezogenen Daten werden vertraulich behandelt. Die f\u00fcr die Verwaltung der Bestellung erforderlichen Informationen werden elektronisch verarbeitet und k\u00f6nnen im Rahmen der Verwaltung der Bestellung an verbundene Unternehmen weitergegeben werden.<\/p>\n<p><b>Anwendbares Recht und Gerichtsstand<\/b><br\/>Das anwendbare Recht ist das Schweizer Recht, und alle Streitigkeiten werden vom Bezirksgericht MORGES behandelt.<\/p>\n\n","protected":false},"excerpt":{"rendered":"<p>Pr\u00e4ambelDiese Allgemeinen Gesch\u00e4ftsbedingungen ber\u00fccksichtigen alle Produkte, die von &#8222;VisioTech SA&#8220; verkauft werden. VISIOTECH SA ist auf den einfachen Verkauf oder den Verkauf mit Installation von Sicherheitssystemen ausgerichtet. Es gelten die Verkaufsbedingungen zum Zeitpunkt des Kaufs. Die vorliegenden &#8222;Allgemeinen Gesch\u00e4ftsbedingungen&#8220; gelten f\u00fcr Handels- und Rechtsgesch\u00e4fte, die sich auf die von VISIOTECH SA vertriebenen Produkte beziehen. GegenstandZweck [&#8230;]\n","protected":false},"author":3,"featured_media":0,"parent":0,"menu_order":0,"comment_status":"closed","ping_status":"closed","template":"","meta":{"footnotes":""},"class_list":["post-3154","page","type-page","status-publish","hentry"],"_links":{"self":[{"href":"https:\/\/ajax-alarme.ch\/de\/wp-json\/wp\/v2\/pages\/3154","targetHints":{"allow":["GET"]}}],"collection":[{"href":"https:\/\/ajax-alarme.ch\/de\/wp-json\/wp\/v2\/pages"}],"about":[{"href":"https:\/\/ajax-alarme.ch\/de\/wp-json\/wp\/v2\/types\/page"}],"author":[{"embeddable":true,"href":"https:\/\/ajax-alarme.ch\/de\/wp-json\/wp\/v2\/users\/3"}],"replies":[{"embeddable":true,"href":"https:\/\/ajax-alarme.ch\/de\/wp-json\/wp\/v2\/comments?post=3154"}],"version-history":[{"count":1,"href":"https:\/\/ajax-alarme.ch\/de\/wp-json\/wp\/v2\/pages\/3154\/revisions"}],"predecessor-version":[{"id":3160,"href":"https:\/\/ajax-alarme.ch\/de\/wp-json\/wp\/v2\/pages\/3154\/revisions\/3160"}],"wp:attachment":[{"href":"https:\/\/ajax-alarme.ch\/de\/wp-json\/wp\/v2\/media?parent=3154"}],"curies":[{"name":"wp","href":"https:\/\/api.w.org\/{rel}","templated":true}]}}