{"id":3146,"date":"2013-08-11T19:06:15","date_gmt":"2013-08-11T17:06:15","guid":{"rendered":"https:\/\/ajax-alarme.ch\/ueber\/"},"modified":"2024-07-26T16:25:51","modified_gmt":"2024-07-26T14:25:51","slug":"ueber","status":"publish","type":"page","link":"https:\/\/ajax-alarme.ch\/de\/ueber\/","title":{"rendered":"\u00dcber"},"content":{"rendered":"\n\n  <div class=\"banner has-hover has-parallax\" id=\"banner-1273189262\">\n          <div class=\"banner-inner fill\">\n        <div class=\"banner-bg fill\" data-parallax=\"-3\" data-parallax-container=\".banner\" data-parallax-background>\n            <img loading=\"lazy\" decoding=\"async\" width=\"1000\" height=\"650\" src=\"https:\/\/ajax-alarme.ch\/wp-content\/uploads\/2016\/08\/dummy-2.jpg\" class=\"bg attachment-large size-large\" alt=\"\" \/>                        <div class=\"overlay\"><\/div>            \n                    <\/div>\n\t\t\n        <div class=\"banner-layers container\">\n            <div class=\"fill banner-link\"><\/div>            \n\n   <div id=\"text-box-509589956\" class=\"text-box banner-layer x50 md-x50 lg-x50 y80 md-y80 lg-y80 res-text\">\n                                <div class=\"text-box-content text dark\">\n              \n              <div class=\"text-inner text-center\">\n                  \n\n<h1 class=\"lead\">\u00dcber uns<\/h1>\n<p>AJAX-ALARME mit Sitz in Genf, Lausanne, Morges, Montreux und Gstaad ist seit 1998 im Sicherheitsbereich t\u00e4tig.<\/p>\n<p>Unsere Philosophie :<br>Bereitstellung von L\u00f6sungen f\u00fcr unsere Kunden, die auf ihre Bed\u00fcrfnisse zugeschnitten sind,<br>indem sie ihnen das gesamte Fachwissen \u00fcber Sicherheitstechnologien zur Verf\u00fcgung stellen.<\/p>\n<p>Die Zusammenarbeit mit AJAX-ALARME bedeutet eine gute Beratung, eine pers\u00f6nliche Analyse und die Garantie, ein zuverl\u00e4ssiges System zu erhalten.<\/p>\n\n              <\/div>\n           <\/div>\n                            \n<style>\n#text-box-509589956 {\n  width: 60%;\n}\n#text-box-509589956 .text-box-content {\n  font-size: 100%;\n}\n<\/style>\n    <\/div>\n \n\n        <\/div>\n      <\/div>\n\n            \n<style>\n#banner-1273189262 {\n  padding-top: 507px;\n}\n#banner-1273189262 .overlay {\n  background-color: rgba(0, 0, 0, 0.49);\n}\n<\/style>\n  <\/div>\n\n\n<div class=\"row\"  id=\"row-1242577095\">\n\n\n\t<div id=\"col-1213623905\" class=\"col small-12 large-12\"  >\n\t\t\t\t<div class=\"col-inner\"  >\n\t\t\t\n\t\t\t\n\n<p class=\"lead text-center\"><span style=\"font-size: 110%;\"><strong>VERKAUF &amp; INSTALLATION VON ALARMANLAGEN<\/strong><\/span><br><span style=\"font-size: 110%;\"><strong>SICHERN SIE IHRE WOHNUNG, OHNE MONATLICHE ZAHLUNGEN.<\/strong><\/span><\/p>\n<div class=\"text-center\"><div class=\"is-divider divider clearfix\" ><\/div><\/div>\n\n\n\t\t<\/div>\n\t\t\t\t\t<\/div>\n\n\t\n\n\t<div id=\"col-1949587933\" class=\"col medium-3 small-12 large-3\"  >\n\t\t\t\t<div class=\"col-inner\"  >\n\t\t\t\n\t\t\t\n\n\n\t\t<div class=\"icon-box featured-box icon-box-top text-left\"  >\n\t\t\t\t\t<div class=\"icon-box-img\" style=\"width: 60px\">\n\t\t\t\t<div class=\"icon\">\n\t\t\t\t\t<div class=\"icon-inner\" >\n\t\t\t\t\t\t<img loading=\"lazy\" decoding=\"async\" width=\"400\" height=\"400\" src=\"https:\/\/ajax-alarme.ch\/wp-content\/uploads\/2020\/11\/medal-400x400.png\" class=\"attachment-medium size-medium\" alt=\"\" srcset=\"https:\/\/ajax-alarme.ch\/wp-content\/uploads\/2020\/11\/medal-400x400.png 400w, https:\/\/ajax-alarme.ch\/wp-content\/uploads\/2020\/11\/medal-247x247.png 247w, https:\/\/ajax-alarme.ch\/wp-content\/uploads\/2020\/11\/medal-100x100.png 100w, https:\/\/ajax-alarme.ch\/wp-content\/uploads\/2020\/11\/medal-510x510.png 510w, https:\/\/ajax-alarme.ch\/wp-content\/uploads\/2020\/11\/medal-280x280.png 280w, https:\/\/ajax-alarme.ch\/wp-content\/uploads\/2020\/11\/medal-300x300.png 300w, https:\/\/ajax-alarme.ch\/wp-content\/uploads\/2020\/11\/medal.png 512w\" sizes=\"auto, (max-width: 400px) 100vw, 400px\" \/>\t\t\t\t\t<\/div>\n\t\t\t\t<\/div>\n\t\t\t<\/div>\n\t\t\t\t<div class=\"icon-box-text last-reset\">\n\t\t\t\t\t\t\t\t\t\n\n<h3>22 JAHRE ERFAHRUNG<\/h3>\n<p>Erfahrung ist durch nichts zu ersetzen. Wir sind seit 2002 aktiv und haben heute mehr als 2.000 Kunden unter&nbsp;Schweiz.<\/p>\n\n\n\t\t<\/div>\n\t<\/div>\n\t\n\t\n\n\t\t<\/div>\n\t\t\t\t\t<\/div>\n\n\t\n\n\t<div id=\"col-401233529\" class=\"col medium-3 small-12 large-3\"  >\n\t\t\t\t<div class=\"col-inner\"  >\n\t\t\t\n\t\t\t\n\n\n\t\t<div class=\"icon-box featured-box icon-box-top text-left\"  >\n\t\t\t\t\t<div class=\"icon-box-img\" style=\"width: 60px\">\n\t\t\t\t<div class=\"icon\">\n\t\t\t\t\t<div class=\"icon-inner\" >\n\t\t\t\t\t\t<img loading=\"lazy\" decoding=\"async\" width=\"400\" height=\"400\" src=\"https:\/\/ajax-alarme.ch\/wp-content\/uploads\/2020\/11\/medal-400x400.png\" class=\"attachment-medium size-medium\" alt=\"\" srcset=\"https:\/\/ajax-alarme.ch\/wp-content\/uploads\/2020\/11\/medal-400x400.png 400w, https:\/\/ajax-alarme.ch\/wp-content\/uploads\/2020\/11\/medal-247x247.png 247w, https:\/\/ajax-alarme.ch\/wp-content\/uploads\/2020\/11\/medal-100x100.png 100w, https:\/\/ajax-alarme.ch\/wp-content\/uploads\/2020\/11\/medal-510x510.png 510w, https:\/\/ajax-alarme.ch\/wp-content\/uploads\/2020\/11\/medal-280x280.png 280w, https:\/\/ajax-alarme.ch\/wp-content\/uploads\/2020\/11\/medal-300x300.png 300w, https:\/\/ajax-alarme.ch\/wp-content\/uploads\/2020\/11\/medal.png 512w\" sizes=\"auto, (max-width: 400px) 100vw, 400px\" \/>\t\t\t\t\t<\/div>\n\t\t\t\t<\/div>\n\t\t\t<\/div>\n\t\t\t\t<div class=\"icon-box-text last-reset\">\n\t\t\t\t\t\t\t\t\t\n\n<h3>ZERTIFIZIERTE MITARBEITER<\/h3>\n<p>Alle unsere Mitarbeiterinnen und Mitarbeiter sind Elektrikerinnen und Elektriker oder Elektronikerinnen und Elektroniker, und sie sind f\u00fcr jedes unserer Produkte zertifiziert. Sie verf\u00fcgen \u00fcber ein leeres Strafregister.<\/p>\n\n\t\t<\/div>\n\t<\/div>\n\t\n\t\n\n\t\t<\/div>\n\t\t\t\t\t<\/div>\n\n\t\n\n\t<div id=\"col-1850263608\" class=\"col medium-3 small-12 large-3\"  >\n\t\t\t\t<div class=\"col-inner\"  >\n\t\t\t\n\t\t\t\n\n\n\t\t<div class=\"icon-box featured-box icon-box-top text-left\"  >\n\t\t\t\t\t<div class=\"icon-box-img\" style=\"width: 60px\">\n\t\t\t\t<div class=\"icon\">\n\t\t\t\t\t<div class=\"icon-inner\" >\n\t\t\t\t\t\t<img loading=\"lazy\" decoding=\"async\" width=\"400\" height=\"400\" src=\"https:\/\/ajax-alarme.ch\/wp-content\/uploads\/2020\/11\/medal-400x400.png\" class=\"attachment-medium size-medium\" alt=\"\" srcset=\"https:\/\/ajax-alarme.ch\/wp-content\/uploads\/2020\/11\/medal-400x400.png 400w, https:\/\/ajax-alarme.ch\/wp-content\/uploads\/2020\/11\/medal-247x247.png 247w, https:\/\/ajax-alarme.ch\/wp-content\/uploads\/2020\/11\/medal-100x100.png 100w, https:\/\/ajax-alarme.ch\/wp-content\/uploads\/2020\/11\/medal-510x510.png 510w, https:\/\/ajax-alarme.ch\/wp-content\/uploads\/2020\/11\/medal-280x280.png 280w, https:\/\/ajax-alarme.ch\/wp-content\/uploads\/2020\/11\/medal-300x300.png 300w, https:\/\/ajax-alarme.ch\/wp-content\/uploads\/2020\/11\/medal.png 512w\" sizes=\"auto, (max-width: 400px) 100vw, 400px\" \/>\t\t\t\t\t<\/div>\n\t\t\t\t<\/div>\n\t\t\t<\/div>\n\t\t\t\t<div class=\"icon-box-text last-reset\">\n\t\t\t\t\t\t\t\t\t\n\n<h3>EINFACHE UND EFFEKTIVE L\u00d6SUNGEN<\/h3>\n<p>Wir verkaufen nur einfache L\u00f6sungen&nbsp;, die nachweislich wirksam sind. Mit der Sicherheit ist nicht zu spa\u00dfen.<\/p>\n\n\t\t<\/div>\n\t<\/div>\n\t\n\t\n\n\t\t<\/div>\n\t\t\t\t\t<\/div>\n\n\t\n\n\t<div id=\"col-312818217\" class=\"col medium-3 small-12 large-3\"  >\n\t\t\t\t<div class=\"col-inner\"  >\n\t\t\t\n\t\t\t\n\n\n\t\t<div class=\"icon-box featured-box icon-box-top text-left\"  >\n\t\t\t\t\t<div class=\"icon-box-img\" style=\"width: 60px\">\n\t\t\t\t<div class=\"icon\">\n\t\t\t\t\t<div class=\"icon-inner\" >\n\t\t\t\t\t\t<img loading=\"lazy\" decoding=\"async\" width=\"400\" height=\"400\" src=\"https:\/\/ajax-alarme.ch\/wp-content\/uploads\/2020\/11\/medal-400x400.png\" class=\"attachment-medium size-medium\" alt=\"\" srcset=\"https:\/\/ajax-alarme.ch\/wp-content\/uploads\/2020\/11\/medal-400x400.png 400w, https:\/\/ajax-alarme.ch\/wp-content\/uploads\/2020\/11\/medal-247x247.png 247w, https:\/\/ajax-alarme.ch\/wp-content\/uploads\/2020\/11\/medal-100x100.png 100w, https:\/\/ajax-alarme.ch\/wp-content\/uploads\/2020\/11\/medal-510x510.png 510w, https:\/\/ajax-alarme.ch\/wp-content\/uploads\/2020\/11\/medal-280x280.png 280w, https:\/\/ajax-alarme.ch\/wp-content\/uploads\/2020\/11\/medal-300x300.png 300w, https:\/\/ajax-alarme.ch\/wp-content\/uploads\/2020\/11\/medal.png 512w\" sizes=\"auto, (max-width: 400px) 100vw, 400px\" \/>\t\t\t\t\t<\/div>\n\t\t\t\t<\/div>\n\t\t\t<\/div>\n\t\t\t\t<div class=\"icon-box-text last-reset\">\n\t\t\t\t\t\t\t\t\t\n\n<h3>REAKTIONSSCHNELLER KUNDENDIENST<\/h3>\n<p>Ein Problem mit der Einstellung? Fragen zur Verwendung?&nbsp;Unser Kundendienst ist reaktiv und verf\u00fcgbar.<\/p>\n\n\t\t<\/div>\n\t<\/div>\n\t\n\t\n\n\t\t<\/div>\n\t\t\t\t\t<\/div>\n\n\t\n\n<\/div>\n\n","protected":false},"excerpt":{"rendered":"","protected":false},"author":3,"featured_media":1920,"parent":0,"menu_order":0,"comment_status":"closed","ping_status":"closed","template":"page-blank-title-center.php","meta":{"footnotes":""},"class_list":["post-3146","page","type-page","status-publish","has-post-thumbnail","hentry"],"_links":{"self":[{"href":"https:\/\/ajax-alarme.ch\/de\/wp-json\/wp\/v2\/pages\/3146","targetHints":{"allow":["GET"]}}],"collection":[{"href":"https:\/\/ajax-alarme.ch\/de\/wp-json\/wp\/v2\/pages"}],"about":[{"href":"https:\/\/ajax-alarme.ch\/de\/wp-json\/wp\/v2\/types\/page"}],"author":[{"embeddable":true,"href":"https:\/\/ajax-alarme.ch\/de\/wp-json\/wp\/v2\/users\/3"}],"replies":[{"embeddable":true,"href":"https:\/\/ajax-alarme.ch\/de\/wp-json\/wp\/v2\/comments?post=3146"}],"version-history":[{"count":5,"href":"https:\/\/ajax-alarme.ch\/de\/wp-json\/wp\/v2\/pages\/3146\/revisions"}],"predecessor-version":[{"id":6066,"href":"https:\/\/ajax-alarme.ch\/de\/wp-json\/wp\/v2\/pages\/3146\/revisions\/6066"}],"wp:featuredmedia":[{"embeddable":true,"href":"https:\/\/ajax-alarme.ch\/de\/wp-json\/wp\/v2\/media\/1920"}],"wp:attachment":[{"href":"https:\/\/ajax-alarme.ch\/de\/wp-json\/wp\/v2\/media?parent=3146"}],"curies":[{"name":"wp","href":"https:\/\/api.w.org\/{rel}","templated":true}]}}